{"id":4114,"date":"2021-09-14T08:53:33","date_gmt":"2021-09-14T08:53:33","guid":{"rendered":"https:\/\/primeaviator.com\/shopping\/?post_type=product&#038;p=4114"},"modified":"2025-08-26T08:30:27","modified_gmt":"2025-08-26T08:30:27","slug":"verlaengerung","status":"publish","type":"product","link":"https:\/\/primeaviator.com\/shopping\/produkt\/verlaengerung\/","title":{"rendered":"Ticket-Verl\u00e4ngerung 2026"},"content":{"rendered":"","protected":false},"excerpt":{"rendered":"<p>Sie haben aus beruflichen oder privaten Gr\u00fcnden noch keinen f\u00fcr Sie passenden Termin gefunden ? Kein Problem, wir haben die L\u00f6sung f\u00fcr Sie. Wenn Sie einen Gutschein eines Dritt-Anbieter (Jochen Schweizer, MyDays, GROUPON, DeinDeal) erfolgreich gegen eines unserer Tickets getauscht haben, bieten wir Ihnen die M\u00f6glichkeit die G\u00fcltigkeit des Tickets bis zum 30.11.2026 zu verl\u00e4ngern. So k\u00f6nnen Sie entspannt im Jahr 2025 einen f\u00fcr Sie passenden Termin finden. Mit wenigen Klicks erhalten Sie die G\u00fcltigkeit Ihres Tickets und haben Zeit im neuen j\u00e4hr einen unglaublichen Flug zu erleben<\/p>\n<p>Die G\u00fcltigkeit kann nur einmal verl\u00e4ngert werden. Das Ticket berechtig weiterhin nur zum Flug zu den bestehenden Konditionen. Zuzahlungen oder Stornofristen bleiben unber\u00fchrt. Als Standort f\u00fcr verl\u00e4ngerte Tickets kommt nur Bonn-Hangelar in Frage. Andere Standorte k\u00f6nnen nicht garantiert werden. Sollten an anderen Standorten Kapazit\u00e4ten frei sein, kann u.U. ebenfalls dort gebucht werden.<\/p>\n","protected":false},"featured_media":4115,"template":"","meta":{"_et_pb_use_builder":"","_et_pb_old_content":"","_et_gb_content_width":"","jetpack_post_was_ever_published":false,"jetpack_publicize_message":"","jetpack_publicize_feature_enabled":true,"jetpack_social_post_already_shared":true,"jetpack_social_options":{"image_generator_settings":{"template":"highway","default_image_id":0,"font":"","enabled":false},"version":2}},"product_brand":[],"product_cat":[320],"product_tag":[],"class_list":{"0":"post-4114","1":"product","2":"type-product","3":"status-publish","4":"has-post-thumbnail","6":"product_cat-uncategorized","8":"first","9":"instock","10":"taxable","11":"shipping-taxable","12":"purchasable","13":"product-type-simple"},"jetpack_publicize_connections":[],"jetpack_sharing_enabled":true,"_links":{"self":[{"href":"https:\/\/primeaviator.com\/shopping\/wp-json\/wp\/v2\/product\/4114","targetHints":{"allow":["GET"]}}],"collection":[{"href":"https:\/\/primeaviator.com\/shopping\/wp-json\/wp\/v2\/product"}],"about":[{"href":"https:\/\/primeaviator.com\/shopping\/wp-json\/wp\/v2\/types\/product"}],"wp:featuredmedia":[{"embeddable":true,"href":"https:\/\/primeaviator.com\/shopping\/wp-json\/wp\/v2\/media\/4115"}],"wp:attachment":[{"href":"https:\/\/primeaviator.com\/shopping\/wp-json\/wp\/v2\/media?parent=4114"}],"wp:term":[{"taxonomy":"product_brand","embeddable":true,"href":"https:\/\/primeaviator.com\/shopping\/wp-json\/wp\/v2\/product_brand?post=4114"},{"taxonomy":"product_cat","embeddable":true,"href":"https:\/\/primeaviator.com\/shopping\/wp-json\/wp\/v2\/product_cat?post=4114"},{"taxonomy":"product_tag","embeddable":true,"href":"https:\/\/primeaviator.com\/shopping\/wp-json\/wp\/v2\/product_tag?post=4114"}],"curies":[{"name":"wp","href":"https:\/\/api.w.org\/{rel}","templated":true}]}}