{"id":2511,"date":"2017-11-12T21:30:04","date_gmt":"2017-11-12T21:30:04","guid":{"rendered":"https:\/\/primeaviator.com\/?post_type=product&#038;p=2511"},"modified":"2026-04-13T14:46:50","modified_gmt":"2026-04-13T14:46:50","slug":"zusaetzliche-flugzeit","status":"publish","type":"product","link":"https:\/\/primeaviator.com\/shopping\/produkt\/zusaetzliche-flugzeit\/","title":{"rendered":"Selber-Fliegen \/ 10 Min. Zus\u00e4tzliche Flugzeit"},"content":{"rendered":"<p><span style=\"color: #000000;\"><strong>Leistung:<\/strong><\/span><\/p>\n<ul>\n<li><span style=\"color: #000000;\">zus\u00e4tzlich zu Ihrer bereits gebuchten Flugzeit erhalten Sie <strong><span style=\"color: #000080;\">10 Minuten zus\u00e4tzliche Flugzeit<\/span><\/strong><\/span><\/li>\n<li><span style=\"color: #000000;\">die Einweisungszeit wird sich ebenfalls verl\u00e4ngern (bitte beachten Sie dies bei Ihrer Planung)<\/span><\/li>\n<\/ul>\n<p><span style=\"color: #000000;\"><strong>Optionen:<\/strong><\/span><\/p>\n<ul>\n<li><span style=\"color: #000000;\">es k\u00f6nnen\u00a0mehrere Verl\u00e4ngerungsoptionen mit einem Gutschein kombiniert werden<\/span><\/li>\n<\/ul>\n<p><span style=\"color: #000000;\"><strong>Vorraussetzungen:<\/strong><\/span><\/p>\n<ul>\n<li><span style=\"color: #000000;\">Sie\u00a0haben bereits einen g\u00fcltige Gutschein bei uns\u00a0oder einem unserer Partner erworben<\/span><\/li>\n<li><span style=\"color: #000000;\">Wir empfehlen eine maximale Flugzeit von 60 Minuten nicht zu \u00fcberschreiten<\/span><\/li>\n<li><span style=\"color: #000000;\">Es gelten die Teilnahmevoraussetzungen des zu Grunde liegenden Gutscheins<\/span><\/li>\n<li><span style=\"color: #000000;\">Es gelten die Stornostaffeln des zu Grunde liegenden Gutscheins<\/span><\/li>\n<\/ul>\n<p><span style=\"color: #000000;\">(dies ist nur ein Auszug der Teilnahmevoraussetzungen. Die gesamten\u00a0<a href=\"https:\/\/primeaviator.com\/voraussetzungen\/\">Teilnahmevoraussetzungen<\/a>\u00a0finden Sie auf unserer Homepage)<\/span><\/p>\n<p><span style=\"color: #000000;\"><strong>Teilnehmer- und Begleiteranzahl:<\/strong><\/span><\/p>\n<ul>\n<li><span style=\"color: #000000;\">Teilnehmer: 1<\/span><\/li>\n<li><span style=\"color: #000000;\">Begleitung: max. 10 Personen am Flugplatz max. 3 Personen beim Boarding<\/span><\/li>\n<\/ul>\n<p><span style=\"color: #000000;\"><strong>Keine Durchf\u00fchrbarkeit bei folgenden meteorologischen Gegebenheiten:<\/strong><\/span><\/p>\n<ul>\n<li><span style=\"color: #000000;\">Gewitter<\/span><\/li>\n<li><span style=\"color: #000000;\">Starker Seiten-Wind<\/span><\/li>\n<li><span style=\"color: #000000;\">Starker Regen<\/span><\/li>\n<li><span style=\"color: #000000;\">Schneefall<\/span><\/li>\n<li><span style=\"color: #000000;\">Vereisung<\/span><\/li>\n<\/ul>\n<p><span style=\"color: #000000;\"><strong>Terminvergabe:<\/strong><\/span><\/p>\n<ul>\n<li><span style=\"color: #000000;\">Die Saison f\u00fcr dieses Event liegt zwischen Ende Februar und Anfang November<\/span><\/li>\n<li><span style=\"color: #000000;\">Termine k\u00f6nnen \u00fcber info(x)primeaviator.com gebucht werden<\/span><\/li>\n<\/ul>\n<p><span style=\"color: #000000;\"><strong>Versand:<\/strong><\/span><\/p>\n<ul>\n<li><span style=\"color: #000000;\">Der Versand erfolgt kostenlos nach Zahlungseingang bis 17:00 Uhr werktags per Deutsche Post.\u00a0<\/span><\/li>\n<\/ul>\n<p>&nbsp;<\/p>\n","protected":false},"excerpt":{"rendered":"<p>Erleben Sie was es bedeutet selber zu fliegen. In Begleitung eines erfahrenen Fluglehrers heben Sie mit unserem hochleistungs Trainingsflugzeug BS100 ab. Sie erhalten ein umfangreiches Pre-Flight-Briefing und eine Sicherheitseinweisung vor dem Flug. Dann steigen vorne im Cockpit ein um zu einem unvergesslichen Erlebnis zu starten.<\/p>\n<p>Nach dem Abheben erreichen Sie binnen weniger Minuten den \u00dcbungsraum. Es geht \u00fcber die malerischen Landschaften zwischen Bremen und Oldenburg. Dort leitet Sie Ihr Fluglehrer durch alle Man\u00f6ver. Wie angehende Piloten werden Sie St\u00fcck f\u00fcr St\u00fcck komplexe Flugbewegungen ausf\u00fchren. Ihr Fluglehrer unterst\u00fctzt, fordert Sie und bringt Sie sicher wieder zur\u00fcck.<\/p>\n","protected":false},"featured_media":2177,"template":"","meta":{"_et_pb_use_builder":"","_et_pb_old_content":"","_et_gb_content_width":"","jetpack_post_was_ever_published":false,"jetpack_publicize_message":"","jetpack_publicize_feature_enabled":true,"jetpack_social_post_already_shared":true,"jetpack_social_options":{"image_generator_settings":{"template":"highway","default_image_id":0,"font":"","enabled":false},"version":2}},"product_brand":[],"product_cat":[319],"product_tag":[32,33,34,27,28,29],"class_list":{"0":"post-2511","1":"product","2":"type-product","3":"status-publish","4":"has-post-thumbnail","6":"product_cat-zusaetzliche-flugzeit","7":"product_tag-action","8":"product_tag-geschenk","9":"product_tag-erlebnis","10":"product_tag-fliegen","11":"product_tag-gutschein","12":"product_tag-selber-fliegen","14":"first","15":"instock","16":"virtual","17":"taxable","18":"purchasable","19":"product-type-simple"},"jetpack_publicize_connections":[],"jetpack_sharing_enabled":true,"_links":{"self":[{"href":"https:\/\/primeaviator.com\/shopping\/wp-json\/wp\/v2\/product\/2511","targetHints":{"allow":["GET"]}}],"collection":[{"href":"https:\/\/primeaviator.com\/shopping\/wp-json\/wp\/v2\/product"}],"about":[{"href":"https:\/\/primeaviator.com\/shopping\/wp-json\/wp\/v2\/types\/product"}],"wp:featuredmedia":[{"embeddable":true,"href":"https:\/\/primeaviator.com\/shopping\/wp-json\/wp\/v2\/media\/2177"}],"wp:attachment":[{"href":"https:\/\/primeaviator.com\/shopping\/wp-json\/wp\/v2\/media?parent=2511"}],"wp:term":[{"taxonomy":"product_brand","embeddable":true,"href":"https:\/\/primeaviator.com\/shopping\/wp-json\/wp\/v2\/product_brand?post=2511"},{"taxonomy":"product_cat","embeddable":true,"href":"https:\/\/primeaviator.com\/shopping\/wp-json\/wp\/v2\/product_cat?post=2511"},{"taxonomy":"product_tag","embeddable":true,"href":"https:\/\/primeaviator.com\/shopping\/wp-json\/wp\/v2\/product_tag?post=2511"}],"curies":[{"name":"wp","href":"https:\/\/api.w.org\/{rel}","templated":true}]}}