{"id":2059,"date":"2017-10-23T15:35:33","date_gmt":"2017-10-23T15:35:33","guid":{"rendered":"https:\/\/primeaviator.com\/?post_type=product&#038;p=2059"},"modified":"2025-11-05T17:02:11","modified_gmt":"2025-11-05T17:02:11","slug":"hd-on-board-video","status":"publish","type":"product","link":"https:\/\/primeaviator.com\/shopping\/produkt\/hd-on-board-video\/","title":{"rendered":"HD On-Board Video"},"content":{"rendered":"<p><span style=\"color: #000000;\">Lassen Sie sich Ihren Flug professionell in Bild und Ton mitschneiden. Das Video bietet Ihnen neben einer ausgezeichneten Bildqualit\u00e4t auch die Audioschnittstelle zum sogenannten Intercom. So wird die gesamte Kommunikation an Board und der Flugfunk mit aufgezeichnet.<\/span><\/p>\n<p><span style=\"color: #000000;\">Das Video wird Ihnen direkt nach dem Flug auf einer Micro SD mit Adapter bereitgestellt. So k\u00f6nnen Sie das Video sofort auf Ihrem Smartphone oder auf dem heimischen Fernseher ansehen.<\/span><\/p>\n<p><span style=\"color: #000000;\">Die Kamera ist fest im Flugzeug verbaut und somit auch crashsicher. Das Mitf\u00fchren von Smartphones oder anderen Kameras ist aus Sicherheitsgr\u00fcnden im Cockpit nicht gestattet.<\/span><\/p>\n<p><span style=\"color: #999999;\">Aus rechtlichen Gr\u00fcnden ist eine Ver\u00f6ffentlichung im Internet oder eine sonstige Ver\u00f6ffentlichung au\u00dferhalb der privaten Nutzung nicht gestattet,<\/span><\/p>\n","protected":false},"excerpt":{"rendered":"<p><span style=\"color: #000000;\">Mit einem HD Cockpit-Videos\u00a0erleben Sie den Flug zu Hause nochmals. Die Kamera zeichnet Ihren gesamten Flug auf und dokumentiert Ihr Erlebnis mit jedem Detail in HD.<\/span><\/p>\n<p><span style=\"color: #000000;\">Teilen Sie Ihr\u00a0Erlebnis nach dem unvergesslichen Flug mit Freunden und Familie.<\/span><\/p>\n<p><span style=\"color: #000000;\">Auf Grund der gro\u00dfen Datenmenge erhalten Sie mit jeder Video-Option passende Speicherkarte mit Adapter. So haben Sie Ihr Erlebnis sofort Verf\u00fcgbar und verzichten auf lange Downloadzeiten.<\/span><\/p>\n","protected":false},"featured_media":1540,"template":"","meta":{"_et_pb_use_builder":"","_et_pb_old_content":"","_et_gb_content_width":"","jetpack_post_was_ever_published":false,"jetpack_publicize_message":"","jetpack_publicize_feature_enabled":true,"jetpack_social_post_already_shared":true,"jetpack_social_options":{"image_generator_settings":{"template":"highway","default_image_id":0,"font":"","enabled":false},"version":2}},"product_brand":[],"product_cat":[318],"product_tag":[],"class_list":{"0":"post-2059","1":"product","2":"type-product","3":"status-publish","4":"has-post-thumbnail","6":"product_cat-film","8":"first","9":"instock","10":"taxable","11":"shipping-taxable","12":"purchasable","13":"product-type-simple"},"jetpack_publicize_connections":[],"jetpack_sharing_enabled":true,"_links":{"self":[{"href":"https:\/\/primeaviator.com\/shopping\/wp-json\/wp\/v2\/product\/2059","targetHints":{"allow":["GET"]}}],"collection":[{"href":"https:\/\/primeaviator.com\/shopping\/wp-json\/wp\/v2\/product"}],"about":[{"href":"https:\/\/primeaviator.com\/shopping\/wp-json\/wp\/v2\/types\/product"}],"wp:featuredmedia":[{"embeddable":true,"href":"https:\/\/primeaviator.com\/shopping\/wp-json\/wp\/v2\/media\/1540"}],"wp:attachment":[{"href":"https:\/\/primeaviator.com\/shopping\/wp-json\/wp\/v2\/media?parent=2059"}],"wp:term":[{"taxonomy":"product_brand","embeddable":true,"href":"https:\/\/primeaviator.com\/shopping\/wp-json\/wp\/v2\/product_brand?post=2059"},{"taxonomy":"product_cat","embeddable":true,"href":"https:\/\/primeaviator.com\/shopping\/wp-json\/wp\/v2\/product_cat?post=2059"},{"taxonomy":"product_tag","embeddable":true,"href":"https:\/\/primeaviator.com\/shopping\/wp-json\/wp\/v2\/product_tag?post=2059"}],"curies":[{"name":"wp","href":"https:\/\/api.w.org\/{rel}","templated":true}]}}