{"id":2051,"date":"2017-10-23T14:54:25","date_gmt":"2017-10-23T14:54:25","guid":{"rendered":"https:\/\/primeaviator.com\/?post_type=product&#038;p=2051"},"modified":"2022-07-19T09:53:01","modified_gmt":"2022-07-19T09:53:01","slug":"selberfliegen-stuttgart","status":"publish","type":"product","link":"https:\/\/primeaviator.com\/shopping\/produkt\/selberfliegen-stuttgart\/","title":{"rendered":"Selber-Fliegen \/ Stuttgart \/ 60min Gesamtdauer"},"content":{"rendered":"<blockquote><p><span style=\"color: #000000;\"><strong>Leistung:<\/strong><\/span><\/p><\/blockquote>\n<ul>\n<li><span style=\"color: #000000;\">Umfangreiches Pre-Flight-Briefing und Sicherheitseinweisung in das Flugzeug sowie das Cockpit<\/span><\/li>\n<li><span style=\"color: #000000;\">individuelle Flugplanung<\/span><\/li>\n<li><span style=\"color: #000000;\">Begleiter des Teilnehmers k\u00f6nnen in Stuttgart mit zum Boarding und Bilder machen<\/span><\/li>\n<li><span style=\"color: #000000;\">Besprechung des gesamten Man\u00f6verablaufs<\/span><\/li>\n<li><span style=\"color: #000000;\">30 Minuten Selber-Fliegen in einer Blackshape BS100 unter Anleitung eines erfahrenen Piloten<\/span><\/li>\n<li><span style=\"color: #000000;\">Besprechung nach dem Flug inklusive Fluganalyse und Man\u00f6verauswertung<\/span><\/li>\n<\/ul>\n<p><span style=\"color: #000000;\"><strong>Optionen:<\/strong><\/span><\/p>\n<ul>\n<li><span style=\"color: #000000;\">Vor Ort k\u00f6nnen Sie noch ein HD-Video des Fluges f\u00fcr 29,00\u20ac dazu buchen<\/span><\/li>\n<\/ul>\n<p><span style=\"color: #000000;\"><strong>Vorraussetzungen:<\/strong><\/span><\/p>\n<ul>\n<li><span style=\"color: #000000;\">Mindestalter: 18 Jahre (Personen unter 18 Jahren nur mit schriftlicher Einverst\u00e4ndniserkl\u00e4rung der Erziehungsberechtigten)<\/span><\/li>\n<li><span style=\"color: #000000;\">Maximalgr\u00f6\u00dfe: 2,00 m<\/span><\/li>\n<li><span style=\"color: #000000;\">Maximalgewicht: 100 kg<\/span><\/li>\n<li><span style=\"color: #000000;\">Guter Gesundheitszustand<\/span><\/li>\n<li><span style=\"color: #000000;\">Keine k\u00f6rperlichen und geistigen Behinderungen<\/span><\/li>\n<\/ul>\n<p><span style=\"color: #000000;\">(dies ist nur ein Auszug der Teilnahmevoraussetzungen. Die gesamten\u00a0<a href=\"https:\/\/primeaviator.com\/voraussetzungen\/\">Teilnahmevoraussetzungen<\/a>\u00a0finden Sie auf unserer Homepage)<\/span><\/p>\n<p><span style=\"color: #000000;\"><strong>Teilnehmer- und Begleiteranzahl:<\/strong><\/span><\/p>\n<ul>\n<li><span style=\"color: #000000;\">Teilnehmer: 1<\/span><\/li>\n<li><span style=\"color: #000000;\">Begleitung: max. 10 Personen am Flugplatz max. 3 Personen beim Boarding<\/span><\/li>\n<\/ul>\n<p><span style=\"color: #000000;\"><strong>Keine Durchf\u00fchrbarkeit bei folgenden meteorologischen Gegebenheiten:<\/strong><\/span><\/p>\n<ul>\n<li><span style=\"color: #000000;\">Gewitter<\/span><\/li>\n<li><span style=\"color: #000000;\">Starker Seiten-Wind<\/span><\/li>\n<li><span style=\"color: #000000;\">Starker Regen<\/span><\/li>\n<li><span style=\"color: #000000;\">Schneefall<\/span><\/li>\n<li><span style=\"color: #000000;\">Vereisung<\/span><\/li>\n<\/ul>\n<p><span style=\"color: #000000;\"><strong>Terminvergabe:<\/strong><\/span><\/p>\n<ul>\n<li><span style=\"color: #000000;\">Die Saison f\u00fcr dieses Event liegt zwischen Ende Februar und Anfang November<\/span><\/li>\n<li><span style=\"color: #000000;\">Termine k\u00f6nnen \u00fcber info(x)primeaviator.com gebucht werden<\/span><\/li>\n<\/ul>\n<p><span style=\"color: #000000;\"><strong>Versand:<\/strong><\/span><\/p>\n<ul>\n<li><span style=\"color: #000000;\">Der Versand erfolgt kostenlos nach Zahlungseingang bis 17:00 Uhr werktags per Deutsche Post.\u00a0<\/span><\/li>\n<\/ul>\n","protected":false},"excerpt":{"rendered":"<p>Erleben Sie was es bedeutet selber zu fliegen. In Begleitung eines erfahrenen Fluglehrers heben Sie mit unserem hochleistungs Trainingsflugzeug BS100 in Stuttgart-Heubach ab. Sie erhalten ein umfangreiches Pre-Flight-Briefing und eine Sicherheitseinweisung vor dem Flug. Dann steigen vorn im Cockpit ein um zu einem unvergesslichen Erlebnis zu starten.<\/p>\n<p>Nach dem Abheben erreichen Sie binnen weniger Minuten den \u00dcbungsraum. Es geht \u00fcber die malerischen Landschaften zwischen Heubach und Schw\u00e4bisch-Gm\u00fcnd. Dort leitet Sie Ihr Fluglehrer durch alle Man\u00f6ver. Wie angehende Piloten werden Sie St\u00fcck f\u00fcr St\u00fcck komplexe Flugbewegungen ausf\u00fchren. Ihr Fluglehrer unterst\u00fctzt, fordert Sie und bringt Sie sicher wieder zur\u00fcck.<\/p>\n<p>Der Flugplatz in Heubach ist gut mit dem Auto zu erreichen. Vor Ort haben Sie aus dem Restaurant am Flugplatz einen perfekten Blick auf den Start und die Landung. Parkpl\u00e4tze sind vor Ort kostenfrei zu nutzen.<\/p>\n","protected":false},"featured_media":2138,"template":"","meta":{"_et_pb_use_builder":"","_et_pb_old_content":"","_et_gb_content_width":"","jetpack_post_was_ever_published":false,"jetpack_publicize_message":"","jetpack_publicize_feature_enabled":true,"jetpack_social_post_already_shared":true,"jetpack_social_options":{"image_generator_settings":{"template":"highway","default_image_id":0,"font":"","enabled":false},"version":2}},"product_brand":[],"product_cat":[25],"product_tag":[38,27,28,29,32,33,34,37],"class_list":{"0":"post-2051","1":"product","2":"type-product","3":"status-publish","4":"has-post-thumbnail","6":"product_cat-erlebnisse60min","7":"product_tag-muenchen","8":"product_tag-fliegen","9":"product_tag-gutschein","10":"product_tag-selber-fliegen","11":"product_tag-action","12":"product_tag-geschenk","13":"product_tag-erlebnis","14":"product_tag-stuttgart","16":"first","17":"outofstock","18":"taxable","19":"shipping-taxable","20":"purchasable","21":"product-type-simple"},"jetpack_publicize_connections":[],"jetpack_sharing_enabled":true,"_links":{"self":[{"href":"https:\/\/primeaviator.com\/shopping\/wp-json\/wp\/v2\/product\/2051","targetHints":{"allow":["GET"]}}],"collection":[{"href":"https:\/\/primeaviator.com\/shopping\/wp-json\/wp\/v2\/product"}],"about":[{"href":"https:\/\/primeaviator.com\/shopping\/wp-json\/wp\/v2\/types\/product"}],"wp:featuredmedia":[{"embeddable":true,"href":"https:\/\/primeaviator.com\/shopping\/wp-json\/wp\/v2\/media\/2138"}],"wp:attachment":[{"href":"https:\/\/primeaviator.com\/shopping\/wp-json\/wp\/v2\/media?parent=2051"}],"wp:term":[{"taxonomy":"product_brand","embeddable":true,"href":"https:\/\/primeaviator.com\/shopping\/wp-json\/wp\/v2\/product_brand?post=2051"},{"taxonomy":"product_cat","embeddable":true,"href":"https:\/\/primeaviator.com\/shopping\/wp-json\/wp\/v2\/product_cat?post=2051"},{"taxonomy":"product_tag","embeddable":true,"href":"https:\/\/primeaviator.com\/shopping\/wp-json\/wp\/v2\/product_tag?post=2051"}],"curies":[{"name":"wp","href":"https:\/\/api.w.org\/{rel}","templated":true}]}}