{"id":740,"date":"2016-09-22T12:33:34","date_gmt":"2016-09-22T12:33:34","guid":{"rendered":"http:\/\/primeaviator.com\/?page_id=740"},"modified":"2017-02-17T15:24:26","modified_gmt":"2017-02-17T15:24:26","slug":"standorte","status":"publish","type":"page","link":"https:\/\/primeaviator.com\/shopping\/standorte\/","title":{"rendered":"STANDORTE"},"content":{"rendered":"<p>[et_pb_section admin_label=&#8220;Sektion&#8220; fullwidth=&#8220;on&#8220; specialty=&#8220;off&#8220;][et_pb_fullwidth_slider admin_label=&#8220;Vollbreiter Slider&#8220; show_arrows=&#8220;on&#8220; show_pagination=&#8220;on&#8220; auto=&#8220;off&#8220; auto_ignore_hover=&#8220;off&#8220; parallax=&#8220;off&#8220; parallax_method=&#8220;off&#8220; remove_inner_shadow=&#8220;off&#8220; background_position=&#8220;default&#8220; background_size=&#8220;default&#8220; hide_content_on_mobile=&#8220;off&#8220; hide_cta_on_mobile=&#8220;off&#8220; show_image_video_mobile=&#8220;off&#8220; custom_button=&#8220;off&#8220; button_letter_spacing=&#8220;0&#8243; button_use_icon=&#8220;default&#8220; button_icon_placement=&#8220;right&#8220; button_on_hover=&#8220;on&#8220; button_letter_spacing_hover=&#8220;0&#8243;] [et_pb_slide heading=&#8220;Standorte ganz in Ihrer N\u00e4he&#8220; background_image=&#8220;http:\/\/primeaviator.com\/wp-content\/uploads\/2016\/09\/shutterstock_134012498.jpg&#8220; background_position=&#8220;default&#8220; background_size=&#8220;default&#8220; background_color=&#8220;#ffffff&#8220; use_bg_overlay=&#8220;on&#8220; bg_overlay_color=&#8220;rgba(255,255,255,0.7)&#8220; use_text_overlay=&#8220;off&#8220; alignment=&#8220;center&#8220; background_layout=&#8220;light&#8220; allow_player_pause=&#8220;off&#8220; text_border_radius=&#8220;3&#8243; header_font_select=&#8220;default&#8220; header_font=&#8220;||||&#8220; body_font_select=&#8220;default&#8220; body_font=&#8220;||||&#8220; custom_button=&#8220;off&#8220; button_font_select=&#8220;default&#8220; button_font=&#8220;||||&#8220; button_use_icon=&#8220;default&#8220; button_icon_placement=&#8220;right&#8220; button_on_hover=&#8220;on&#8220;] [\/et_pb_slide] [\/et_pb_fullwidth_slider][\/et_pb_section][et_pb_section admin_label=&#8220;section&#8220;][et_pb_row admin_label=&#8220;row&#8220;][et_pb_column type=&#8220;1_3&#8243;][et_pb_blurb admin_label=&#8220;Informationstext&#8220; title=&#8220;Sicherer Betrieb&#8220; url_new_window=&#8220;off&#8220; use_icon=&#8220;on&#8220; font_icon=&#8220;%%82%%&#8220; icon_color=&#8220;#0e335f&#8220; use_circle=&#8220;off&#8220; circle_color=&#8220;#7EBEC5&#8243; use_circle_border=&#8220;off&#8220; circle_border_color=&#8220;#7EBEC5&#8243; icon_placement=&#8220;top&#8220; animation=&#8220;top&#8220; background_layout=&#8220;light&#8220; text_orientation=&#8220;center&#8220; use_icon_font_size=&#8220;off&#8220; use_border_color=&#8220;off&#8220; border_color=&#8220;#ffffff&#8220; border_style=&#8220;solid&#8220; header_font_size=&#8220;25&#8243;]<\/p>\n<p>&nbsp;<\/p>\n<p>Zu Ihrer Sicherheit werden Events\u00a0nur an Verkehrsflugh\u00e4fen durchgef\u00fchrt. Durch die hohen Sicherheitsstandards werden Risiken minimiert. Wir verzichten bewusst auf kleinere Flugpl\u00e4tze und legen Wert auf eine gute Anbindung. Zudem gew\u00e4hrleisten die Partner-Flugpl\u00e4tze einen ganzj\u00e4hrigen Betrieb.<\/p>\n<p>[\/et_pb_blurb][\/et_pb_column][et_pb_column type=&#8220;1_3&#8243;][et_pb_blurb admin_label=&#8220;Informationstext&#8220; title=&#8220;Ein Caf\u00e9 vor Ort&#8220; url_new_window=&#8220;off&#8220; use_icon=&#8220;on&#8220; font_icon=&#8220;%%279%%&#8220; icon_color=&#8220;#0e335f&#8220; use_circle=&#8220;off&#8220; circle_color=&#8220;#7EBEC5&#8243; use_circle_border=&#8220;off&#8220; circle_border_color=&#8220;#7EBEC5&#8243; icon_placement=&#8220;top&#8220; animation=&#8220;top&#8220; background_layout=&#8220;light&#8220; text_orientation=&#8220;center&#8220; use_icon_font_size=&#8220;off&#8220; use_border_color=&#8220;off&#8220; border_color=&#8220;#ffffff&#8220; border_style=&#8220;solid&#8220; header_font_size=&#8220;25&#8243;]<\/p>\n<p>&nbsp;<\/p>\n<p>W\u00e4hrend Sie fliegen k\u00f6nnen Ihre Freunde oder Ihre Liebsten vor Ort entspannen und trotzdem ganz nah am Geschehen sein. Unsere Stadtorte bieten mit guten Caf\u00e9s oder Restaurants auch Raum zu entspannen und mitfiebern. Prime Aviator garantiert so auch den Begleitern eine interessante Zeit.<\/p>\n<p>[\/et_pb_blurb][\/et_pb_column][et_pb_column type=&#8220;1_3&#8243;][et_pb_blurb admin_label=&#8220;Informationstext&#8220; title=&#8220;Jetzt bewerten&#8220; url_new_window=&#8220;off&#8220; use_icon=&#8220;on&#8220; font_icon=&#8220;%%170%%&#8220; icon_color=&#8220;#0e335f&#8220; use_circle=&#8220;off&#8220; circle_color=&#8220;#7EBEC5&#8243; use_circle_border=&#8220;off&#8220; circle_border_color=&#8220;#7EBEC5&#8243; icon_placement=&#8220;top&#8220; animation=&#8220;top&#8220; background_layout=&#8220;light&#8220; text_orientation=&#8220;center&#8220; use_icon_font_size=&#8220;off&#8220; use_border_color=&#8220;off&#8220; border_color=&#8220;#ffffff&#8220; border_style=&#8220;solid&#8220; header_font_size=&#8220;25&#8243;]<\/p>\n<p>&nbsp;<\/p>\n<p>Wir freuen uns sehr \u00fcber Standort-Bewertungen. Jeder Kunde ist uns wichtig. Schildern Sie uns wie Sie die Infrastruktur vor Ort erlebt haben. Dank und Kritik geben wir mit Verbesserungsvorschl\u00e4gen immer an unsere lokalen Partner weiter. Wir arbeiten an der Zufriedenheit unserer Kunden im Cockpit und am Boden.<\/p>\n<p>[\/et_pb_blurb][\/et_pb_column][\/et_pb_row][\/et_pb_section][et_pb_section admin_label=&#8220;Sektion&#8220; fullwidth=&#8220;off&#8220; specialty=&#8220;off&#8220; transparent_background=&#8220;off&#8220; background_color=&#8220;#0e335f&#8220; allow_player_pause=&#8220;off&#8220; inner_shadow=&#8220;off&#8220; parallax=&#8220;off&#8220; parallax_method=&#8220;off&#8220; padding_mobile=&#8220;off&#8220; make_fullwidth=&#8220;off&#8220; use_custom_width=&#8220;off&#8220; width_unit=&#8220;on&#8220; make_equal=&#8220;off&#8220; use_custom_gutter=&#8220;off&#8220;][et_pb_row admin_label=&#8220;Zeile&#8220; make_fullwidth=&#8220;off&#8220; use_custom_width=&#8220;off&#8220; width_unit=&#8220;on&#8220; use_custom_gutter=&#8220;off&#8220; padding_mobile=&#8220;off&#8220; allow_player_pause=&#8220;off&#8220; parallax=&#8220;off&#8220; parallax_method=&#8220;off&#8220; make_equal=&#8220;off&#8220; parallax_1=&#8220;off&#8220; parallax_method_1=&#8220;off&#8220; column_padding_mobile=&#8220;on&#8220;][et_pb_column type=&#8220;4_4&#8243;][et_pb_cta admin_label=&#8220;Handlungsaufruf&#8220; button_url=&#8220;http:\/\/primeaviator.com\/kontakt\/&#8220; url_new_window=&#8220;off&#8220; button_text=&#8220;Kontakt&#8220; use_background_color=&#8220;on&#8220; background_color=&#8220;#0e335f&#8220; background_layout=&#8220;dark&#8220; text_orientation=&#8220;center&#8220; use_border_color=&#8220;off&#8220; border_color=&#8220;#ffffff&#8220; border_style=&#8220;solid&#8220; custom_button=&#8220;off&#8220; button_letter_spacing=&#8220;0&#8243; button_use_icon=&#8220;default&#8220; button_icon_placement=&#8220;right&#8220; button_on_hover=&#8220;on&#8220; button_letter_spacing_hover=&#8220;0&#8243; title=&#8220;Standtort-Bewertung jetzt an PRIME AVIATOR senden&#8230;&#8220;] [\/et_pb_cta][\/et_pb_column][\/et_pb_row][\/et_pb_section][et_pb_section admin_label=&#8220;Sektion&#8220; fullwidth=&#8220;off&#8220; specialty=&#8220;off&#8220; transparent_background=&#8220;off&#8220; allow_player_pause=&#8220;off&#8220; inner_shadow=&#8220;off&#8220; parallax=&#8220;off&#8220; parallax_method=&#8220;off&#8220; padding_mobile=&#8220;off&#8220; make_fullwidth=&#8220;off&#8220; use_custom_width=&#8220;off&#8220; width_unit=&#8220;on&#8220; make_equal=&#8220;off&#8220; use_custom_gutter=&#8220;off&#8220;][et_pb_row admin_label=&#8220;Zeile&#8220;][et_pb_column type=&#8220;1_2&#8243;][et_pb_text admin_label=&#8220;Text&#8220; background_layout=&#8220;light&#8220; text_orientation=&#8220;left&#8220; use_border_color=&#8220;off&#8220; border_color=&#8220;#ffffff&#8220; border_style=&#8220;solid&#8220;]<\/p>\n<h1>EDKB \u00a0 \u00a0 \u00a0 \u00a0 \u00a0Bonn-Hangelar<\/h1>\n<p>Region: Bonn \/ K\u00f6ln \/ Aachen \/ D\u00fcsseldorf \/ Euskirchen<\/p>\n<p>Der\u00a0Flugplatz Bonn-Hangelar ist der Heimatst\u00fctzpunkt von Prime Aviator. Hier findet die Wartung und die Koordinierung der Fl\u00fcge statt.<\/p>\n<p>[\/et_pb_text][et_pb_divider admin_label=&#8220;Teiler&#8220; color=&#8220;#0e335f&#8220; show_divider=&#8220;on&#8220; height=&#8220;5&#8243; divider_style=&#8220;solid&#8220; divider_position=&#8220;top&#8220; hide_on_mobile=&#8220;on&#8220;] [\/et_pb_divider][et_pb_text admin_label=&#8220;Text&#8220; background_layout=&#8220;light&#8220; text_orientation=&#8220;left&#8220; use_border_color=&#8220;off&#8220; border_color=&#8220;#ffffff&#8220; border_style=&#8220;solid&#8220;]<\/p>\n<h1>EDWQ \u00a0 \u00a0 \u00a0 \u00a0 Ganderkesee<\/h1>\n<p>Region:\u00a0Bremen \/ Oldenburg \/ Hamburg \/ Cloppenburg<\/p>\n<p>Der\u00a0Flugplatz Ganderkesee\u00a0ist der n\u00f6rdlichste unserer Standorte. Von dort aus kann z.B. auf die deutschen Inseln geflogen werden.<\/p>\n<p>[\/et_pb_text][et_pb_divider admin_label=&#8220;Teiler&#8220; color=&#8220;#0e335f&#8220; show_divider=&#8220;on&#8220; height=&#8220;5&#8243; divider_style=&#8220;solid&#8220; divider_position=&#8220;top&#8220; hide_on_mobile=&#8220;on&#8220;] [\/et_pb_divider][et_pb_text admin_label=&#8220;Text&#8220; background_layout=&#8220;light&#8220; text_orientation=&#8220;left&#8220; use_border_color=&#8220;off&#8220; border_color=&#8220;#ffffff&#8220; border_style=&#8220;solid&#8220;]<\/p>\n<h1>EDTH \u00a0 \u00a0 \u00a0 \u00a0 \u00a0Heubach<\/h1>\n<p>Region: Stuttgart\u00a0\/ Heidenheim\u00a0\/ Reutlingen\u00a0\/\u00a0Ingolstadt<\/p>\n<p>Der\u00a0Flugplatz Heubach bietet sicheren Flugbetrieb \u00fcber das ganze Jahr. Die Luftraumstruktur vor Ort ist optimal f\u00fcr Trainingsfl\u00fcge.<\/p>\n<p>[\/et_pb_text][et_pb_divider admin_label=&#8220;Teiler&#8220; color=&#8220;#0e335f&#8220; show_divider=&#8220;on&#8220; height=&#8220;5&#8243; divider_style=&#8220;solid&#8220; divider_position=&#8220;top&#8220; hide_on_mobile=&#8220;on&#8220;] [\/et_pb_divider][et_pb_text admin_label=&#8220;Text&#8220; background_layout=&#8220;light&#8220; text_orientation=&#8220;left&#8220; use_border_color=&#8220;off&#8220; border_color=&#8220;#ffffff&#8220; border_style=&#8220;solid&#8220;]<\/p>\n<h1>EDLP \u00a0 \u00a0 \u00a0 \u00a0 \u00a0Paderborn Intl.<\/h1>\n<p>Region: Paderborn\u00a0\/ Bielefeld\u00a0\/ Dortmund\u00a0\/\u00a0Hannover<\/p>\n<p>Der internationale Flughafen Paderborn-Lippstadt bietet ein besonderes Pilotenerlebnis f\u00fcr den Piloten und die Zuschauer.<\/p>\n<p>[\/et_pb_text][et_pb_divider admin_label=&#8220;Teiler&#8220; color=&#8220;#0e335f&#8220; show_divider=&#8220;on&#8220; height=&#8220;5&#8243; divider_style=&#8220;solid&#8220; divider_position=&#8220;top&#8220; hide_on_mobile=&#8220;on&#8220;] [\/et_pb_divider][et_pb_text admin_label=&#8220;Text&#8220; background_layout=&#8220;light&#8220; text_orientation=&#8220;left&#8220; use_border_color=&#8220;off&#8220; border_color=&#8220;#ffffff&#8220; border_style=&#8220;solid&#8220;]<\/p>\n<h1>EDFE \u00a0 \u00a0 \u00a0 \u00a0 \u00a0Egelsbach<\/h1>\n<p>Region: Frankfurt\u00a0\/ Darmstadt\u00a0\/ Wiesbaden\u00a0\/\u00a0Mainz<\/p>\n<p>Der im S\u00fcden Frankfurts gelegenen Flughafen Egelsbach ist Ausgangsort von Trainingsfl\u00fcgen in der Metropolregion Frankfurt.<\/p>\n<p>[\/et_pb_text][et_pb_divider admin_label=&#8220;Teiler&#8220; color=&#8220;#0e335f&#8220; show_divider=&#8220;on&#8220; divider_style=&#8220;solid&#8220; divider_position=&#8220;top&#8220; hide_on_mobile=&#8220;on&#8220; height=&#8220;5&#8243;] [\/et_pb_divider][et_pb_text admin_label=&#8220;Text&#8220; background_layout=&#8220;light&#8220; text_orientation=&#8220;left&#8220; use_border_color=&#8220;off&#8220; border_color=&#8220;#ffffff&#8220; border_style=&#8220;solid&#8220;]<\/p>\n<h1>EDAY \u00a0 \u00a0 \u00a0 \u00a0 \u00a0Berlin-Strausberg<\/h1>\n<p>Region: Berlin\u00a0\/ Frankfurt a.d. Oder\u00a0\/ Brandenburg Ost<\/p>\n<p>Der im Osten\u00a0Berlins gelegenen Flughafen Strausberg\u00a0ist ein Flugplatz mit einer bewegten Geschichte und hervorragender Infrastruktur.<\/p>\n<p>[\/et_pb_text][\/et_pb_column][et_pb_column type=&#8220;1_2&#8243;][et_pb_text admin_label=&#8220;Text&#8220; background_layout=&#8220;light&#8220; text_orientation=&#8220;left&#8220; use_border_color=&#8220;off&#8220; border_color=&#8220;#ffffff&#8220; border_style=&#8220;solid&#8220;]<\/p>\n<h1>EDQH \u00a0 \u00a0 \u00a0 \u00a0 \u00a0Herzogenaurach<\/h1>\n<p>Region: N\u00fcrnberg\u00a0\/ Schwabach\u00a0\/ W\u00fcrzburg\u00a0\/\u00a0Bamberg<\/p>\n<p>Am Flughafen Herzogenaurach finden unsere Kunden eine voll ausgebaute Infrastruktur vor. Fl\u00fcge sind ganzj\u00e4hrig m\u00f6glich.<\/p>\n<p>[\/et_pb_text][et_pb_divider admin_label=&#8220;Teiler&#8220; color=&#8220;#0e335f&#8220; show_divider=&#8220;on&#8220; height=&#8220;5&#8243; divider_style=&#8220;solid&#8220; divider_position=&#8220;top&#8220; hide_on_mobile=&#8220;on&#8220;] [\/et_pb_divider][et_pb_text admin_label=&#8220;Text&#8220; background_layout=&#8220;light&#8220; text_orientation=&#8220;left&#8220; use_border_color=&#8220;off&#8220; border_color=&#8220;#ffffff&#8220; border_style=&#8220;solid&#8220;]<\/p>\n<h1>EDHE \u00a0 \u00a0 \u00a0 \u00a0 \u00a0Hamburg-Uetersen-Heist<\/h1>\n<p>Region: Hamburg\u00a0\/ Finkenwerder\u00a0\/\u00a0Luebeck<\/p>\n<p>Der Flughafen Hamburg Uetersen-Heist liegt nahe an Hamburg. Vor Ort findet man neben Restaurants auch weitere lokale Sehensw\u00fcrdigkeiten.<\/p>\n<p>[\/et_pb_text][et_pb_divider admin_label=&#8220;Teiler&#8220; color=&#8220;#ffffff&#8220; show_divider=&#8220;off&#8220; height=&#8220;30&#8243; divider_style=&#8220;solid&#8220; divider_position=&#8220;top&#8220; hide_on_mobile=&#8220;on&#8220;] [\/et_pb_divider][et_pb_image admin_label=&#8220;Bild&#8220; src=&#8220;https:\/\/primeaviator.com\/wp-content\/uploads\/2016\/09\/StandorteVector2.png&#8220; show_in_lightbox=&#8220;off&#8220; url_new_window=&#8220;off&#8220; use_overlay=&#8220;off&#8220; animation=&#8220;left&#8220; sticky=&#8220;off&#8220; align=&#8220;right&#8220; force_fullwidth=&#8220;off&#8220; always_center_on_mobile=&#8220;on&#8220; use_border_color=&#8220;off&#8220; border_color=&#8220;#ffffff&#8220; border_style=&#8220;solid&#8220;] [\/et_pb_image][\/et_pb_column][\/et_pb_row][\/et_pb_section][et_pb_section admin_label=&#8220;Sektion&#8220; fullwidth=&#8220;on&#8220; specialty=&#8220;off&#8220;][et_pb_fullwidth_slider admin_label=&#8220;Vollbreiter Slider&#8220; show_arrows=&#8220;on&#8220; show_pagination=&#8220;on&#8220; auto=&#8220;off&#8220; auto_ignore_hover=&#8220;off&#8220; parallax=&#8220;off&#8220; parallax_method=&#8220;off&#8220; remove_inner_shadow=&#8220;off&#8220; background_position=&#8220;default&#8220; background_size=&#8220;default&#8220; hide_content_on_mobile=&#8220;off&#8220; hide_cta_on_mobile=&#8220;off&#8220; show_image_video_mobile=&#8220;off&#8220; custom_button=&#8220;off&#8220; button_letter_spacing=&#8220;0&#8243; button_use_icon=&#8220;default&#8220; button_icon_placement=&#8220;right&#8220; button_on_hover=&#8220;on&#8220; button_letter_spacing_hover=&#8220;0&#8243;] [et_pb_slide heading=&#8220;Sicherheit in allen Bereichen. F\u00fcr unsere Kunden und uns.&#8220; background_image=&#8220;http:\/\/primeaviator.com\/wp-content\/uploads\/2016\/09\/shutterstock_358322906.jpg&#8220; background_position=&#8220;default&#8220; background_size=&#8220;default&#8220; background_color=&#8220;#ffffff&#8220; use_bg_overlay=&#8220;on&#8220; bg_overlay_color=&#8220;rgba(255,255,255,0.7)&#8220; use_text_overlay=&#8220;off&#8220; alignment=&#8220;center&#8220; background_layout=&#8220;light&#8220; allow_player_pause=&#8220;off&#8220; text_border_radius=&#8220;3&#8243; header_font_select=&#8220;default&#8220; header_font=&#8220;||||&#8220; body_font_select=&#8220;default&#8220; body_font=&#8220;||||&#8220; custom_button=&#8220;off&#8220; button_font_select=&#8220;default&#8220; button_font=&#8220;||||&#8220; button_use_icon=&#8220;default&#8220; button_icon_placement=&#8220;right&#8220; button_on_hover=&#8220;on&#8220;] [\/et_pb_slide] [\/et_pb_fullwidth_slider][\/et_pb_section][et_pb_section admin_label=&#8220;Sektion&#8220; fullwidth=&#8220;off&#8220; specialty=&#8220;off&#8220; transparent_background=&#8220;off&#8220; background_color=&#8220;#000000&#8243; allow_player_pause=&#8220;off&#8220; inner_shadow=&#8220;off&#8220; parallax=&#8220;off&#8220; parallax_method=&#8220;off&#8220; padding_mobile=&#8220;off&#8220; make_fullwidth=&#8220;off&#8220; use_custom_width=&#8220;off&#8220; width_unit=&#8220;on&#8220; make_equal=&#8220;off&#8220; use_custom_gutter=&#8220;off&#8220;][et_pb_row admin_label=&#8220;Zeile&#8220; make_fullwidth=&#8220;on&#8220; use_custom_width=&#8220;off&#8220; width_unit=&#8220;on&#8220; use_custom_gutter=&#8220;off&#8220; padding_mobile=&#8220;off&#8220; allow_player_pause=&#8220;off&#8220; parallax=&#8220;off&#8220; parallax_method=&#8220;off&#8220; make_equal=&#8220;off&#8220; parallax_1=&#8220;off&#8220; parallax_method_1=&#8220;off&#8220; column_padding_mobile=&#8220;on&#8220;][et_pb_column type=&#8220;4_4&#8243;][et_pb_text admin_label=&#8220;Text&#8220; background_layout=&#8220;dark&#8220; text_orientation=&#8220;left&#8220; use_border_color=&#8220;off&#8220; border_color=&#8220;#ffffff&#8220; border_style=&#8220;solid&#8220; text_font_size=&#8220;10&#8243;]<\/p>\n<p>Ihm Rahmen der angebotenen Produkte ist es zum Teil notwendig den Sicherheitsvorschriften f\u00fcr Passagiere an internationalen Flugh\u00e4fen zu entsprechen. Bitte beachten Sie, dass je nach Standort unterschiedliche Sicherheitsvorschriften gelten. Auf Anfrage informieren wir Sie gerne \u00fcber die jeweiligen Vorschriften.<\/p>\n<p>[\/et_pb_text][\/et_pb_column][\/et_pb_row][\/et_pb_section]<\/p>\n","protected":false},"excerpt":{"rendered":"<p>&nbsp; Zu Ihrer Sicherheit werden Events\u00a0nur an Verkehrsflugh\u00e4fen durchgef\u00fchrt. Durch die hohen Sicherheitsstandards werden Risiken minimiert. Wir verzichten bewusst auf kleinere Flugpl\u00e4tze und legen Wert auf eine gute Anbindung. Zudem gew\u00e4hrleisten die Partner-Flugpl\u00e4tze einen ganzj\u00e4hrigen Betrieb. &nbsp; W\u00e4hrend Sie fliegen k\u00f6nnen Ihre Freunde oder Ihre Liebsten vor Ort entspannen und trotzdem ganz nah am Geschehen [&hellip;]<\/p>\n","protected":false},"author":1,"featured_media":0,"parent":0,"menu_order":0,"comment_status":"closed","ping_status":"closed","template":"","meta":{"_et_pb_use_builder":"on","_et_pb_old_content":"","_et_gb_content_width":"","jetpack_post_was_ever_published":false,"footnotes":""},"class_list":["post-740","page","type-page","status-publish","hentry"],"jetpack_shortlink":"https:\/\/wp.me\/P9j95s-bW","jetpack_sharing_enabled":true,"_links":{"self":[{"href":"https:\/\/primeaviator.com\/shopping\/wp-json\/wp\/v2\/pages\/740","targetHints":{"allow":["GET"]}}],"collection":[{"href":"https:\/\/primeaviator.com\/shopping\/wp-json\/wp\/v2\/pages"}],"about":[{"href":"https:\/\/primeaviator.com\/shopping\/wp-json\/wp\/v2\/types\/page"}],"author":[{"embeddable":true,"href":"https:\/\/primeaviator.com\/shopping\/wp-json\/wp\/v2\/users\/1"}],"replies":[{"embeddable":true,"href":"https:\/\/primeaviator.com\/shopping\/wp-json\/wp\/v2\/comments?post=740"}],"version-history":[{"count":46,"href":"https:\/\/primeaviator.com\/shopping\/wp-json\/wp\/v2\/pages\/740\/revisions"}],"predecessor-version":[{"id":1964,"href":"https:\/\/primeaviator.com\/shopping\/wp-json\/wp\/v2\/pages\/740\/revisions\/1964"}],"wp:attachment":[{"href":"https:\/\/primeaviator.com\/shopping\/wp-json\/wp\/v2\/media?parent=740"}],"curies":[{"name":"wp","href":"https:\/\/api.w.org\/{rel}","templated":true}]}}