{"id":449,"date":"2016-09-20T16:40:39","date_gmt":"2016-09-20T16:40:39","guid":{"rendered":"http:\/\/primeaviator.com\/?page_id=449"},"modified":"2017-03-05T19:34:27","modified_gmt":"2017-03-05T19:34:27","slug":"bildrechte","status":"publish","type":"page","link":"https:\/\/primeaviator.com\/shopping\/bildrechte\/","title":{"rendered":"BILDRECHTE"},"content":{"rendered":"<p>[et_pb_section admin_label=&#8220;Sektion&#8220; fullwidth=&#8220;on&#8220; specialty=&#8220;off&#8220;][et_pb_fullwidth_header admin_label=&#8220;Vollbreite Kopfzeile&#8220; title=&#8220;BILDRECHTE&#8220; background_layout=&#8220;dark&#8220; text_orientation=&#8220;left&#8220; header_fullscreen=&#8220;off&#8220; header_scroll_down=&#8220;off&#8220; parallax=&#8220;off&#8220; parallax_method=&#8220;off&#8220; content_orientation=&#8220;center&#8220; image_orientation=&#8220;center&#8220; custom_button_one=&#8220;off&#8220; button_one_letter_spacing=&#8220;0&#8243; button_one_use_icon=&#8220;default&#8220; button_one_icon_placement=&#8220;right&#8220; button_one_on_hover=&#8220;on&#8220; button_one_letter_spacing_hover=&#8220;0&#8243; custom_button_two=&#8220;off&#8220; button_two_letter_spacing=&#8220;0&#8243; button_two_use_icon=&#8220;default&#8220; button_two_icon_placement=&#8220;right&#8220; button_two_on_hover=&#8220;on&#8220; button_two_letter_spacing_hover=&#8220;0&#8243; background_color=&#8220;#0e335f&#8220;] [\/et_pb_fullwidth_header][\/et_pb_section][et_pb_section admin_label=&#8220;Sektion&#8220; fullwidth=&#8220;off&#8220; specialty=&#8220;off&#8220;][et_pb_row admin_label=&#8220;Zeile&#8220; make_fullwidth=&#8220;on&#8220; use_custom_width=&#8220;off&#8220; width_unit=&#8220;on&#8220; use_custom_gutter=&#8220;off&#8220; padding_mobile=&#8220;off&#8220; allow_player_pause=&#8220;off&#8220; parallax=&#8220;off&#8220; parallax_method=&#8220;off&#8220; make_equal=&#8220;off&#8220; parallax_1=&#8220;off&#8220; parallax_method_1=&#8220;off&#8220; column_padding_mobile=&#8220;on&#8220;][et_pb_column type=&#8220;4_4&#8243;][et_pb_text admin_label=&#8220;Text&#8220; background_layout=&#8220;light&#8220; text_orientation=&#8220;left&#8220; use_border_color=&#8220;off&#8220; border_color=&#8220;#ffffff&#8220; border_style=&#8220;solid&#8220; text_font_size=&#8220;9&#8243;]<\/p>\n<table style=\"height: 3885px;\" width=\"1190\">\n<tbody>\n<tr>\n<td width=\"34\"><strong>Bild #<\/strong><\/td>\n<td width=\"84\"><strong>Seite<\/strong><\/td>\n<td width=\"60\"><strong>Position<\/strong><\/td>\n<td width=\"94\"><strong>Bildnumnmer<\/strong><\/td>\n<td width=\"218\"><strong>Bildtitel<\/strong><\/td>\n<td width=\"135\"><strong>Urheberrecht<\/strong><\/td>\n<td width=\"165\"><strong>Belegnummer<\/strong><\/td>\n<td width=\"180\"><strong>Bestellnummer<\/strong><\/td>\n<td width=\"165\"><strong>Kaufdatum<\/strong><\/td>\n<td width=\"165\"><strong>Quelle<\/strong><\/td>\n<\/tr>\n<tr>\n<td width=\"34\"><\/td>\n<td width=\"84\"><\/td>\n<td width=\"60\"><\/td>\n<td width=\"94\"><\/td>\n<td width=\"218\"><\/td>\n<td width=\"135\"><\/td>\n<td width=\"165\"><\/td>\n<td width=\"180\"><\/td>\n<td width=\"165\"><\/td>\n<td width=\"165\"><\/td>\n<\/tr>\n<tr>\n<td width=\"34\">ID#A1<\/td>\n<td width=\"84\">\/ueberblick\/<\/td>\n<td width=\"60\">Slider 1\/1<\/td>\n<td width=\"94\">332817335<\/td>\n<td width=\"218\">Aerial overview Bangkok cityscape.Town scenery above the clouds<\/td>\n<td width=\"135\">carlos castilla<\/td>\n<td width=\"165\">NLNL-01EFA8DB8-1-4<\/td>\n<td width=\"180\">SSTK-02768-609B \/ SSTK-0F264-4772 \/ SSTK-02CF8-2CE9 \/ SSTK-04B6C-080E<\/td>\n<td width=\"165\">19.09.16<\/td>\n<td width=\"165\">http:\/\/www.shutterstock.com<\/td>\n<\/tr>\n<tr>\n<td width=\"34\">ID#A2<\/td>\n<td width=\"84\">\/ueberblick\/<\/td>\n<td width=\"60\">Slider 1\/2<\/td>\n<td width=\"94\">690293<\/td>\n<td width=\"218\">Sky<\/td>\n<td width=\"135\">CC0 1.0 Universell (CC0 1.0)<\/td>\n<td width=\"165\">gem. pixabay<\/td>\n<td width=\"180\">gem. pixabay<\/td>\n<td width=\"165\">gem. pixabay<\/td>\n<td width=\"165\">https:\/\/pixabay.com<\/td>\n<\/tr>\n<tr>\n<td width=\"34\">ID#A3<\/td>\n<td width=\"84\">\/ueberblick\/<\/td>\n<td width=\"60\">Slider 1\/3<\/td>\n<td width=\"94\">150633338<\/td>\n<td width=\"218\">Airplane Instruments primary flight display<\/td>\n<td width=\"135\">Oliver Tindall<\/td>\n<td width=\"165\">NLNL-01EFA8DB8-1-4<\/td>\n<td width=\"180\">SSTK-02768-609B \/ SSTK-0F264-4772 \/ SSTK-02CF8-2CE9 \/ SSTK-04B6C-080E<\/td>\n<td width=\"165\">19.09.16<\/td>\n<td width=\"165\">http:\/\/www.shutterstock.com<\/td>\n<\/tr>\n<tr>\n<td width=\"34\">ID#A4<\/td>\n<td width=\"84\">\/ueberblick\/<\/td>\n<td width=\"60\">Slider 1\/4<\/td>\n<td width=\"94\">173471486<\/td>\n<td width=\"218\">Portrait of happy extended family watching tv on sofa in the living room at home<\/td>\n<td width=\"135\">wavebreakmedia<\/td>\n<td width=\"165\">NLNL-01EFA8DB8-1-4<\/td>\n<td width=\"180\">SSTK-02768-609B \/ SSTK-0F264-4772 \/ SSTK-02CF8-2CE9 \/ SSTK-04B6C-080E<\/td>\n<td width=\"165\">19.09.16<\/td>\n<td width=\"165\">http:\/\/www.shutterstock.com<\/td>\n<\/tr>\n<tr>\n<td width=\"34\">ID#A6<\/td>\n<td width=\"84\">\/ueberblick\/<\/td>\n<td width=\"60\">Slider 2<\/td>\n<td width=\"94\">425351461<\/td>\n<td width=\"218\">Team work. New project discussing. Startup crew in office. Film effect and lens flare effect, blurry background<\/td>\n<td width=\"135\">Mooshny<\/td>\n<td width=\"165\">NLNL-01EFA8DB8-1-4<\/td>\n<td width=\"180\">SSTK-02768-609B \/ SSTK-0F264-4772 \/ SSTK-02CF8-2CE9 \/ SSTK-04B6C-080E<\/td>\n<td width=\"165\">20.09.16<\/td>\n<td width=\"165\">http:\/\/www.shutterstock.com<\/td>\n<\/tr>\n<tr>\n<td width=\"34\">ID#A7<\/td>\n<td width=\"84\">\/ueberblick\/<\/td>\n<td width=\"60\">Slider 3<\/td>\n<td width=\"94\">69527935<\/td>\n<td width=\"218\">woman covering the eyes to his boyfriend with giving him a present (selective focus with shallow DOF)<\/td>\n<td width=\"135\">Helder Almeida<\/td>\n<td width=\"165\">NLNL-01EFA8DB8-1-4<\/td>\n<td width=\"180\">SSTK-02768-609B \/ SSTK-0F264-4772 \/ SSTK-02CF8-2CE9 \/ SSTK-04B6C-080E<\/td>\n<td width=\"165\">19.09.16<\/td>\n<td width=\"165\">http:\/\/www.shutterstock.com<\/td>\n<\/tr>\n<tr>\n<td width=\"34\">ID#A8<\/td>\n<td width=\"84\">\/ueberblick\/<\/td>\n<td width=\"60\">Portrait 1<\/td>\n<td width=\"94\">382643256<\/td>\n<td width=\"218\">Sebastian Schmickler<\/td>\n<td width=\"135\">PRIME AVIATOR GbR<\/td>\n<td width=\"165\">Mail 19.09.2016<\/td>\n<td width=\"180\">Nutzungsfreigabe und Nachweis liegen PRIME AVIATOR schriftlich vor<\/td>\n<td width=\"165\">Nutzungsfreigabe und Nachweis liegen PRIME AVIATOR schriftlich vor<\/td>\n<td width=\"165\">Nutzungsfreigabe und Nachweis liegen PRIME AVIATOR schriftlich vor<\/td>\n<\/tr>\n<tr>\n<td width=\"34\">ID#A9<\/td>\n<td width=\"84\">\/ueberblick\/<\/td>\n<td width=\"60\">Portrait 2<\/td>\n<td width=\"94\">4327463<\/td>\n<td width=\"218\">Dennis Sutterheim<\/td>\n<td width=\"135\">Dennis Sutterheim<\/td>\n<td width=\"165\">Mail 22.09.2016<\/td>\n<td width=\"180\">Nutzungsfreigabe und Nachweis liegen PRIME AVIATOR schriftlich vor<\/td>\n<td width=\"165\">Nutzungsfreigabe und Nachweis liegen PRIME AVIATOR schriftlich vor<\/td>\n<td width=\"165\">Nutzungsfreigabe und Nachweis liegen PRIME AVIATOR schriftlich vor<\/td>\n<\/tr>\n<tr>\n<td width=\"34\">ID#B1<\/td>\n<td width=\"84\">\/privatkunden\/<\/td>\n<td width=\"60\">Slider 1\/1<\/td>\n<td width=\"94\">bs_press_media_01<\/td>\n<td width=\"218\">bs_press_media_01<\/td>\n<td width=\"135\">http:\/\/www.blackshapeaircraft.info\/<\/td>\n<td width=\"165\">Nutzungsfreigabe und Nachweis liegen PRIME AVIATOR schriftlich vor<\/td>\n<td width=\"180\">Nutzungsfreigabe und Nachweis liegen PRIME AVIATOR schriftlich vor<\/td>\n<td width=\"165\">Nutzungsfreigabe und Nachweis liegen PRIME AVIATOR schriftlich vor<\/td>\n<td width=\"165\">Nutzungsfreigabe und Nachweis liegen PRIME AVIATOR schriftlich vor<\/td>\n<\/tr>\n<tr>\n<td width=\"34\">ID#B2<\/td>\n<td width=\"84\">\/privatkunden\/<\/td>\n<td width=\"60\">Slider 1\/2<\/td>\n<td width=\"94\">bs_press_media_05<\/td>\n<td width=\"218\">bs_press_media_05<\/td>\n<td width=\"135\">http:\/\/www.blackshapeaircraft.info\/<\/td>\n<td width=\"165\">Nutzungsfreigabe und Nachweis liegen PRIME AVIATOR schriftlich vor<\/td>\n<td width=\"180\">Nutzungsfreigabe und Nachweis liegen PRIME AVIATOR schriftlich vor<\/td>\n<td width=\"165\">Nutzungsfreigabe und Nachweis liegen PRIME AVIATOR schriftlich vor<\/td>\n<td width=\"165\">Nutzungsfreigabe und Nachweis liegen PRIME AVIATOR schriftlich vor<\/td>\n<\/tr>\n<tr>\n<td width=\"34\">ID#B3<\/td>\n<td width=\"84\">\/privatkunden\/<\/td>\n<td width=\"60\">Hintergrund 1<\/td>\n<td width=\"94\">387637856<\/td>\n<td width=\"218\">Siebengebirge Bodennebel<\/td>\n<td width=\"135\">PRIME AVIATOR GbR<\/td>\n<td width=\"165\">Nutzungsfreigabe und Nachweis liegen PRIME AVIATOR schriftlich vor<\/td>\n<td width=\"180\">Nutzungsfreigabe und Nachweis liegen PRIME AVIATOR schriftlich vor<\/td>\n<td width=\"165\">Nutzungsfreigabe und Nachweis liegen PRIME AVIATOR schriftlich vor<\/td>\n<td width=\"165\">Nutzungsfreigabe und Nachweis liegen PRIME AVIATOR schriftlich vor<\/td>\n<\/tr>\n<tr>\n<td width=\"34\">ID#B4<\/td>\n<td width=\"84\">\/privatkunden\/<\/td>\n<td width=\"60\">Portrait 1<\/td>\n<td width=\"94\">1539081_640<\/td>\n<td width=\"218\">tobias-sattler-1539081_640<\/td>\n<td width=\"135\">CC0 1.0 Universell (CC0 1.0)<\/td>\n<td width=\"165\">gem. pixabay<\/td>\n<td width=\"180\">gem. pixabay<\/td>\n<td width=\"165\">gem. pixabay<\/td>\n<td width=\"165\">https:\/\/pixabay.com<\/td>\n<\/tr>\n<tr>\n<td width=\"34\">ID#B5<\/td>\n<td width=\"84\">\/privatkunden\/<\/td>\n<td width=\"60\">Portrait 2<\/td>\n<td width=\"94\">1252994<\/td>\n<td width=\"218\">girl-1252994<\/td>\n<td width=\"135\">CC0 1.0 Universell (CC0 1.0)<\/td>\n<td width=\"165\">gem. pixabay<\/td>\n<td width=\"180\">gem. pixabay<\/td>\n<td width=\"165\">gem. pixabay<\/td>\n<td width=\"165\">https:\/\/pixabay.com<\/td>\n<\/tr>\n<tr>\n<td width=\"34\">ID#B6<\/td>\n<td width=\"84\">\/privatkunden\/<\/td>\n<td width=\"60\">Portrait 3<\/td>\n<td width=\"94\">872408_640<\/td>\n<td width=\"218\">agnar-hoeskuldsson-872408_640<\/td>\n<td width=\"135\">CC0 1.0 Universell (CC0 1.0)<\/td>\n<td width=\"165\">gem. pixabay<\/td>\n<td width=\"180\">gem. pixabay<\/td>\n<td width=\"165\">gem. pixabay<\/td>\n<td width=\"165\">https:\/\/pixabay.com<\/td>\n<\/tr>\n<tr>\n<td width=\"34\">ID#C1<\/td>\n<td width=\"84\">\/kampfflugzeug-fliegen\/<\/td>\n<td width=\"60\">Slider 1<\/td>\n<td width=\"94\">bs_press_media_05<\/td>\n<td width=\"218\">bs_press_media_05<\/td>\n<td width=\"135\">http:\/\/www.blackshapeaircraft.info\/<\/td>\n<td width=\"165\">Nutzungsfreigabe und Nachweis liegen PRIME AVIATOR schriftlich vor<\/td>\n<td width=\"180\">Nutzungsfreigabe und Nachweis liegen PRIME AVIATOR schriftlich vor<\/td>\n<td width=\"165\">Nutzungsfreigabe und Nachweis liegen PRIME AVIATOR schriftlich vor<\/td>\n<td width=\"165\">Nutzungsfreigabe und Nachweis liegen PRIME AVIATOR schriftlich vor<\/td>\n<\/tr>\n<tr>\n<td width=\"34\">ID#D1<\/td>\n<td width=\"84\">\/firmenkunden\/<\/td>\n<td width=\"60\">Slider 1<\/td>\n<td width=\"94\">376980955<\/td>\n<td width=\"218\">time to plan travel concept, stylish notebook map and passport on craft background<\/td>\n<td width=\"135\">Bogdan Sonjachnyj<\/td>\n<td width=\"165\">NLNL-01EFA8DB8-1-4<\/td>\n<td width=\"180\">SSTK-02768-609B \/ SSTK-0F264-4772 \/ SSTK-02CF8-2CE9 \/ SSTK-04B6C-080E<\/td>\n<td width=\"165\">22.09.16<\/td>\n<td width=\"165\">http:\/\/www.shutterstock.com<\/td>\n<\/tr>\n<tr>\n<td width=\"34\">ID#D2<\/td>\n<td width=\"84\">\/firmenkunden\/<\/td>\n<td width=\"60\">Slider 2<\/td>\n<td width=\"94\">393692671<\/td>\n<td width=\"218\">Professional Photography Equipment. Professional Photographer Work Kit. Photo Lenses.<\/td>\n<td width=\"135\">welcomia<\/td>\n<td width=\"165\">NLNL-01EFA8DB8-1-4<\/td>\n<td width=\"180\">SSTK-02768-609B \/ SSTK-0F264-4772 \/ SSTK-02CF8-2CE9 \/ SSTK-04B6C-080E<\/td>\n<td width=\"165\">22.09.16<\/td>\n<td width=\"165\">http:\/\/www.shutterstock.com<\/td>\n<\/tr>\n<tr>\n<td width=\"34\">ID#D3<\/td>\n<td width=\"84\">\/firmenkunden\/<\/td>\n<td width=\"60\">Slider 3<\/td>\n<td width=\"94\">189920138<\/td>\n<td width=\"218\">Car wrapping specialists using heat gun to prepare vinyl foil<\/td>\n<td width=\"135\">Ikonoklast Fotografie<\/td>\n<td width=\"165\">NLNL-01EFA8DB8-1-4<\/td>\n<td width=\"180\">SSTK-02768-609B \/ SSTK-0F264-4772 \/ SSTK-02CF8-2CE9 \/ SSTK-04B6C-080E<\/td>\n<td width=\"165\">22.09.16<\/td>\n<td width=\"165\">http:\/\/www.shutterstock.com<\/td>\n<\/tr>\n<tr>\n<td width=\"34\">ID#E1<\/td>\n<td width=\"84\">\/charter\/<\/td>\n<td width=\"60\">Slider 1\/1<\/td>\n<td width=\"94\">425351461<\/td>\n<td width=\"218\">Team work. New project discussing. Startup crew in office. Film effect and lens flare effect, blurry background<\/td>\n<td width=\"135\">Mooshny<\/td>\n<td width=\"165\">NLNL-01EFA8DB8-1-4<\/td>\n<td width=\"180\">SSTK-02768-609B \/ SSTK-0F264-4772 \/ SSTK-02CF8-2CE9 \/ SSTK-04B6C-080E<\/td>\n<td width=\"165\">20.09.16<\/td>\n<td width=\"165\">http:\/\/www.shutterstock.com<\/td>\n<\/tr>\n<tr>\n<td width=\"34\">ID#E2<\/td>\n<td width=\"84\">\/charter\/<\/td>\n<td width=\"60\">Slider 1\/2<\/td>\n<td width=\"94\">476538328<\/td>\n<td width=\"218\">Repairing airplane motor<\/td>\n<td width=\"135\">Pressmaster<\/td>\n<td width=\"165\">NLNL-01EFA8DB8-1-4<\/td>\n<td width=\"180\">SSTK-02768-609B \/ SSTK-0F264-4772 \/ SSTK-02CF8-2CE9 \/ SSTK-04B6C-080E<\/td>\n<td width=\"165\">20.09.16<\/td>\n<td width=\"165\">http:\/\/www.shutterstock.com<\/td>\n<\/tr>\n<tr>\n<td width=\"34\">ID#E3<\/td>\n<td width=\"84\">\/charter\/<\/td>\n<td width=\"60\">Slider 2<\/td>\n<td width=\"94\">40767469<\/td>\n<td width=\"218\">hydraulic pipes used in the aviation industry<\/td>\n<td width=\"135\">Steve Mann<\/td>\n<td width=\"165\">NLNL-01EFA8DB8-1-4<\/td>\n<td width=\"180\">SSTK-02768-609B \/ SSTK-0F264-4772 \/ SSTK-02CF8-2CE9 \/ SSTK-04B6C-080E<\/td>\n<td width=\"165\">20.09.16<\/td>\n<td width=\"165\">http:\/\/www.shutterstock.com<\/td>\n<\/tr>\n<tr>\n<td width=\"34\">ID#F1<\/td>\n<td width=\"84\">\/charter\/<\/td>\n<td width=\"60\">Slider 1<\/td>\n<td width=\"94\">354487061<\/td>\n<td width=\"218\">videographer with gimball video slr<\/td>\n<td width=\"135\">Siwabud Veerapaisarn<\/td>\n<td width=\"165\">NLNL-01EFA8DB8-1-4<\/td>\n<td width=\"180\">SSTK-02768-609B \/ SSTK-0F264-4772 \/ SSTK-02CF8-2CE9 \/ SSTK-04B6C-080E<\/td>\n<td width=\"165\">21.09.16<\/td>\n<td width=\"165\">http:\/\/www.shutterstock.com<\/td>\n<\/tr>\n<tr>\n<td width=\"34\">ID#F2<\/td>\n<td width=\"84\">\/charter\/<\/td>\n<td width=\"60\">Slider 2<\/td>\n<td width=\"94\">392630560<\/td>\n<td width=\"218\">Cameraman at work,Professional digital video camera<\/td>\n<td width=\"135\">ponsulak<\/td>\n<td width=\"165\">NLNL-01EFA8DB8-1-4<\/td>\n<td width=\"180\">SSTK-02768-609B \/ SSTK-0F264-4772 \/ SSTK-02CF8-2CE9 \/ SSTK-04B6C-080E<\/td>\n<td width=\"165\">21.09.16<\/td>\n<td width=\"165\">http:\/\/www.shutterstock.com<\/td>\n<\/tr>\n<tr>\n<td width=\"34\">ID#G1<\/td>\n<td width=\"84\">\/werbeplattform\/<\/td>\n<td width=\"60\">Slider 1<\/td>\n<td width=\"94\">421910497<\/td>\n<td width=\"218\">Car window tinting series : Heat shrinking window film<\/td>\n<td width=\"135\">Bhakpong<\/td>\n<td width=\"165\">NLNL-01EFA8DB8-1-4<\/td>\n<td width=\"180\">SSTK-02768-609B \/ SSTK-0F264-4772 \/ SSTK-02CF8-2CE9 \/ SSTK-04B6C-080E<\/td>\n<td width=\"165\">20.09.16<\/td>\n<td width=\"165\">http:\/\/www.shutterstock.com<\/td>\n<\/tr>\n<tr>\n<td width=\"34\">ID#G2<\/td>\n<td width=\"84\">\/werbeplattform\/<\/td>\n<td width=\"60\">Sample 1<\/td>\n<td width=\"94\">189921362<\/td>\n<td width=\"218\">Car wrapping specialist cutting vinyl foils with box cutter<\/td>\n<td width=\"135\">Ikonoklast Fotografie<\/td>\n<td width=\"165\">NLNL-01EFA8DB8-1-4<\/td>\n<td width=\"180\">SSTK-02768-609B \/ SSTK-0F264-4772 \/ SSTK-02CF8-2CE9 \/ SSTK-04B6C-080E<\/td>\n<td width=\"165\">20.09.16<\/td>\n<td width=\"165\">http:\/\/www.shutterstock.com<\/td>\n<\/tr>\n<tr>\n<td width=\"34\">ID#G3<\/td>\n<td width=\"84\">\/werbeplattform\/<\/td>\n<td width=\"60\">Sample 2<\/td>\n<td width=\"94\">394279687<\/td>\n<td width=\"218\">Photo exposition modern gallery,open space. Blank white empty canvas contemporary industrial place.Simply interior loft style with concrete floor,bricks walls.Place for business information. 3d Render<\/td>\n<td width=\"135\">SFIO CRACHO<\/td>\n<td width=\"165\">NLNL-01EFA8DB8-1-4<\/td>\n<td width=\"180\">SSTK-02768-609B \/ SSTK-0F264-4772 \/ SSTK-02CF8-2CE9 \/ SSTK-04B6C-080E<\/td>\n<td width=\"165\">20.09.16<\/td>\n<td width=\"165\">http:\/\/www.shutterstock.com<\/td>\n<\/tr>\n<tr>\n<td width=\"34\">ID#G4<\/td>\n<td width=\"84\">\/werbeplattform\/<\/td>\n<td width=\"60\">Sample 3<\/td>\n<td width=\"94\">410633590<\/td>\n<td width=\"218\">office stuff with Movie clapper laptop and coffee cup pen notepad on the wood table top view shot.dark effect<\/td>\n<td width=\"135\">mrmohock<\/td>\n<td width=\"165\">NLNL-01EFA8DB8-1-4<\/td>\n<td width=\"180\">SSTK-02768-609B \/ SSTK-0F264-4772 \/ SSTK-02CF8-2CE9 \/ SSTK-04B6C-080E<\/td>\n<td width=\"165\">20.09.16<\/td>\n<td width=\"165\">http:\/\/www.shutterstock.com<\/td>\n<\/tr>\n<tr>\n<td width=\"34\">ID#G5<\/td>\n<td width=\"84\">\/werbeplattform\/<\/td>\n<td width=\"60\">Slider 2<\/td>\n<td width=\"94\">189921362<\/td>\n<td width=\"218\">Car wrapping specialist cutting vinyl foils with box cutter<\/td>\n<td width=\"135\">Ikonoklast Fotografie<\/td>\n<td width=\"165\">NLNL-01EFA8DB8-1-4<\/td>\n<td width=\"180\">SSTK-02768-609B \/ SSTK-0F264-4772 \/ SSTK-02CF8-2CE9 \/ SSTK-04B6C-080E<\/td>\n<td width=\"165\">20.09.16<\/td>\n<td width=\"165\">http:\/\/www.shutterstock.com<\/td>\n<\/tr>\n<tr>\n<td width=\"34\">ID#H1<\/td>\n<td width=\"84\">\/standorte\/<\/td>\n<td width=\"60\">Slider 1<\/td>\n<td width=\"94\">134012498<\/td>\n<td width=\"218\">he interior of the pudong airport in shanghai china.<\/td>\n<td width=\"135\">ssguy<\/td>\n<td width=\"165\">NLNL-01EFA8DB8-1-4<\/td>\n<td width=\"180\">SSTK-02768-609B \/ SSTK-0F264-4772 \/ SSTK-02CF8-2CE9 \/ SSTK-04B6C-080E<\/td>\n<td width=\"165\">22.09.16<\/td>\n<td width=\"165\">http:\/\/www.shutterstock.com<\/td>\n<\/tr>\n<tr>\n<td width=\"34\">ID#H2<\/td>\n<td width=\"84\">\/standorte\/<\/td>\n<td width=\"60\">Map1<\/td>\n<td width=\"94\">425336404<\/td>\n<td width=\"218\">Blank Blue similar Germany map isolated on white background. European country. Vector template for website, design, cover, infographics. Graph illustration.<\/td>\n<td width=\"135\">vectorEps<\/td>\n<td width=\"165\">NLNL-01EFA8DB8-1-4<\/td>\n<td width=\"180\">SSTK-02768-609B \/ SSTK-0F264-4772 \/ SSTK-02CF8-2CE9 \/ SSTK-04B6C-080E<\/td>\n<td width=\"165\">22.09.16<\/td>\n<td width=\"165\">http:\/\/www.shutterstock.com<\/td>\n<\/tr>\n<tr>\n<td width=\"34\">ID#H3<\/td>\n<td width=\"84\">\/standorte\/<\/td>\n<td width=\"60\">Slider 2<\/td>\n<td width=\"94\">358322906<\/td>\n<td width=\"218\">ticket checkpoint at the airport<\/td>\n<td width=\"135\">kaband<\/td>\n<td width=\"165\">NLNL-01EFA8DB8-1-4<\/td>\n<td width=\"180\">SSTK-02768-609B \/ SSTK-0F264-4772 \/ SSTK-02CF8-2CE9 \/ SSTK-04B6C-080E<\/td>\n<td width=\"165\">22.09.16<\/td>\n<td width=\"165\">http:\/\/www.shutterstock.com<\/td>\n<\/tr>\n<tr>\n<td width=\"34\">ID#I1<\/td>\n<td width=\"84\">\/kontakt\/<\/td>\n<td width=\"60\">Slider 1<\/td>\n<td width=\"94\">284416931<\/td>\n<td width=\"218\">Portrait of confident young woman working in her office with laptop.<\/td>\n<td width=\"135\">nenetus<\/td>\n<td width=\"165\">NLNL-01EFA8DB8-1-4<\/td>\n<td width=\"180\">SSTK-02768-609B \/ SSTK-0F264-4772 \/ SSTK-02CF8-2CE9 \/ SSTK-04B6C-080E<\/td>\n<td width=\"165\">21.09.16<\/td>\n<td width=\"165\">http:\/\/www.shutterstock.com<\/td>\n<\/tr>\n<\/tbody>\n<\/table>\n<p>&nbsp;<\/p>\n<p>[\/et_pb_text][\/et_pb_column][\/et_pb_row][\/et_pb_section][et_pb_section admin_label=&#8220;Sektion&#8220; fullwidth=&#8220;off&#8220; specialty=&#8220;off&#8220; transparent_background=&#8220;off&#8220; background_color=&#8220;#000000&#8243; allow_player_pause=&#8220;off&#8220; inner_shadow=&#8220;off&#8220; parallax=&#8220;off&#8220; parallax_method=&#8220;off&#8220; padding_mobile=&#8220;off&#8220; make_fullwidth=&#8220;off&#8220; use_custom_width=&#8220;off&#8220; width_unit=&#8220;on&#8220; make_equal=&#8220;off&#8220; use_custom_gutter=&#8220;off&#8220;][et_pb_row admin_label=&#8220;Zeile&#8220; make_fullwidth=&#8220;on&#8220; use_custom_width=&#8220;off&#8220; width_unit=&#8220;on&#8220; use_custom_gutter=&#8220;off&#8220; padding_mobile=&#8220;off&#8220; allow_player_pause=&#8220;off&#8220; parallax=&#8220;off&#8220; parallax_method=&#8220;off&#8220; make_equal=&#8220;off&#8220; parallax_1=&#8220;off&#8220; parallax_method_1=&#8220;off&#8220; column_padding_mobile=&#8220;on&#8220;][et_pb_column type=&#8220;4_4&#8243;][et_pb_text admin_label=&#8220;Text&#8220; background_layout=&#8220;dark&#8220; text_orientation=&#8220;left&#8220; use_border_color=&#8220;off&#8220; border_color=&#8220;#ffffff&#8220; border_style=&#8220;solid&#8220;]<\/p>\n<p>PRIME AVIATOR verf\u00fcgt \u00fcber die schriftlichen Nachweise \u00fcber den Erwerb von\u00a0Bildrechten. Jedes einzelne Bild kann anhand der Bildnummer zugeordnet werden. Es liegen Unterlagen zu jedem Bild vor, die zu folgender Nutzung berechtigen:<\/p>\n<p>&nbsp;<\/p>\n<ol>\n<li>Als digitale Reproduktion unter anderem auf Websites, in Onlinewerbung, sozialen Netzwerken, Mobilwerbung, mobilen Apps, Software, elektronischen Postkarten, elektronischen Ver\u00f6ffentlichungen (E-Books, E-Magazine, Blogs usw.) und in Onlinemedien (einschlie\u00dflich Video-Sharing-Dienste wie YouTube, Dailymotion, Vimeo usw. und unter Ber\u00fccksichtigung der Etatbeschr\u00e4nkungen aus untenstehendem Unterparagraphen I.a.i.4);<\/li>\n<li>Als materieller Aufdruck im Rahmen einer Produktverpackung und Etikettierung, eines Briefkopfes oder von Visitenkarten, von Werbung an Verkaufsstellen, Plakatw\u00e4nden, der Gestaltung von CD- oder DVD-Covern bzw. im Rahmen der Werbung f\u00fcr Printmedien oder ihrer redaktionellen Inhalte einschlie\u00dflich Magazine, Zeitungen und B\u00fccher, sofern keines der Bilder in einer Auflage von mehr als insgesamt 500.000 Exemplaren erscheint.<\/li>\n<li>Als Teil einer \u201eOut-of-Home\u201c-Werbekampagne, sofern die Impressions der Zielgruppe insgesamt weniger als 500.000 betragen.<\/li>\n<li>Als Teil von Filmen, Videos, Fernsehserien, Werbung oder anderen Multimediaproduktionen zur Verbreitung \u00fcber jegliches heute bereits bekannte oder k\u00fcnftig entwickelte Medium (jeweils eine \u201eProduktion\u201c), ungeachtet der Gr\u00f6\u00dfe des Publikums doch mit der Einschr\u00e4nkung, dass der Etat f\u00fcr eine solche Produktion nicht \u00fcber 10.000 USD liegen darf.<\/li>\n<\/ol>\n<p>[\/et_pb_text][\/et_pb_column][\/et_pb_row][\/et_pb_section]<\/p>\n","protected":false},"excerpt":{"rendered":"<p>Bild # Seite Position Bildnumnmer Bildtitel Urheberrecht Belegnummer Bestellnummer Kaufdatum Quelle ID#A1 \/ueberblick\/ Slider 1\/1 332817335 Aerial overview Bangkok cityscape.Town scenery above the clouds carlos castilla NLNL-01EFA8DB8-1-4 SSTK-02768-609B \/ SSTK-0F264-4772 \/ SSTK-02CF8-2CE9 \/ SSTK-04B6C-080E 19.09.16 http:\/\/www.shutterstock.com ID#A2 \/ueberblick\/ Slider 1\/2 690293 Sky CC0 1.0 Universell (CC0 1.0) gem. pixabay gem. pixabay gem. pixabay https:\/\/pixabay.com ID#A3 [&hellip;]<\/p>\n","protected":false},"author":1,"featured_media":0,"parent":0,"menu_order":0,"comment_status":"closed","ping_status":"closed","template":"","meta":{"_et_pb_use_builder":"on","_et_pb_old_content":"","_et_gb_content_width":"","jetpack_post_was_ever_published":false,"footnotes":""},"class_list":["post-449","page","type-page","status-publish","hentry"],"jetpack_shortlink":"https:\/\/wp.me\/P9j95s-7f","jetpack_sharing_enabled":true,"_links":{"self":[{"href":"https:\/\/primeaviator.com\/shopping\/wp-json\/wp\/v2\/pages\/449","targetHints":{"allow":["GET"]}}],"collection":[{"href":"https:\/\/primeaviator.com\/shopping\/wp-json\/wp\/v2\/pages"}],"about":[{"href":"https:\/\/primeaviator.com\/shopping\/wp-json\/wp\/v2\/types\/page"}],"author":[{"embeddable":true,"href":"https:\/\/primeaviator.com\/shopping\/wp-json\/wp\/v2\/users\/1"}],"replies":[{"embeddable":true,"href":"https:\/\/primeaviator.com\/shopping\/wp-json\/wp\/v2\/comments?post=449"}],"version-history":[{"count":23,"href":"https:\/\/primeaviator.com\/shopping\/wp-json\/wp\/v2\/pages\/449\/revisions"}],"predecessor-version":[{"id":2002,"href":"https:\/\/primeaviator.com\/shopping\/wp-json\/wp\/v2\/pages\/449\/revisions\/2002"}],"wp:attachment":[{"href":"https:\/\/primeaviator.com\/shopping\/wp-json\/wp\/v2\/media?parent=449"}],"curies":[{"name":"wp","href":"https:\/\/api.w.org\/{rel}","templated":true}]}}