{"id":3549,"date":"2020-11-13T18:29:26","date_gmt":"2020-11-13T18:29:26","guid":{"rendered":"https:\/\/primeaviator.com\/shopping\/?page_id=3549"},"modified":"2024-11-05T20:07:07","modified_gmt":"2024-11-05T20:07:07","slug":"3549-2","status":"publish","type":"page","link":"https:\/\/primeaviator.com\/shopping\/3549-2\/","title":{"rendered":"DEINDEAL Gutscheine"},"content":{"rendered":"<p>[et_pb_section fb_built=&#8220;1&#8243; _builder_version=&#8220;4.5.3&#8243; _module_preset=&#8220;default&#8220; min_height=&#8220;200px&#8220; custom_padding=&#8220;||9px|||&#8220;][et_pb_row _builder_version=&#8220;4.5.3&#8243; _module_preset=&#8220;default&#8220; custom_margin=&#8220;2px|auto||auto||&#8220; custom_padding=&#8220;||0px|||&#8220;][et_pb_column type=&#8220;4_4&#8243; _builder_version=&#8220;4.5.3&#8243; _module_preset=&#8220;default&#8220;][et_pb_text _builder_version=&#8220;4.5.3&#8243; _module_preset=&#8220;default&#8220;]<\/p>\n<h3 style=\"text-align: center;\">Vielen Dank dass Sie sich f\u00fcr uns und unseren Partner DEINDEAL entschieden haben<\/h3>\n<p>[\/et_pb_text][et_pb_text _builder_version=&#8220;4.5.3&#8243; _module_preset=&#8220;default&#8220;]<\/p>\n<p>Erhalten Sie jetzt ihr PRIME AVIATOR Ticket f\u00fcr die Saison 2021. Nach dem Einl\u00f6sen senden wir Ihnen binnen 24h Ihr Ticket per E-Mail zu. Mit Ihrem Ticket Code k\u00f6nnen Sie dann einen Termin am Standort Ihrer Wahl buchen. Bitte geben Sie dazu die erforderlichen Daten ein. Wir freuen uns auf den Flug mit Ihnen.<\/p>\n<p>[\/et_pb_text][\/et_pb_column][\/et_pb_row][\/et_pb_section][et_pb_section fb_built=&#8220;1&#8243; specialty=&#8220;on&#8220; _builder_version=&#8220;4.5.3&#8243; _module_preset=&#8220;default&#8220; custom_padding=&#8220;7px||6px|||&#8220;][et_pb_column type=&#8220;1_2&#8243; specialty_columns=&#8220;2&#8243; _builder_version=&#8220;3.25&#8243; custom_padding=&#8220;|||&#8220; custom_padding__hover=&#8220;|||&#8220;][et_pb_row_inner _builder_version=&#8220;4.5.3&#8243; _module_preset=&#8220;default&#8220;][et_pb_column_inner saved_specialty_column_type=&#8220;1_2&#8243; _builder_version=&#8220;4.5.3&#8243; _module_preset=&#8220;default&#8220;][et_pb_image src=&#8220;https:\/\/primeaviator.com\/wp-content\/uploads\/2020\/11\/DEINDEALekl\u00e4rung.jpg&#8220; title_text=&#8220;DEINDEALekl\u00e4rung&#8220; _builder_version=&#8220;4.5.3&#8243; _module_preset=&#8220;default&#8220;][\/et_pb_image][\/et_pb_column_inner][\/et_pb_row_inner][et_pb_row_inner column_structure=&#8220;1_2,1_2&#8243; _builder_version=&#8220;4.5.3&#8243; _module_preset=&#8220;default&#8220; custom_margin=&#8220;||-45px|||&#8220;][et_pb_column_inner type=&#8220;1_2&#8243; saved_specialty_column_type=&#8220;1_2&#8243; _builder_version=&#8220;4.5.3&#8243; _module_preset=&#8220;default&#8220;][et_pb_text _builder_version=&#8220;4.5.3&#8243; _module_preset=&#8220;default&#8220;]<\/p>\n<p><strong>Wo finde ich meine PIN ?<\/strong><\/p>\n<p>Ihre PIN finden Sie in Ihrem Account auf DeinDeal.ch und auf dem ausgedruckten Gutschein.<\/p>\n<p><strong>Warum soll ich meine Handynummer angeben ?<\/strong><\/p>\n<p>Sie erhalten so am Flugtag schneller eventuelle Updates zu Ihrem Flug. Wir senden Ihnen keine Werbemitteilungen.\u00a0<\/p>\n<p>&nbsp;<\/p>\n<p>[\/et_pb_text][\/et_pb_column_inner][et_pb_column_inner type=&#8220;1_2&#8243; saved_specialty_column_type=&#8220;1_2&#8243; _builder_version=&#8220;4.5.3&#8243; _module_preset=&#8220;default&#8220;][et_pb_text _builder_version=&#8220;4.5.3&#8243; _module_preset=&#8220;default&#8220;]<\/p>\n<p><strong>Wo kann ich die Video Option zus\u00e4tzlich buchen ?<\/strong><\/p>\n<p>Sie k\u00f6nnen die Video Option hier im Webshop erwerben und auf dem Ticket vermerken lassen.\u00a0<a href=\"https:\/\/primeaviator.com\/shopping\/produkt\/hd-on-board-video\/\" target=\"_blank\" rel=\"noopener noreferrer\" title=\"Jetzt Upgraden\">Jetzt upgraden<\/a><\/p>\n<p><strong>Kann man zus\u00e4tzliche Flugzeit buchen ?<\/strong><\/p>\n<p>Eine Flugzeitverl\u00e4ngerung kann ebenfalls \u00fcber den Webshop gebucht werden. Am Flugtag selbst ist dies nicht immer machbar.\u00a0<a href=\"https:\/\/primeaviator.com\/shopping\/produkt\/zusaetzliche-flugzeit\/\" title=\"Jetzt Flugzeit verl\u00e4ngern\">Jetzt verl\u00e4ngern<\/a><\/p>\n<p>&nbsp;<\/p>\n<p>[\/et_pb_text][\/et_pb_column_inner][\/et_pb_row_inner][\/et_pb_column][et_pb_column type=&#8220;1_2&#8243; _builder_version=&#8220;3.25&#8243; custom_padding=&#8220;|||&#8220; custom_padding__hover=&#8220;|||&#8220;][et_pb_contact_form email=&#8220;info@primeaviator.com&#8220; title=&#8220;L\u00f6sen Sie hier Ihren Gutschein ein.&#8220; custom_message=&#8220;Sehr geehrte Damen und Herren,||et_pb_line_break_holder||||et_pb_line_break_holder||Es wurde ein Groupon Gutschein zur Pr\u00fcfung eingereicht:||et_pb_line_break_holder||||et_pb_line_break_holder||Kunde: %%Name%%||et_pb_line_break_holder||Mail: %%Email%%||et_pb_line_break_holder||Mobilfunknummer: %%Mobilfunknummer%%||et_pb_line_break_holder||Standort: %%Standort%%||et_pb_line_break_holder||PIN: %%PIN%%||et_pb_line_break_holder||||et_pb_line_break_holder||Sonstiges:||et_pb_line_break_holder||||et_pb_line_break_holder||Der Kunde gibt an folgende Hinweise zur Kenntnis genommen zu haben:||et_pb_line_break_holder||||et_pb_line_break_holder||%%Kenntnisnahme1%%||et_pb_line_break_holder||%%Kenntnisnahme2%%||et_pb_line_break_holder||%%Kenntnisnahme3%%||et_pb_line_break_holder||%%Kenntnisnahme4%%||et_pb_line_break_holder||||et_pb_line_break_holder||Weiteres Verfahren:||et_pb_line_break_holder||||et_pb_line_break_holder||- Bitte die SEC pr\u00fcfen und Einreichung vorbereiten||et_pb_line_break_holder||- Kundendaten Excel Tabelle eintragen ||et_pb_line_break_holder||- Daten sicher ablegen||et_pb_line_break_holder||- Kunden das Ticket ausstellen und per Mail zusenden.||et_pb_line_break_holder||||et_pb_line_break_holder||Die in dieser E-Mail und den dazugehoerigen Anhaengen (die Nachricht) enthaltenen Informationen sind nur fuer den Adressaten bestimmt und koennen vertrauliche und\/oder rechtlich geschuetzte Informationen enthalten. Sollten Sie die Nachrichtm irrtuemlich erhalten haben, loeschen Sie die Nachricht bitte und benachrichtigen Sie den Absender, ohne die Nachricht zu kopieren oder zu verteilen oder ihren Inhalt an andere Personen weiterzugeben. Ausser bei Vorsatz oder grober Fahrlaessigkeit schliessen wir jegliche Haftung fuer Verluste oder Schaeden aus, die durch virenbefallene Software oder E-Mails verursacht werden.||et_pb_line_break_holder||||et_pb_line_break_holder||The information contained in this e-mail and any attachments (the message) is intended for the addressee only and may contain confidential and\/or privileged information. If you have received the message by mistake please delete it and notify the sender and do not copy or distribute it or disclose its contents to anyone. Except in case of gross negligence or wilful misconduct we accept no liability for any loss or damage caused by software or e-mail viruses.&#8220; use_redirect=&#8220;on&#8220; redirect_url=&#8220;https:\/\/primeaviator.com\/shopping\/?page_id=3566&#8243; success_message=&#8220;Sie haben den Gutschein verbindlich eingel\u00f6st&#8220; submit_button_text=&#8220;Einl\u00f6sen&#8220; _builder_version=&#8220;4.5.3&#8243; _module_preset=&#8220;default&#8220; background_color=&#8220;#ffffff&#8220; hover_enabled=&#8220;0&#8243; submit_button_text__hover_enabled=&#8220;off|desktop&#8220;][et_pb_contact_field field_id=&#8220;Name&#8220; field_title=&#8220;Name&#8220; _builder_version=&#8220;4.5.3&#8243; button_text_size__hover_enabled=&#8220;off&#8220; button_one_text_size__hover_enabled=&#8220;off&#8220; button_two_text_size__hover_enabled=&#8220;off&#8220; button_text_color__hover_enabled=&#8220;off&#8220; button_one_text_color__hover_enabled=&#8220;off&#8220; button_two_text_color__hover_enabled=&#8220;off&#8220; button_border_width__hover_enabled=&#8220;off&#8220; button_one_border_width__hover_enabled=&#8220;off&#8220; button_two_border_width__hover_enabled=&#8220;off&#8220; button_border_color__hover_enabled=&#8220;off&#8220; button_one_border_color__hover_enabled=&#8220;off&#8220; button_two_border_color__hover_enabled=&#8220;off&#8220; button_border_radius__hover_enabled=&#8220;off&#8220; button_one_border_radius__hover_enabled=&#8220;off&#8220; button_two_border_radius__hover_enabled=&#8220;off&#8220; button_letter_spacing__hover_enabled=&#8220;off&#8220; button_one_letter_spacing__hover_enabled=&#8220;off&#8220; button_two_letter_spacing__hover_enabled=&#8220;off&#8220; button_bg_color__hover_enabled=&#8220;off&#8220; button_one_bg_color__hover_enabled=&#8220;off&#8220; button_two_bg_color__hover_enabled=&#8220;off&#8220;][\/et_pb_contact_field][et_pb_contact_field field_id=&#8220;Email&#8220; field_title=&#8220;E-Mail-Adresse&#8220; field_type=&#8220;email&#8220; _builder_version=&#8220;4.5.3&#8243; button_text_size__hover_enabled=&#8220;off&#8220; button_one_text_size__hover_enabled=&#8220;off&#8220; button_two_text_size__hover_enabled=&#8220;off&#8220; button_text_color__hover_enabled=&#8220;off&#8220; button_one_text_color__hover_enabled=&#8220;off&#8220; button_two_text_color__hover_enabled=&#8220;off&#8220; button_border_width__hover_enabled=&#8220;off&#8220; button_one_border_width__hover_enabled=&#8220;off&#8220; button_two_border_width__hover_enabled=&#8220;off&#8220; button_border_color__hover_enabled=&#8220;off&#8220; button_one_border_color__hover_enabled=&#8220;off&#8220; button_two_border_color__hover_enabled=&#8220;off&#8220; button_border_radius__hover_enabled=&#8220;off&#8220; button_one_border_radius__hover_enabled=&#8220;off&#8220; button_two_border_radius__hover_enabled=&#8220;off&#8220; button_letter_spacing__hover_enabled=&#8220;off&#8220; button_one_letter_spacing__hover_enabled=&#8220;off&#8220; button_two_letter_spacing__hover_enabled=&#8220;off&#8220; button_bg_color__hover_enabled=&#8220;off&#8220; button_one_bg_color__hover_enabled=&#8220;off&#8220; button_two_bg_color__hover_enabled=&#8220;off&#8220;][\/et_pb_contact_field][et_pb_contact_field field_id=&#8220;Mobilfunknummer&#8220; field_title=&#8220;Mobilfunknummer&#8220; min_length=&#8220;8&#8243; allowed_symbols=&#8220;numbers&#8220; required_mark=&#8220;off&#8220; _builder_version=&#8220;4.5.3&#8243; button_text_size__hover_enabled=&#8220;off&#8220; button_one_text_size__hover_enabled=&#8220;off&#8220; button_two_text_size__hover_enabled=&#8220;off&#8220; button_text_color__hover_enabled=&#8220;off&#8220; button_one_text_color__hover_enabled=&#8220;off&#8220; button_two_text_color__hover_enabled=&#8220;off&#8220; button_border_width__hover_enabled=&#8220;off&#8220; button_one_border_width__hover_enabled=&#8220;off&#8220; button_two_border_width__hover_enabled=&#8220;off&#8220; button_border_color__hover_enabled=&#8220;off&#8220; button_one_border_color__hover_enabled=&#8220;off&#8220; button_two_border_color__hover_enabled=&#8220;off&#8220; button_border_radius__hover_enabled=&#8220;off&#8220; button_one_border_radius__hover_enabled=&#8220;off&#8220; button_two_border_radius__hover_enabled=&#8220;off&#8220; button_letter_spacing__hover_enabled=&#8220;off&#8220; button_one_letter_spacing__hover_enabled=&#8220;off&#8220; button_two_letter_spacing__hover_enabled=&#8220;off&#8220; button_bg_color__hover_enabled=&#8220;off&#8220; button_one_bg_color__hover_enabled=&#8220;off&#8220; button_two_bg_color__hover_enabled=&#8220;off&#8220;][\/et_pb_contact_field][et_pb_contact_field field_id=&#8220;Standort&#8220; field_title=&#8220;Standort&#8220; field_type=&#8220;select&#8220; select_options=&#8220;%91{%22value%22:%22Stuttgart \/ Heubach%22,%22checked%22:0,%22dragID%22:-1},{%22value%22:%22Bonn \/ Sankt Augustin%22,%22checked%22:0,%22dragID%22:0}%93&#8243; _builder_version=&#8220;4.5.3&#8243; button_text_size__hover_enabled=&#8220;off&#8220; button_one_text_size__hover_enabled=&#8220;off&#8220; button_two_text_size__hover_enabled=&#8220;off&#8220; button_text_color__hover_enabled=&#8220;off&#8220; button_one_text_color__hover_enabled=&#8220;off&#8220; button_two_text_color__hover_enabled=&#8220;off&#8220; button_border_width__hover_enabled=&#8220;off&#8220; button_one_border_width__hover_enabled=&#8220;off&#8220; button_two_border_width__hover_enabled=&#8220;off&#8220; button_border_color__hover_enabled=&#8220;off&#8220; button_one_border_color__hover_enabled=&#8220;off&#8220; button_two_border_color__hover_enabled=&#8220;off&#8220; button_border_radius__hover_enabled=&#8220;off&#8220; button_one_border_radius__hover_enabled=&#8220;off&#8220; button_two_border_radius__hover_enabled=&#8220;off&#8220; button_letter_spacing__hover_enabled=&#8220;off&#8220; button_one_letter_spacing__hover_enabled=&#8220;off&#8220; button_two_letter_spacing__hover_enabled=&#8220;off&#8220; button_bg_color__hover_enabled=&#8220;off&#8220; button_one_bg_color__hover_enabled=&#8220;off&#8220; button_two_bg_color__hover_enabled=&#8220;off&#8220;][\/et_pb_contact_field][et_pb_contact_field field_id=&#8220;PIN&#8220; field_title=&#8220;PIN&#8220; min_length=&#8220;6&#8243; max_length=&#8220;6&#8243; fullwidth_field=&#8220;on&#8220; _builder_version=&#8220;4.5.3&#8243; _module_preset=&#8220;default&#8220;][\/et_pb_contact_field][et_pb_contact_field field_id=&#8220;Kenntnisnahme1&#8243; field_title=&#8220;Informationen zur Kenntisnahme&#8220; field_type=&#8220;checkbox&#8220; checkbox_options=&#8220;%91{%22value%22:%22Mir ist bewusst, dass der Gutschein nach dem Einl\u00f6sen nicht zur\u00fcckgegeben werden kann und das Ticket bis zum 30.11.2021 an einem verf\u00fcgbaren Termin eingel\u00f6st werden muss.%22,%22checked%22:0,%22dragID%22:-1}%93&#8243; fullwidth_field=&#8220;on&#8220; _builder_version=&#8220;4.5.3&#8243; _module_preset=&#8220;default&#8220; hover_enabled=&#8220;0&#8243;][\/et_pb_contact_field][et_pb_contact_field field_id=&#8220;Kenntnisnahme3&#8243; field_title=&#8220;Stornobedigungen zur Kenntisnahme&#8220; field_type=&#8220;checkbox&#8220; checkbox_options=&#8220;%91{%22value%22:%22Mir ist bewusst, dass ich einen gebuchten Termin mindestens 5 Tage in Voraus stornieren muss. Sonst erlischt der Anspruch auf Leistung.%22,%22checked%22:0,%22dragID%22:-1}%93&#8243; fullwidth_field=&#8220;on&#8220; _builder_version=&#8220;4.5.3&#8243; _module_preset=&#8220;default&#8220;][\/et_pb_contact_field][et_pb_contact_field field_id=&#8220;Kenntnisnahme4&#8243; field_title=&#8220;AGB und Datenschutz Kenntisnahme&#8220; field_type=&#8220;checkbox&#8220; checkbox_options=&#8220;%91{%22value%22:%22Ich akzeptiere die %22,%22checked%22:0,%22dragID%22:-1,%22link_url%22:%22https:\/\/primeaviator.com\/shopping\/datenschutz\/%22,%22link_text%22:%22Datenschutzrichtlinien%22},{%22value%22:%22Ich akzeptiere die %22,%22checked%22:0,%22dragID%22:0,%22link_text%22:%22Allgemeinen Gesch\u00e4ftsbedingungen%22,%22link_url%22:%22https:\/\/primeaviator.com\/shopping\/agb\/%22}%93&#8243; fullwidth_field=&#8220;on&#8220; _builder_version=&#8220;4.5.3&#8243; _module_preset=&#8220;default&#8220;][\/et_pb_contact_field][\/et_pb_contact_form][\/et_pb_column][\/et_pb_section][et_pb_section fb_built=&#8220;1&#8243; _builder_version=&#8220;4.5.3&#8243; _module_preset=&#8220;default&#8220; custom_padding=&#8220;1px|||||&#8220;][et_pb_row _builder_version=&#8220;4.5.3&#8243; _module_preset=&#8220;default&#8220; custom_margin=&#8220;-17px|auto||auto||&#8220; custom_padding=&#8220;0px|||||&#8220;][et_pb_column type=&#8220;4_4&#8243; _builder_version=&#8220;4.5.3&#8243; _module_preset=&#8220;default&#8220;][et_pb_text _builder_version=&#8220;4.5.3&#8243; _module_preset=&#8220;default&#8220; custom_padding=&#8220;0px|||||&#8220;]<\/p>\n<p><strong>So geht es nach der Einl\u00f6sung weiter:<\/strong><\/p>\n<p>Sie erhalten von uns innerhalb der n\u00e4chsten 48h Ihr Ticket. Mit dem Ticket-Code k\u00f6nnen Sie dann auf unserem\u00a0<a href=\"https:\/\/primeaviator.com\/shopping\/terminkalender-2\/\" target=\"_blank\" rel=\"noopener noreferrer\" title=\"Terminkalender\">Terminkalender<\/a>\u00a0einen Termin an einem der verf\u00fcgbaren Standorte buchen.\u00a0<\/p>\n<p>[\/et_pb_text][\/et_pb_column][\/et_pb_row][et_pb_row column_structure=&#8220;1_4,1_4,1_4,1_4&#8243; _builder_version=&#8220;4.5.3&#8243; _module_preset=&#8220;default&#8220;][et_pb_column type=&#8220;1_4&#8243; _builder_version=&#8220;4.5.3&#8243; _module_preset=&#8220;default&#8220;][et_pb_image src=&#8220;https:\/\/primeaviator.com\/wp-content\/uploads\/2017\/10\/ralfbaumgarten_web_blackeshape_primeaviator-6922.jpg&#8220; title_text=&#8220;\u00a9ralfbaumgarten_web_BlackeShape_PrimeAviator-6922&#8243; _builder_version=&#8220;4.5.3&#8243; _module_preset=&#8220;default&#8220;][\/et_pb_image][\/et_pb_column][et_pb_column type=&#8220;1_4&#8243; _builder_version=&#8220;4.5.3&#8243; _module_preset=&#8220;default&#8220;][et_pb_image src=&#8220;https:\/\/primeaviator.com\/wp-content\/uploads\/2017\/10\/ralfbaumgarten_web_blackeshape_primeaviator-7104.jpg&#8220; title_text=&#8220;\u00a9ralfbaumgarten_web_BlackeShape_PrimeAviator-7104&#8243; _builder_version=&#8220;4.5.3&#8243; _module_preset=&#8220;default&#8220;][\/et_pb_image][\/et_pb_column][et_pb_column type=&#8220;1_4&#8243; _builder_version=&#8220;4.5.3&#8243; _module_preset=&#8220;default&#8220;][et_pb_image src=&#8220;https:\/\/primeaviator.com\/wp-content\/uploads\/2017\/10\/ralfbaumgarten_web_blackeshape_primeaviator-6692.jpg&#8220; title_text=&#8220;\u00a9ralfbaumgarten_web_BlackeShape_PrimeAviator-6692&#8243; _builder_version=&#8220;4.5.3&#8243; _module_preset=&#8220;default&#8220;][\/et_pb_image][\/et_pb_column][et_pb_column type=&#8220;1_4&#8243; _builder_version=&#8220;4.5.3&#8243; _module_preset=&#8220;default&#8220;][et_pb_image src=&#8220;https:\/\/primeaviator.com\/wp-content\/uploads\/2017\/10\/ralfbaumgarten_web_blackeshape_primeaviator-6273.jpg&#8220; title_text=&#8220;\u00a9ralfbaumgarten_web_BlackeShape_PrimeAviator-6273&#8243; _builder_version=&#8220;4.5.3&#8243; _module_preset=&#8220;default&#8220;][\/et_pb_image][\/et_pb_column][\/et_pb_row][\/et_pb_section]<\/p>\n","protected":false},"excerpt":{"rendered":"<p>Vielen Dank dass Sie sich f\u00fcr uns und unseren Partner DEINDEAL entschieden habenErhalten Sie jetzt ihr PRIME AVIATOR Ticket f\u00fcr die Saison 2021. Nach dem Einl\u00f6sen senden wir Ihnen binnen 24h Ihr Ticket per E-Mail zu. Mit Ihrem Ticket Code k\u00f6nnen Sie dann einen Termin am Standort Ihrer Wahl buchen. Bitte geben Sie dazu die [&hellip;]<\/p>\n","protected":false},"author":1,"featured_media":0,"parent":0,"menu_order":0,"comment_status":"closed","ping_status":"closed","template":"","meta":{"_et_pb_use_builder":"on","_et_pb_old_content":"","_et_gb_content_width":"","jetpack_post_was_ever_published":false,"footnotes":""},"class_list":["post-3549","page","type-page","status-publish","hentry"],"jetpack_shortlink":"https:\/\/wp.me\/P9j95s-Vf","jetpack_sharing_enabled":true,"_links":{"self":[{"href":"https:\/\/primeaviator.com\/shopping\/wp-json\/wp\/v2\/pages\/3549","targetHints":{"allow":["GET"]}}],"collection":[{"href":"https:\/\/primeaviator.com\/shopping\/wp-json\/wp\/v2\/pages"}],"about":[{"href":"https:\/\/primeaviator.com\/shopping\/wp-json\/wp\/v2\/types\/page"}],"author":[{"embeddable":true,"href":"https:\/\/primeaviator.com\/shopping\/wp-json\/wp\/v2\/users\/1"}],"replies":[{"embeddable":true,"href":"https:\/\/primeaviator.com\/shopping\/wp-json\/wp\/v2\/comments?post=3549"}],"version-history":[{"count":12,"href":"https:\/\/primeaviator.com\/shopping\/wp-json\/wp\/v2\/pages\/3549\/revisions"}],"predecessor-version":[{"id":4622,"href":"https:\/\/primeaviator.com\/shopping\/wp-json\/wp\/v2\/pages\/3549\/revisions\/4622"}],"wp:attachment":[{"href":"https:\/\/primeaviator.com\/shopping\/wp-json\/wp\/v2\/media?parent=3549"}],"curies":[{"name":"wp","href":"https:\/\/api.w.org\/{rel}","templated":true}]}}