{"id":3490,"date":"2020-11-10T16:45:07","date_gmt":"2020-11-10T16:45:07","guid":{"rendered":"https:\/\/primeaviator.com\/shopping\/?page_id=3490"},"modified":"2026-04-08T12:14:30","modified_gmt":"2026-04-08T12:14:30","slug":"groupon","status":"publish","type":"page","link":"https:\/\/primeaviator.com\/shopping\/groupon\/","title":{"rendered":"GROUPON Gutscheine"},"content":{"rendered":"<p>[et_pb_section fb_built=&#8220;1&#8243; _builder_version=&#8220;4.16&#8243; _module_preset=&#8220;default&#8220; custom_padding=&#8220;||0px|||&#8220; global_colors_info=&#8220;{}&#8220;][et_pb_row _builder_version=&#8220;4.16&#8243; _module_preset=&#8220;default&#8220; global_colors_info=&#8220;{}&#8220;][et_pb_column type=&#8220;4_4&#8243; _builder_version=&#8220;4.16&#8243; _module_preset=&#8220;default&#8220; global_colors_info=&#8220;{}&#8220;][et_pb_text _builder_version=&#8220;4.16&#8243; _module_preset=&#8220;default&#8220; header_3_line_height=&#8220;1.5em&#8220; global_colors_info=&#8220;{}&#8220;]<\/p>\n<h3 style=\"text-align: center;\">Vielen Dank dass Sie sich f\u00fcr uns und unseren Partner GROUPON entschieden haben<\/h3>\n<p>[\/et_pb_text][\/et_pb_column][\/et_pb_row][et_pb_row _builder_version=&#8220;4.16&#8243; _module_preset=&#8220;default&#8220; global_colors_info=&#8220;{}&#8220;][et_pb_column type=&#8220;4_4&#8243; _builder_version=&#8220;4.16&#8243; _module_preset=&#8220;default&#8220; global_colors_info=&#8220;{}&#8220;][et_pb_text _builder_version=&#8220;4.27.6&#8243; _module_preset=&#8220;default&#8220; hover_enabled=&#8220;0&#8243; global_colors_info=&#8220;{}&#8220; sticky_enabled=&#8220;0&#8243;]<\/p>\n<p>Erhalten Sie jetzt ihr PRIME AVIATOR Ticket f\u00fcr die Saison 2026. Nach dem Eintauschen senden wir Ihnen binnen 48h Ihr Ticket per E-Mail zu. Mit Ihrem Ticket Code k\u00f6nnen Sie dann einen Termin am Standort Ihrer Wahl buchen. Bitte geben Sie dazu die erforderlichen Daten ein. Wir freuen uns auf den Flug mit Ihnen.<\/p>\n<p>[\/et_pb_text][\/et_pb_column][\/et_pb_row][\/et_pb_section][et_pb_section fb_built=&#8220;1&#8243; specialty=&#8220;on&#8220; _builder_version=&#8220;4.16&#8243; _module_preset=&#8220;default&#8220; min_height=&#8220;701px&#8220; custom_padding=&#8220;0px||0px|||&#8220; global_colors_info=&#8220;{}&#8220;][et_pb_column type=&#8220;1_2&#8243; specialty_columns=&#8220;2&#8243; _builder_version=&#8220;4.16&#8243; custom_padding=&#8220;|||&#8220; global_colors_info=&#8220;{}&#8220; custom_padding__hover=&#8220;|||&#8220;][et_pb_row_inner _builder_version=&#8220;4.16&#8243; _module_preset=&#8220;default&#8220; global_colors_info=&#8220;{}&#8220;][et_pb_column_inner saved_specialty_column_type=&#8220;1_2&#8243; _builder_version=&#8220;4.16&#8243; _module_preset=&#8220;default&#8220; global_colors_info=&#8220;{}&#8220;][et_pb_image src=&#8220;https:\/\/primeaviator.com\/wp-content\/uploads\/2020\/11\/Find1.jpg&#8220; title_text=&#8220;Find1&#8243; _builder_version=&#8220;4.16&#8243; _module_preset=&#8220;default&#8220; global_colors_info=&#8220;{}&#8220;][\/et_pb_image][\/et_pb_column_inner][\/et_pb_row_inner][et_pb_row_inner column_structure=&#8220;1_2,1_2&#8243; _builder_version=&#8220;4.16&#8243; _module_preset=&#8220;default&#8220; global_colors_info=&#8220;{}&#8220;][et_pb_column_inner type=&#8220;1_2&#8243; saved_specialty_column_type=&#8220;1_2&#8243; _builder_version=&#8220;4.16&#8243; _module_preset=&#8220;default&#8220; global_colors_info=&#8220;{}&#8220;][et_pb_text _builder_version=&#8220;4.16&#8243; _module_preset=&#8220;default&#8220; global_colors_info=&#8220;{}&#8220;]<\/p>\n<p><strong>Wo finde ich meinen Security Code ?<\/strong><\/p>\n<p>Ihren Security Code finden Sie in Ihrem Account auf groupon.de oder in der App im Bereich &#8222;Gutschein anzeigen&#8220;.\u00a0<\/p>\n<p><strong>Warum soll ich meine Handynummer angeben ?<\/strong><\/p>\n<p>Sie erhalten so am Flugtag schneller eventuelle Updates zu Ihrem Flug. Wir senden Ihnen keine Werbemitteilungen.\u00a0<\/p>\n<p>&nbsp;<\/p>\n<p>[\/et_pb_text][\/et_pb_column_inner][et_pb_column_inner type=&#8220;1_2&#8243; saved_specialty_column_type=&#8220;1_2&#8243; _builder_version=&#8220;4.16&#8243; _module_preset=&#8220;default&#8220; global_colors_info=&#8220;{}&#8220;][et_pb_text _builder_version=&#8220;4.16&#8243; _module_preset=&#8220;default&#8220; global_colors_info=&#8220;{}&#8220;]<\/p>\n<p><strong>Wo kann ich die Video Option zus\u00e4tzlich buchen ?<\/strong><\/p>\n<p>Sie k\u00f6nnen die Video Option hier im Webshop erwerben und auf dem Ticket vermerken lassen.\u00a0<a href=\"https:\/\/primeaviator.com\/shopping\/produkt\/hd-on-board-video\/\" target=\"_blank\" rel=\"noopener noreferrer\" title=\"Jetzt Upgraden\">Jetzt upgraden<\/a><\/p>\n<p><strong>Kann man zus\u00e4tzliche Flugzeit buchen ?<\/strong><\/p>\n<p>Eine Flugzeitverl\u00e4ngerung kann ebenfalls \u00fcber den Webshop gebucht werden. Am Flugtag selbst ist dies nicht immer machbar.\u00a0<a href=\"https:\/\/primeaviator.com\/shopping\/produkt\/zusaetzliche-flugzeit\/\" title=\"Jetzt Flugzeit verl\u00e4ngern\">Jetzt verl\u00e4ngern<\/a><\/p>\n<p>&nbsp;<\/p>\n<p>[\/et_pb_text][\/et_pb_column_inner][\/et_pb_row_inner][\/et_pb_column][et_pb_column type=&#8220;1_2&#8243; _builder_version=&#8220;4.16&#8243; custom_padding=&#8220;|||&#8220; global_colors_info=&#8220;{}&#8220; custom_padding__hover=&#8220;|||&#8220;][et_pb_contact_form email=&#8220;ticket@primeaviator.com&#8220; title=&#8220;L\u00f6sen Sie hier Ihren Gutschein im Tausch f\u00fcr ein Ticket ein.&#8220; custom_message=&#8220;Sehr geehrte Damen und Herren,||et_pb_line_break_holder||||et_pb_line_break_holder||Es wurde ein Groupon Gutschein zur Pr\u00fcfung eingereicht:||et_pb_line_break_holder||||et_pb_line_break_holder||Kunde: %%Name%%||et_pb_line_break_holder||Mail: %%Email%%||et_pb_line_break_holder||Mobilfunknummer: %%Mobilfunknummer%%||et_pb_line_break_holder||Standort: %%Standort%%||et_pb_line_break_holder||SEC: %%SEC%%||et_pb_line_break_holder||||et_pb_line_break_holder||Sonstiges:||et_pb_line_break_holder||||et_pb_line_break_holder||Der Kunde gibt an folgende Hinweise zur Kenntnis genommen zu haben:||et_pb_line_break_holder||||et_pb_line_break_holder||%%Kenntnisnahme1%%||et_pb_line_break_holder||%%Kenntnisnahme2%%||et_pb_line_break_holder||%%Kenntnisnahme3%%||et_pb_line_break_holder||%%Kenntnisnahme4%%||et_pb_line_break_holder||%%Kenntnisnahme5%%||et_pb_line_break_holder||||et_pb_line_break_holder||Weiteres Verfahren:||et_pb_line_break_holder||||et_pb_line_break_holder||- Bitte die SEC pr\u00fcfen und Einreichung vorbereiten||et_pb_line_break_holder||- Kundendaten Excel Tabelle eintragen ||et_pb_line_break_holder||- Daten sicher ablegen||et_pb_line_break_holder||- Kunden das Ticket ausstellen und per Mail zusenden.||et_pb_line_break_holder||||et_pb_line_break_holder||Die in dieser E-Mail und den dazugehoerigen Anhaengen (die Nachricht) enthaltenen Informationen sind nur fuer den Adressaten bestimmt und koennen vertrauliche und\/oder rechtlich geschuetzte Informationen enthalten. Sollten Sie die Nachrichtm irrtuemlich erhalten haben, loeschen Sie die Nachricht bitte und benachrichtigen Sie den Absender, ohne die Nachricht zu kopieren oder zu verteilen oder ihren Inhalt an andere Personen weiterzugeben. Ausser bei Vorsatz oder grober Fahrlaessigkeit schliessen wir jegliche Haftung fuer Verluste oder Schaeden aus, die durch virenbefallene Software oder E-Mails verursacht werden.||et_pb_line_break_holder||||et_pb_line_break_holder||The information contained in this e-mail and any attachments (the message) is intended for the addressee only and may contain confidential and\/or privileged information. If you have received the message by mistake please delete it and notify the sender and do not copy or distribute it or disclose its contents to anyone. Except in case of gross negligence or wilful misconduct we accept no liability for any loss or damage caused by software or e-mail viruses.&#8220; use_redirect=&#8220;on&#8220; redirect_url=&#8220;https:\/\/primeaviator.com\/shopping\/?page_id=3566&#8243; success_message=&#8220;Sie haben den Gutschein verbindlich gegen ein Ticket getauscht&#8220; submit_button_text=&#8220;Einl\u00f6sen&#8220; _builder_version=&#8220;4.27.6&#8243; _module_preset=&#8220;default&#8220; _unique_id=&#8220;b6ea2031-70f2-4e63-9a3c-99f176d0e88f&#8220; background_color=&#8220;#ffffff&#8220; hover_enabled=&#8220;0&#8243; global_colors_info=&#8220;{}&#8220; submit_button_text__hover_enabled=&#8220;off|desktop&#8220; sticky_enabled=&#8220;0&#8243;][et_pb_contact_field field_id=&#8220;Name&#8220; field_title=&#8220;Name&#8220; _builder_version=&#8220;4.27.0&#8243; global_colors_info=&#8220;{}&#8220; button_text_size__hover_enabled=&#8220;off&#8220; button_one_text_size__hover_enabled=&#8220;off&#8220; button_two_text_size__hover_enabled=&#8220;off&#8220; button_text_color__hover_enabled=&#8220;off&#8220; button_one_text_color__hover_enabled=&#8220;off&#8220; button_two_text_color__hover_enabled=&#8220;off&#8220; button_border_width__hover_enabled=&#8220;off&#8220; button_one_border_width__hover_enabled=&#8220;off&#8220; button_two_border_width__hover_enabled=&#8220;off&#8220; button_border_color__hover_enabled=&#8220;off&#8220; button_one_border_color__hover_enabled=&#8220;off&#8220; button_two_border_color__hover_enabled=&#8220;off&#8220; button_border_radius__hover_enabled=&#8220;off&#8220; button_one_border_radius__hover_enabled=&#8220;off&#8220; button_two_border_radius__hover_enabled=&#8220;off&#8220; button_letter_spacing__hover_enabled=&#8220;off&#8220; button_one_letter_spacing__hover_enabled=&#8220;off&#8220; button_two_letter_spacing__hover_enabled=&#8220;off&#8220; button_bg_color__hover_enabled=&#8220;off&#8220; button_one_bg_color__hover_enabled=&#8220;off&#8220; button_two_bg_color__hover_enabled=&#8220;off&#8220;][\/et_pb_contact_field][et_pb_contact_field field_id=&#8220;Email&#8220; field_title=&#8220;E-Mail-Adresse&#8220; field_type=&#8220;email&#8220; _builder_version=&#8220;4.16&#8243; global_colors_info=&#8220;{}&#8220; button_text_size__hover_enabled=&#8220;off&#8220; button_one_text_size__hover_enabled=&#8220;off&#8220; button_two_text_size__hover_enabled=&#8220;off&#8220; button_text_color__hover_enabled=&#8220;off&#8220; button_one_text_color__hover_enabled=&#8220;off&#8220; button_two_text_color__hover_enabled=&#8220;off&#8220; button_border_width__hover_enabled=&#8220;off&#8220; button_one_border_width__hover_enabled=&#8220;off&#8220; button_two_border_width__hover_enabled=&#8220;off&#8220; button_border_color__hover_enabled=&#8220;off&#8220; button_one_border_color__hover_enabled=&#8220;off&#8220; button_two_border_color__hover_enabled=&#8220;off&#8220; button_border_radius__hover_enabled=&#8220;off&#8220; button_one_border_radius__hover_enabled=&#8220;off&#8220; button_two_border_radius__hover_enabled=&#8220;off&#8220; button_letter_spacing__hover_enabled=&#8220;off&#8220; button_one_letter_spacing__hover_enabled=&#8220;off&#8220; button_two_letter_spacing__hover_enabled=&#8220;off&#8220; button_bg_color__hover_enabled=&#8220;off&#8220; button_one_bg_color__hover_enabled=&#8220;off&#8220; button_two_bg_color__hover_enabled=&#8220;off&#8220;][\/et_pb_contact_field][et_pb_contact_field field_id=&#8220;Mobilfunknummer&#8220; field_title=&#8220;Mobilfunknummer&#8220; min_length=&#8220;8&#8243; allowed_symbols=&#8220;numbers&#8220; required_mark=&#8220;off&#8220; _builder_version=&#8220;4.16&#8243; global_colors_info=&#8220;{}&#8220; button_text_size__hover_enabled=&#8220;off&#8220; button_one_text_size__hover_enabled=&#8220;off&#8220; button_two_text_size__hover_enabled=&#8220;off&#8220; button_text_color__hover_enabled=&#8220;off&#8220; button_one_text_color__hover_enabled=&#8220;off&#8220; button_two_text_color__hover_enabled=&#8220;off&#8220; button_border_width__hover_enabled=&#8220;off&#8220; button_one_border_width__hover_enabled=&#8220;off&#8220; button_two_border_width__hover_enabled=&#8220;off&#8220; button_border_color__hover_enabled=&#8220;off&#8220; button_one_border_color__hover_enabled=&#8220;off&#8220; button_two_border_color__hover_enabled=&#8220;off&#8220; button_border_radius__hover_enabled=&#8220;off&#8220; button_one_border_radius__hover_enabled=&#8220;off&#8220; button_two_border_radius__hover_enabled=&#8220;off&#8220; button_letter_spacing__hover_enabled=&#8220;off&#8220; button_one_letter_spacing__hover_enabled=&#8220;off&#8220; button_two_letter_spacing__hover_enabled=&#8220;off&#8220; button_bg_color__hover_enabled=&#8220;off&#8220; button_one_bg_color__hover_enabled=&#8220;off&#8220; button_two_bg_color__hover_enabled=&#8220;off&#8220;][\/et_pb_contact_field][et_pb_contact_field field_id=&#8220;Standort&#8220; field_title=&#8220;Standort-Wunsch&#8220; field_type=&#8220;select&#8220; select_options=&#8220;%91{%22value%22:%22Bonn \/ Sankt Augustin%22,%22checked%22:0,%22dragID%22:0}%93&#8243; _builder_version=&#8220;4.16&#8243; global_colors_info=&#8220;{}&#8220; button_text_size__hover_enabled=&#8220;off&#8220; button_one_text_size__hover_enabled=&#8220;off&#8220; button_two_text_size__hover_enabled=&#8220;off&#8220; button_text_color__hover_enabled=&#8220;off&#8220; button_one_text_color__hover_enabled=&#8220;off&#8220; button_two_text_color__hover_enabled=&#8220;off&#8220; button_border_width__hover_enabled=&#8220;off&#8220; button_one_border_width__hover_enabled=&#8220;off&#8220; button_two_border_width__hover_enabled=&#8220;off&#8220; button_border_color__hover_enabled=&#8220;off&#8220; button_one_border_color__hover_enabled=&#8220;off&#8220; button_two_border_color__hover_enabled=&#8220;off&#8220; button_border_radius__hover_enabled=&#8220;off&#8220; button_one_border_radius__hover_enabled=&#8220;off&#8220; button_two_border_radius__hover_enabled=&#8220;off&#8220; button_letter_spacing__hover_enabled=&#8220;off&#8220; button_one_letter_spacing__hover_enabled=&#8220;off&#8220; button_two_letter_spacing__hover_enabled=&#8220;off&#8220; button_bg_color__hover_enabled=&#8220;off&#8220; button_one_bg_color__hover_enabled=&#8220;off&#8220; button_two_bg_color__hover_enabled=&#8220;off&#8220;][\/et_pb_contact_field][et_pb_contact_field field_id=&#8220;SEC&#8220; field_title=&#8220;Security Code (SEC)&#8220; min_length=&#8220;10&#8243; max_length=&#8220;10&#8243; fullwidth_field=&#8220;on&#8220; _builder_version=&#8220;4.26.1&#8243; _module_preset=&#8220;default&#8220; global_colors_info=&#8220;{}&#8220;][\/et_pb_contact_field][et_pb_contact_field field_id=&#8220;Kenntnisnahme1&#8243; field_title=&#8220;Informationen zur Kenntisnahme&#8220; field_type=&#8220;checkbox&#8220; checkbox_options=&#8220;%91{%22value%22:%22Mir ist bewusst, dass der Gutschein nach dem Tausch nicht zur\u00fcckgegeben werden kann und das Ticket nur bis zum 30.09.2026 (Heubach 30.06.2026) an einem verf\u00fcgbaren Termin verwendet werden kann.%22,%22checked%22:0,%22dragID%22:-1}%93&#8243; fullwidth_field=&#8220;on&#8220; _builder_version=&#8220;4.27.6&#8243; _module_preset=&#8220;default&#8220; hover_enabled=&#8220;0&#8243; global_colors_info=&#8220;{}&#8220; sticky_enabled=&#8220;0&#8243;][\/et_pb_contact_field][et_pb_contact_field field_id=&#8220;Kenntnisnahme2&#8243; field_title=&#8220;Informationen zur Kenntisnahme&#8220; field_type=&#8220;checkbox&#8220; checkbox_options=&#8220;%91{%22value%22:%22Mir ist bewusst, dass 39,00\u20ac vor Ort als Pauschale f\u00fcr Handling und Flugplatzgeb\u00fchren (bei allen Optionen) zu zahlen sind%22,%22checked%22:0,%22dragID%22:-1}%93&#8243; fullwidth_field=&#8220;on&#8220; _builder_version=&#8220;4.23.1&#8243; _module_preset=&#8220;default&#8220; global_colors_info=&#8220;{}&#8220;][\/et_pb_contact_field][et_pb_contact_field field_id=&#8220;Kenntnisnahme3&#8243; field_title=&#8220;Stornobedigungen zur Kenntisnahme&#8220; field_type=&#8220;checkbox&#8220; checkbox_options=&#8220;%91{%22value%22:%22Mir ist bewusst, dass ich einen gebuchten Termin mindestens 5 Tage in Voraus stornieren muss. Sonst erlischt der Anspruch auf Leistung.%22,%22checked%22:0,%22dragID%22:-1}%93&#8243; fullwidth_field=&#8220;on&#8220; _builder_version=&#8220;4.16&#8243; _module_preset=&#8220;default&#8220; global_colors_info=&#8220;{}&#8220;][\/et_pb_contact_field][et_pb_contact_field field_id=&#8220;Kenntnisnahme4&#8243; field_title=&#8220;AGB und Datenschutz Kenntisnahme&#8220; field_type=&#8220;checkbox&#8220; checkbox_options=&#8220;%91{%22value%22:%22Ich akzeptiere die %22,%22checked%22:0,%22dragID%22:-1,%22link_url%22:%22https:\/\/primeaviator.com\/shopping\/datenschutz\/%22,%22link_text%22:%22Datenschutzrichtlinien%22},{%22value%22:%22Ich akzeptiere die %22,%22checked%22:0,%22dragID%22:0,%22link_text%22:%22Allgemeinen Gesch\u00e4ftsbedingungen%22,%22link_url%22:%22https:\/\/primeaviator.com\/shopping\/agb\/%22}%93&#8243; fullwidth_field=&#8220;on&#8220; _builder_version=&#8220;4.16&#8243; _module_preset=&#8220;default&#8220; global_colors_info=&#8220;{}&#8220;][\/et_pb_contact_field][et_pb_contact_field field_id=&#8220;Kenntnisnahme5&#8243; field_title=&#8220;Termin-Verf\u00fcgbarkeiten&#8220; field_type=&#8220;checkbox&#8220; checkbox_options=&#8220;%91{%22value%22:%22Mir ist bewusst, dass nur die ausgewiesenen Termine an den jeweiligen Standorten nach Verf\u00fcgbarkeit innerhalb der Ticket-G\u00fcltigkeit buchbar sind. Ich akzeptiere die %22,%22checked%22:0,%22dragID%22:-1,%22link_url%22:%22https:\/\/primeaviator.com\/shopping\/terminkalender-2\/%22,%22link_text%22:%22Terminverf\u00fcgbarkeiten%22}%93&#8243; fullwidth_field=&#8220;on&#8220; _builder_version=&#8220;4.16&#8243; _module_preset=&#8220;default&#8220; global_colors_info=&#8220;{}&#8220;][\/et_pb_contact_field][\/et_pb_contact_form][\/et_pb_column][\/et_pb_section][et_pb_section fb_built=&#8220;1&#8243; _builder_version=&#8220;4.16&#8243; _module_preset=&#8220;default&#8220; custom_padding=&#8220;0px|||||&#8220; global_colors_info=&#8220;{}&#8220;][et_pb_row _builder_version=&#8220;4.16&#8243; _module_preset=&#8220;default&#8220; global_colors_info=&#8220;{}&#8220;][et_pb_column type=&#8220;4_4&#8243; _builder_version=&#8220;4.16&#8243; _module_preset=&#8220;default&#8220; global_colors_info=&#8220;{}&#8220;][et_pb_text _builder_version=&#8220;4.16&#8243; _module_preset=&#8220;default&#8220; global_colors_info=&#8220;{}&#8220;]<\/p>\n<p><strong>So geht es nach der Einl\u00f6sung weiter:<\/strong><\/p>\n<p>Sie erhalten von uns innerhalb der n\u00e4chsten 2 Werktage Ihr Ticket. Mit dem Ticket-Code k\u00f6nnen Sie dann auf unserem\u00a0<a href=\"https:\/\/primeaviator.com\/shopping\/terminkalender-2\/\" target=\"_blank\" rel=\"noopener noreferrer\" title=\"Terminkalender\">Terminkalender<\/a>\u00a0einen Termin an einem der verf\u00fcgbaren Standorte buchen. Bitte beachten Sie dass alle Termine nur nach Verf\u00fcgbarkeit gebucht werden k\u00f6nnen und kein Anrecht oder Vorzug f\u00fcr die jeweiligen Standorte besteht. Bei Einl\u00f6sungen kurz vor oder zum Saisonende kann der Wunsch-Standort nicht mehr in die Kapazit\u00e4tsplanung mit einbezogen werden. In dem Fall kann dann jedoch ein Termin an einem anderen Standort gebucht werden. Der Standort-Wunsch ist nicht bindend f\u00fcr die Buchung\u00a0<\/p>\n<p>&nbsp;<\/p>\n<p>[\/et_pb_text][\/et_pb_column][\/et_pb_row][et_pb_row column_structure=&#8220;1_4,1_4,1_4,1_4&#8243; _builder_version=&#8220;4.16&#8243; _module_preset=&#8220;default&#8220; global_colors_info=&#8220;{}&#8220;][et_pb_column type=&#8220;1_4&#8243; _builder_version=&#8220;4.16&#8243; _module_preset=&#8220;default&#8220; global_colors_info=&#8220;{}&#8220;][et_pb_image src=&#8220;https:\/\/primeaviator.com\/wp-content\/uploads\/2017\/10\/NRW6.jpg&#8220; title_text=&#8220;NRW6&#8243; _builder_version=&#8220;4.16&#8243; _module_preset=&#8220;default&#8220; global_colors_info=&#8220;{}&#8220;][\/et_pb_image][\/et_pb_column][et_pb_column type=&#8220;1_4&#8243; _builder_version=&#8220;4.16&#8243; _module_preset=&#8220;default&#8220; global_colors_info=&#8220;{}&#8220;][et_pb_image src=&#8220;https:\/\/primeaviator.com\/wp-content\/uploads\/2019\/12\/IMG_6314-2.jpg&#8220; title_text=&#8220;IMG_6314&#8243; _builder_version=&#8220;4.16&#8243; _module_preset=&#8220;default&#8220; global_colors_info=&#8220;{}&#8220;][\/et_pb_image][\/et_pb_column][et_pb_column type=&#8220;1_4&#8243; _builder_version=&#8220;4.16&#8243; _module_preset=&#8220;default&#8220; global_colors_info=&#8220;{}&#8220;][et_pb_image src=&#8220;https:\/\/primeaviator.com\/wp-content\/uploads\/2017\/10\/ralfbaumgarten_web_blackeshape_primeaviator-6273.jpg&#8220; title_text=&#8220;\u00a9ralfbaumgarten_web_BlackeShape_PrimeAviator-6273&#8243; _builder_version=&#8220;4.16&#8243; _module_preset=&#8220;default&#8220; global_colors_info=&#8220;{}&#8220;][\/et_pb_image][\/et_pb_column][et_pb_column type=&#8220;1_4&#8243; _builder_version=&#8220;4.16&#8243; _module_preset=&#8220;default&#8220; global_colors_info=&#8220;{}&#8220;][et_pb_image src=&#8220;https:\/\/primeaviator.com\/wp-content\/uploads\/2017\/10\/NRW5.jpg&#8220; title_text=&#8220;NRW5&#8243; _builder_version=&#8220;4.16&#8243; _module_preset=&#8220;default&#8220; global_colors_info=&#8220;{}&#8220;][\/et_pb_image][\/et_pb_column][\/et_pb_row][\/et_pb_section]<\/p>\n","protected":false},"excerpt":{"rendered":"<p>Hier k\u00f6nnen Sie GROUPON Gutscheine erfolgreich gegen ein PRIME AVIATOR Ticket eintauschen.<\/p>\n","protected":false},"author":1,"featured_media":0,"parent":0,"menu_order":0,"comment_status":"closed","ping_status":"closed","template":"","meta":{"_et_pb_use_builder":"on","_et_pb_old_content":"","_et_gb_content_width":"","jetpack_post_was_ever_published":false,"footnotes":""},"class_list":["post-3490","page","type-page","status-publish","hentry"],"jetpack_shortlink":"https:\/\/wp.me\/P9j95s-Ui","jetpack_sharing_enabled":true,"_links":{"self":[{"href":"https:\/\/primeaviator.com\/shopping\/wp-json\/wp\/v2\/pages\/3490","targetHints":{"allow":["GET"]}}],"collection":[{"href":"https:\/\/primeaviator.com\/shopping\/wp-json\/wp\/v2\/pages"}],"about":[{"href":"https:\/\/primeaviator.com\/shopping\/wp-json\/wp\/v2\/types\/page"}],"author":[{"embeddable":true,"href":"https:\/\/primeaviator.com\/shopping\/wp-json\/wp\/v2\/users\/1"}],"replies":[{"embeddable":true,"href":"https:\/\/primeaviator.com\/shopping\/wp-json\/wp\/v2\/comments?post=3490"}],"version-history":[{"count":41,"href":"https:\/\/primeaviator.com\/shopping\/wp-json\/wp\/v2\/pages\/3490\/revisions"}],"predecessor-version":[{"id":4777,"href":"https:\/\/primeaviator.com\/shopping\/wp-json\/wp\/v2\/pages\/3490\/revisions\/4777"}],"wp:attachment":[{"href":"https:\/\/primeaviator.com\/shopping\/wp-json\/wp\/v2\/media?parent=3490"}],"curies":[{"name":"wp","href":"https:\/\/api.w.org\/{rel}","templated":true}]}}