{"id":3370,"date":"2018-05-24T17:56:18","date_gmt":"2018-05-24T17:56:18","guid":{"rendered":"https:\/\/primeaviator.com\/?page_id=3370"},"modified":"2018-05-24T18:32:49","modified_gmt":"2018-05-24T18:32:49","slug":"datenauszug","status":"publish","type":"page","link":"https:\/\/primeaviator.com\/shopping\/datenauszug\/","title":{"rendered":"DATENAUSZUG"},"content":{"rendered":"<p>[et_pb_section admin_label=&#8220;section&#8220;][et_pb_row admin_label=&#8220;row&#8220;][et_pb_column type=&#8220;4_4&#8243;][et_pb_text admin_label=&#8220;Text&#8220; background_layout=&#8220;light&#8220; text_orientation=&#8220;left&#8220; use_border_color=&#8220;off&#8220; border_color=&#8220;#ffffff&#8220; border_style=&#8220;solid&#8220;]<\/p>\n<h1>DATENAUSZUG<\/h1>\n<p>[\/et_pb_text][et_pb_divider admin_label=&#8220;Teiler&#8220; color=&#8220;#ffffff&#8220; show_divider=&#8220;off&#8220; divider_style=&#8220;solid&#8220; divider_position=&#8220;top&#8220; hide_on_mobile=&#8220;on&#8220;]<\/p>\n<p>&nbsp;<\/p>\n<p>[\/et_pb_divider][et_pb_text admin_label=&#8220;Text&#8220; background_layout=&#8220;light&#8220; text_orientation=&#8220;left&#8220; use_border_color=&#8220;off&#8220; border_color=&#8220;#ffffff&#8220; border_style=&#8220;solid&#8220;]<\/p>\n<p>&nbsp;<\/p>\n<p>&nbsp;<\/p>\n<p>Sehr geehrter Kunde,<\/p>\n<p>Sehr geehrte Kundin,<\/p>\n<p>selbstverst\u00e4ndlich k\u00f6nnen Sie sich bei Fragen zur Erhebung, Verarbeitung oder Nutzung Ihrer personenbezogenen Daten und deren Berichtigung, Sperrung, L\u00f6schung oder einem Widerruf einer erteilten Einwilligung unentgeltlich an uns wenden. Wir weisen darauf hin, dass Ihnen ein Recht auf Berichtigung falscher Daten oder L\u00f6schung personenbezogener Daten zusteht, sollte diesem Anspruch keine gesetzliche Aufbewahrungspflicht entgegenstehen.<\/p>\n<p>[\/et_pb_text][et_pb_divider admin_label=&#8220;Teiler&#8220; color=&#8220;#ffffff&#8220; show_divider=&#8220;off&#8220; divider_style=&#8220;solid&#8220; divider_position=&#8220;top&#8220; hide_on_mobile=&#8220;on&#8220;]<\/p>\n<p>&nbsp;<\/p>\n<p>[\/et_pb_divider][et_pb_text admin_label=&#8220;Text&#8220; background_layout=&#8220;light&#8220; text_orientation=&#8220;left&#8220; use_border_color=&#8220;off&#8220; border_color=&#8220;#ffffff&#8220; border_style=&#8220;solid&#8220;]<\/p>\n<p>Gerne informieren wir Sie \u00fcber den aktuellen Status und Umfang Ihrer von uns gespeicherten Daten. Wir stellen Ihnen die Daten ausschlie\u00dflich vor Ort als Printversion zur Verf\u00fcgung. Bitte haben Sie Verst\u00e4ndnis daf\u00fcr das wir in der aktuellen Situation noch keine akkumulierten Kundendaten per Mail oder via sonstige Internetkommunikationsdienste senden k\u00f6nnen.<\/p>\n<p>Bitte senden Sie Ihre Anfrage f\u00fcr einen Datenauszug an: <span style=\"color: #3366ff;\"><strong>datawarehouse@primeaviator.com<\/strong><\/span><\/p>\n<p>Die Bearbeitung kann auf Grund der Erstellung einer Printversion eine Zeit in Anspruch nehmen. Wir informieren Sie dann per Mail wenn Ihr Datenauszug abholbereit an einem unserer Standorte f\u00fcr Sie bereit liegt.<\/p>\n<p>[\/et_pb_text][\/et_pb_column][\/et_pb_row][et_pb_row admin_label=&#8220;Zeile&#8220;][et_pb_column type=&#8220;1_3&#8243;][et_pb_image admin_label=&#8220;Bild&#8220; src=&#8220;https:\/\/primeaviator.com\/wp-content\/uploads\/2017\/10\/IMG_2044.jpg&#8220; show_in_lightbox=&#8220;off&#8220; url_new_window=&#8220;off&#8220; use_overlay=&#8220;off&#8220; animation=&#8220;left&#8220; sticky=&#8220;off&#8220; align=&#8220;left&#8220; max_width=&#8220;300px&#8220; force_fullwidth=&#8220;off&#8220; always_center_on_mobile=&#8220;on&#8220; use_border_color=&#8220;off&#8220; border_color=&#8220;#ffffff&#8220; border_style=&#8220;solid&#8220;]<br \/>\n[\/et_pb_image][\/et_pb_column][et_pb_column type=&#8220;1_3&#8243;][et_pb_image admin_label=&#8220;Bild&#8220; src=&#8220;https:\/\/primeaviator.com\/wp-content\/uploads\/2017\/10\/IMG_2002.jpg&#8220; show_in_lightbox=&#8220;off&#8220; url_new_window=&#8220;off&#8220; use_overlay=&#8220;off&#8220; animation=&#8220;left&#8220; sticky=&#8220;off&#8220; align=&#8220;left&#8220; max_width=&#8220;300px&#8220; force_fullwidth=&#8220;off&#8220; always_center_on_mobile=&#8220;on&#8220; use_border_color=&#8220;off&#8220; border_color=&#8220;#ffffff&#8220; border_style=&#8220;solid&#8220;] [\/et_pb_image][\/et_pb_column][et_pb_column type=&#8220;1_3&#8243;][et_pb_image admin_label=&#8220;Bild&#8220; src=&#8220;https:\/\/primeaviator.com\/wp-content\/uploads\/2017\/10\/IMG_2121.jpg&#8220; show_in_lightbox=&#8220;off&#8220; url_new_window=&#8220;off&#8220; use_overlay=&#8220;off&#8220; animation=&#8220;left&#8220; sticky=&#8220;off&#8220; align=&#8220;left&#8220; max_width=&#8220;300px&#8220; force_fullwidth=&#8220;off&#8220; always_center_on_mobile=&#8220;on&#8220; use_border_color=&#8220;off&#8220; border_color=&#8220;#ffffff&#8220; border_style=&#8220;solid&#8220;] [\/et_pb_image][\/et_pb_column][\/et_pb_row][et_pb_row admin_label=&#8220;Zeile&#8220;][et_pb_column type=&#8220;1_3&#8243;][et_pb_text admin_label=&#8220;Text&#8220; background_layout=&#8220;light&#8220; text_orientation=&#8220;left&#8220; use_border_color=&#8220;off&#8220; border_color=&#8220;#ffffff&#8220; border_style=&#8220;solid&#8220;]<\/p>\n<p>Sollten Sie Fragen haben die sich auf die hinterlegten Daten zu einer Buchung beziehen, wenden Sie sich bitte an unsere Partner bei denen zum Beispiel ein Gutschein oder Flugticket erworben wurde. F\u00fcr die Daten die vermittelnde Firmen von Ihnen erfassen und speichern sowie deren Datensicherheit \u00fcbernehmen wir keine Haftung. Erst wenn Kundendaten von unseren Partner an uns weitergeleitet werden, k\u00f6nnen wir Ihnen dar\u00fcber Ausk\u00fcnfte erteilen und ausschlie\u00dflich die bei uns hinterlegten Daten l\u00f6schen.<\/p>\n<p>[\/et_pb_text][\/et_pb_column][et_pb_column type=&#8220;1_3&#8243;][et_pb_text admin_label=&#8220;Text&#8220; background_layout=&#8220;light&#8220; text_orientation=&#8220;left&#8220; use_border_color=&#8220;off&#8220; border_color=&#8220;#ffffff&#8220; border_style=&#8220;solid&#8220;]<\/p>\n<p>Vermittelnde Partner der PRIME AVIATOR GbR sind z.B.:<\/p>\n<p>[\/et_pb_text][et_pb_button admin_label=&#8220;Taste&#8220; button_url=&#8220;groupon.de&#8220; url_new_window=&#8220;on&#8220; button_text=&#8220;GROUPON&#8220; button_alignment=&#8220;center&#8220; background_layout=&#8220;light&#8220; custom_button=&#8220;off&#8220; button_letter_spacing=&#8220;0&#8243; button_use_icon=&#8220;default&#8220; button_icon_placement=&#8220;right&#8220; button_on_hover=&#8220;on&#8220; button_letter_spacing_hover=&#8220;0&#8243;]<\/p>\n<p>&nbsp;<\/p>\n<p>[\/et_pb_button][et_pb_button admin_label=&#8220;Taste&#8220; button_url=&#8220;mydays.de&#8220; url_new_window=&#8220;off&#8220; button_text=&#8220;MyDays&#8220; button_alignment=&#8220;center&#8220; background_layout=&#8220;light&#8220; custom_button=&#8220;off&#8220; button_letter_spacing=&#8220;0&#8243; button_use_icon=&#8220;default&#8220; button_icon_placement=&#8220;right&#8220; button_on_hover=&#8220;on&#8220; button_letter_spacing_hover=&#8220;0&#8243;]<\/p>\n<p>&nbsp;<\/p>\n<p>[\/et_pb_button][et_pb_button admin_label=&#8220;Taste&#8220; button_url=&#8220;fun4you.de&#8220; url_new_window=&#8220;off&#8220; button_text=&#8220;Fun4You&#8220; button_alignment=&#8220;center&#8220; background_layout=&#8220;light&#8220; custom_button=&#8220;off&#8220; button_letter_spacing=&#8220;0&#8243; button_use_icon=&#8220;default&#8220; button_icon_placement=&#8220;right&#8220; button_on_hover=&#8220;on&#8220; button_letter_spacing_hover=&#8220;0&#8243;]<\/p>\n<p>&nbsp;<\/p>\n<p>[\/et_pb_button][et_pb_text admin_label=&#8220;Text&#8220; background_layout=&#8220;light&#8220; text_orientation=&#8220;left&#8220; use_border_color=&#8220;off&#8220; border_color=&#8220;#ffffff&#8220; border_style=&#8220;solid&#8220;]<\/p>\n<p>&#8230;<\/p>\n<p>[\/et_pb_text][\/et_pb_column][et_pb_column type=&#8220;1_3&#8243;][\/et_pb_column][\/et_pb_row][\/et_pb_section]<\/p>\n","protected":false},"excerpt":{"rendered":"<p>DATENAUSZUG &nbsp; &nbsp; &nbsp; Sehr geehrter Kunde, Sehr geehrte Kundin, selbstverst\u00e4ndlich k\u00f6nnen Sie sich bei Fragen zur Erhebung, Verarbeitung oder Nutzung Ihrer personenbezogenen Daten und deren Berichtigung, Sperrung, L\u00f6schung oder einem Widerruf einer erteilten Einwilligung unentgeltlich an uns wenden. Wir weisen darauf hin, dass Ihnen ein Recht auf Berichtigung falscher Daten oder L\u00f6schung personenbezogener Daten [&hellip;]<\/p>\n","protected":false},"author":1,"featured_media":0,"parent":0,"menu_order":0,"comment_status":"closed","ping_status":"closed","template":"","meta":{"_et_pb_use_builder":"on","_et_pb_old_content":"","_et_gb_content_width":"","jetpack_post_was_ever_published":false,"footnotes":""},"class_list":["post-3370","page","type-page","status-publish","hentry"],"jetpack_shortlink":"https:\/\/wp.me\/P9j95s-Sm","jetpack_sharing_enabled":true,"_links":{"self":[{"href":"https:\/\/primeaviator.com\/shopping\/wp-json\/wp\/v2\/pages\/3370","targetHints":{"allow":["GET"]}}],"collection":[{"href":"https:\/\/primeaviator.com\/shopping\/wp-json\/wp\/v2\/pages"}],"about":[{"href":"https:\/\/primeaviator.com\/shopping\/wp-json\/wp\/v2\/types\/page"}],"author":[{"embeddable":true,"href":"https:\/\/primeaviator.com\/shopping\/wp-json\/wp\/v2\/users\/1"}],"replies":[{"embeddable":true,"href":"https:\/\/primeaviator.com\/shopping\/wp-json\/wp\/v2\/comments?post=3370"}],"version-history":[{"count":10,"href":"https:\/\/primeaviator.com\/shopping\/wp-json\/wp\/v2\/pages\/3370\/revisions"}],"predecessor-version":[{"id":3394,"href":"https:\/\/primeaviator.com\/shopping\/wp-json\/wp\/v2\/pages\/3370\/revisions\/3394"}],"wp:attachment":[{"href":"https:\/\/primeaviator.com\/shopping\/wp-json\/wp\/v2\/media?parent=3370"}],"curies":[{"name":"wp","href":"https:\/\/api.w.org\/{rel}","templated":true}]}}