{"id":2474,"date":"2017-11-02T12:38:48","date_gmt":"2017-11-02T12:38:48","guid":{"rendered":"https:\/\/primeaviator.com\/?page_id=2474"},"modified":"2017-11-12T21:25:45","modified_gmt":"2017-11-12T21:25:45","slug":"groupon-termine","status":"publish","type":"page","link":"https:\/\/primeaviator.com\/shopping\/groupon-termine\/","title":{"rendered":"Groupon Termine"},"content":{"rendered":"<p>[et_pb_section admin_label=&#8220;section&#8220;][et_pb_row admin_label=&#8220;row&#8220;][et_pb_column type=&#8220;4_4&#8243;][et_pb_text admin_label=&#8220;Text&#8220; background_layout=&#8220;light&#8220; text_orientation=&#8220;center&#8220; use_border_color=&#8220;off&#8220; border_color=&#8220;#ffffff&#8220; border_style=&#8220;solid&#8220;]<\/p>\n<h1 style=\"text-align: center;\">Informationen zur Terminreservierung mit einem<\/h1>\n<h1 style=\"text-align: center;\">Groupon Gutschein<\/h1>\n<p>[\/et_pb_text][et_pb_divider admin_label=&#8220;Teiler&#8220; color=&#8220;#ffffff&#8220; show_divider=&#8220;off&#8220; height=&#8220;15&#8243; divider_style=&#8220;solid&#8220; divider_position=&#8220;top&#8220; hide_on_mobile=&#8220;on&#8220;] [\/et_pb_divider][\/et_pb_column][\/et_pb_row][et_pb_row admin_label=&#8220;Zeile&#8220;][et_pb_column type=&#8220;1_4&#8243;][et_pb_text admin_label=&#8220;Text&#8220; background_layout=&#8220;light&#8220; text_orientation=&#8220;left&#8220; use_border_color=&#8220;off&#8220; border_color=&#8220;#ffffff&#8220; border_style=&#8220;solid&#8220;]<\/p>\n<h3>G\u00fcltigkeit<\/h3>\n<p>&nbsp;<\/p>\n<p>Bitte achten Sie darauf, dass der Gutschein erst an dem Datum als eingel\u00f6st gilt, an dem der Flug stattfindet oder eine Absage zu sp\u00e4t erfolgt. Das Datum der Reservierung ist nicht das Datum der Einl\u00f6sung. Bitte pr\u00fcfen Sie die G\u00fcltigkeit des Gutscheins entsprechend.<\/p>\n<p>[\/et_pb_text][\/et_pb_column][et_pb_column type=&#8220;1_4&#8243;][et_pb_text admin_label=&#8220;Text&#8220; background_layout=&#8220;light&#8220; text_orientation=&#8220;left&#8220; use_border_color=&#8220;off&#8220; border_color=&#8220;#ffffff&#8220; border_style=&#8220;solid&#8220;]<\/p>\n<h3>Kontaktdaten<\/h3>\n<p>&nbsp;<\/p>\n<p>Geben Sie immer die Kontaktdaten der Person ein die Eigent\u00fcmer des Gutscheins ist. Es kann nur \u00fcber diese Kundendaten mit Ihnen Kontakt aufgenommen werden. Groupon stellt uns aus Datenschutzgr\u00fcnden keine weiteren Daten zur Verf\u00fcgung.<\/p>\n<p>[\/et_pb_text][\/et_pb_column][et_pb_column type=&#8220;1_4&#8243;][et_pb_text admin_label=&#8220;Text&#8220; background_layout=&#8220;light&#8220; text_orientation=&#8220;left&#8220; use_border_color=&#8220;off&#8220; border_color=&#8220;#ffffff&#8220; border_style=&#8220;solid&#8220;]<\/p>\n<h3>Einl\u00f6seadresse<\/h3>\n<p>&nbsp;<\/p>\n<p>Der Standort der in Ihrer Buchungsbest\u00e4tigung vermerkt ist, ist der gebuchte Standort. Achten Sie beim Ausdrucken darauf, dass die richtige Adresse auch auf dem Gutschein vermerkt ist. Bite achten Sie ebenfalls auf die von uns vor dem Termin versendeten Infomails.<\/p>\n<p>[\/et_pb_text][\/et_pb_column][et_pb_column type=&#8220;1_4&#8243;][et_pb_text admin_label=&#8220;Text&#8220; background_layout=&#8220;light&#8220; text_orientation=&#8220;left&#8220; use_border_color=&#8220;off&#8220; border_color=&#8220;#ffffff&#8220; border_style=&#8220;solid&#8220;]<\/p>\n<h3>Kontaktaufnahme<\/h3>\n<p>&nbsp;<\/p>\n<p>Bitte wenden Sie sich bei Fragen grunds\u00e4tzlich per Mail an uns. Absagen sowie Buchungen erfordern die Schriftform. Stellen Sie vor der Buchung sicher, dass Sie die Kontaktdaten von uns am Flugtag im Zugriff haben. Am besten offline.<\/p>\n<p>[\/et_pb_text][\/et_pb_column][\/et_pb_row][et_pb_row admin_label=&#8220;Zeile&#8220;][et_pb_column type=&#8220;4_4&#8243;][et_pb_text admin_label=&#8220;Text&#8220; background_layout=&#8220;light&#8220; text_orientation=&#8220;center&#8220; use_border_color=&#8220;off&#8220; border_color=&#8220;#ffffff&#8220; border_style=&#8220;solid&#8220;]<\/p>\n<h1 style=\"text-align: center;\">Der Buchungsvorgang<\/h1>\n<p>[\/et_pb_text][\/et_pb_column][\/et_pb_row][et_pb_row admin_label=&#8220;Zeile&#8220;][et_pb_column type=&#8220;1_2&#8243;][et_pb_image admin_label=&#8220;Bild&#8220; src=&#8220;https:\/\/primeaviator.com\/wp-content\/uploads\/2017\/11\/Groupon3.jpg&#8220; show_in_lightbox=&#8220;off&#8220; url_new_window=&#8220;off&#8220; use_overlay=&#8220;off&#8220; animation=&#8220;off&#8220; sticky=&#8220;off&#8220; align=&#8220;left&#8220; force_fullwidth=&#8220;off&#8220; always_center_on_mobile=&#8220;on&#8220; use_border_color=&#8220;off&#8220; border_color=&#8220;#ffffff&#8220; border_style=&#8220;solid&#8220; max_width=&#8220;300px&#8220;] [\/et_pb_image][\/et_pb_column][et_pb_column type=&#8220;1_2&#8243;][et_pb_text admin_label=&#8220;Text&#8220; background_layout=&#8220;light&#8220; text_orientation=&#8220;left&#8220; use_border_color=&#8220;off&#8220; border_color=&#8220;#ffffff&#8220; border_style=&#8220;solid&#8220;]<\/p>\n<h3>1. Login bei Groupon<\/h3>\n<p>&nbsp;<\/p>\n<p>Nutzen Sie Ihren Groupon Zugang \u00fcber den der Gutschein gekauft wurde. \u00d6ffnen Sie den Tab &#8222;<strong><span style=\"color: #000080;\">Mein Konto<\/span><\/strong>&#8220; und gehen Sie dort auf &#8222;<span style=\"color: #000080;\"><strong>Meine Bestellungen<\/strong><\/span>&#8222;. Sie finden nun den g\u00fcltigen Groupon-Gutschein . Nutzen Sie nun den Button &#8222;<strong><span style=\"color: #000080;\">Details ansehen<\/span><\/strong>&#8222;.<\/p>\n<p>[\/et_pb_text][\/et_pb_column][\/et_pb_row][et_pb_row admin_label=&#8220;Zeile&#8220;][et_pb_column type=&#8220;1_2&#8243;][et_pb_image admin_label=&#8220;Bild&#8220; src=&#8220;https:\/\/primeaviator.com\/wp-content\/uploads\/2017\/11\/Groupon4.jpg&#8220; show_in_lightbox=&#8220;off&#8220; url_new_window=&#8220;off&#8220; use_overlay=&#8220;off&#8220; animation=&#8220;off&#8220; sticky=&#8220;off&#8220; align=&#8220;left&#8220; force_fullwidth=&#8220;off&#8220; always_center_on_mobile=&#8220;on&#8220; use_border_color=&#8220;off&#8220; border_color=&#8220;#ffffff&#8220; border_style=&#8220;solid&#8220; max_width=&#8220;300px&#8220;] [\/et_pb_image][\/et_pb_column][et_pb_column type=&#8220;1_2&#8243;][et_pb_text admin_label=&#8220;Text&#8220; background_layout=&#8220;light&#8220; text_orientation=&#8220;left&#8220; use_border_color=&#8220;off&#8220; border_color=&#8220;#ffffff&#8220; border_style=&#8220;solid&#8220;]<\/p>\n<h3>2. \u00d6ffnen der Gutscheindetails<\/h3>\n<p>&nbsp;<\/p>\n<p>Sie finden nun alle Details zur Einl\u00f6sung des Gutschein. Bitte lesen Sie diese aufmerksam durch. Klicken Sie auf den Button &#8222;<strong><span style=\"color: #000080;\">termine.groupon.de<\/span><\/strong>&#8222;. Bitte denken Sie daran dass gebuchte Termine min. 48h im Voraus abgesagt werden m\u00fcssen damit der Gutschein nicht als einge\u00f6lt gilt.<\/p>\n<p>[\/et_pb_text][\/et_pb_column][\/et_pb_row][et_pb_row admin_label=&#8220;Zeile&#8220;][et_pb_column type=&#8220;1_2&#8243;][et_pb_image admin_label=&#8220;Bild&#8220; src=&#8220;https:\/\/primeaviator.com\/wp-content\/uploads\/2017\/11\/groupon5.jpg&#8220; show_in_lightbox=&#8220;off&#8220; url_new_window=&#8220;off&#8220; use_overlay=&#8220;off&#8220; animation=&#8220;off&#8220; sticky=&#8220;off&#8220; align=&#8220;left&#8220; force_fullwidth=&#8220;off&#8220; always_center_on_mobile=&#8220;on&#8220; use_border_color=&#8220;off&#8220; border_color=&#8220;#ffffff&#8220; border_style=&#8220;solid&#8220; max_width=&#8220;300px&#8220;] [\/et_pb_image][\/et_pb_column][et_pb_column type=&#8220;1_2&#8243;][et_pb_text admin_label=&#8220;Text&#8220; background_layout=&#8220;light&#8220; text_orientation=&#8220;left&#8220; use_border_color=&#8220;off&#8220; border_color=&#8220;#ffffff&#8220; border_style=&#8220;solid&#8220;]<\/p>\n<h3>3. \u00d6ffnen des Reservierungstools<\/h3>\n<p>&nbsp;<\/p>\n<p>Der Button &#8222;<strong><span style=\"color: #000080;\">Termin reservieren<\/span><\/strong>&#8220; verlinkt Sie nun mit dem Groupon-Reservierungstool. Dieser Button stellt noch keine verbindliche Reservierung da, da noch kein Termin ausgew\u00e4hlt wurde.<\/p>\n<p>[\/et_pb_text][\/et_pb_column][\/et_pb_row][et_pb_row admin_label=&#8220;Zeile&#8220;][et_pb_column type=&#8220;1_2&#8243;][et_pb_image admin_label=&#8220;Bild&#8220; src=&#8220;https:\/\/primeaviator.com\/wp-content\/uploads\/2017\/11\/Groupon6.jpg&#8220; show_in_lightbox=&#8220;off&#8220; url_new_window=&#8220;off&#8220; use_overlay=&#8220;off&#8220; animation=&#8220;off&#8220; sticky=&#8220;off&#8220; align=&#8220;left&#8220; force_fullwidth=&#8220;off&#8220; always_center_on_mobile=&#8220;on&#8220; use_border_color=&#8220;off&#8220; border_color=&#8220;#ffffff&#8220; border_style=&#8220;solid&#8220; max_width=&#8220;300px&#8220;] [\/et_pb_image][\/et_pb_column][et_pb_column type=&#8220;1_2&#8243;][et_pb_text admin_label=&#8220;Text&#8220; background_layout=&#8220;light&#8220; text_orientation=&#8220;left&#8220; use_border_color=&#8220;off&#8220; border_color=&#8220;#ffffff&#8220; border_style=&#8220;solid&#8220;]<\/p>\n<h3>4. Wahl des Standortes<\/h3>\n<p>&nbsp;<\/p>\n<p>Um die f\u00fcr Ihren Standort g\u00fcltigen Termine zu filtern ist es notwenig den &#8222;<strong><span style=\"color: #000080;\">Standort f\u00fcr die Einl\u00f6sung auszuw\u00e4hlen<\/span><\/strong>&#8222;. Bitte achten Sie darauf, dass der auf den Gutscheinen gedruckte Standort unter Umst\u00e4nden abweichen kann. Der hier gew\u00e4hlte Standort ist jedoch bindend.<\/p>\n<p>[\/et_pb_text][\/et_pb_column][\/et_pb_row][et_pb_row admin_label=&#8220;Zeile&#8220;][et_pb_column type=&#8220;1_2&#8243;][et_pb_image admin_label=&#8220;Bild&#8220; src=&#8220;https:\/\/primeaviator.com\/wp-content\/uploads\/2017\/11\/Groupon7.jpg&#8220; show_in_lightbox=&#8220;off&#8220; url_new_window=&#8220;off&#8220; use_overlay=&#8220;off&#8220; animation=&#8220;off&#8220; sticky=&#8220;off&#8220; align=&#8220;left&#8220; force_fullwidth=&#8220;off&#8220; always_center_on_mobile=&#8220;on&#8220; use_border_color=&#8220;off&#8220; border_color=&#8220;#ffffff&#8220; border_style=&#8220;solid&#8220; max_width=&#8220;300px&#8220;] [\/et_pb_image][\/et_pb_column][et_pb_column type=&#8220;1_2&#8243;][et_pb_text admin_label=&#8220;Text&#8220; background_layout=&#8220;light&#8220; text_orientation=&#8220;left&#8220; use_border_color=&#8220;off&#8220; border_color=&#8220;#ffffff&#8220; border_style=&#8220;solid&#8220;]<\/p>\n<h3>5. Wahl des Datums und der Uhrzeit<\/h3>\n<p>&nbsp;<\/p>\n<p>W\u00e4hlen Sie nun das f\u00fcr Sie passende Datum aus der Auswahl aus. Sobald Sie den jeweiligen &#8222;<strong><span style=\"color: #000080;\">Tag ausgew\u00e4hlt<\/span><\/strong>&#8220; haben, zeigt Ihnen das Tool alle verf\u00fcgbaren &#8222;<strong><span style=\"color: #000080;\">Uhrzeiten<\/span><\/strong>&#8220; f\u00fcr Ihren Flug an. Klicken Sie auf Ihre favorisierte Uhrzeit.<\/p>\n<p>[\/et_pb_text][\/et_pb_column][\/et_pb_row][et_pb_row admin_label=&#8220;Zeile&#8220;][et_pb_column type=&#8220;1_2&#8243;][et_pb_image admin_label=&#8220;Bild&#8220; src=&#8220;https:\/\/primeaviator.com\/wp-content\/uploads\/2017\/11\/Groupon9.jpg&#8220; show_in_lightbox=&#8220;off&#8220; url_new_window=&#8220;off&#8220; use_overlay=&#8220;off&#8220; animation=&#8220;off&#8220; sticky=&#8220;off&#8220; align=&#8220;left&#8220; force_fullwidth=&#8220;off&#8220; always_center_on_mobile=&#8220;on&#8220; use_border_color=&#8220;off&#8220; border_color=&#8220;#ffffff&#8220; border_style=&#8220;solid&#8220; max_width=&#8220;300px&#8220;] [\/et_pb_image][\/et_pb_column][et_pb_column type=&#8220;1_2&#8243;][et_pb_text admin_label=&#8220;Text&#8220; background_layout=&#8220;light&#8220; text_orientation=&#8220;left&#8220; use_border_color=&#8220;off&#8220; border_color=&#8220;#ffffff&#8220; border_style=&#8220;solid&#8220;]<\/p>\n<h3>6. Eingabe der Kontaktdaten<\/h3>\n<p>&nbsp;<\/p>\n<p>W\u00e4hlen Sie nun das f\u00fcr Sie passende Datum aus der Auswahl aus. Sobald Sie den jeweiligen &#8222;<strong><span style=\"color: #000080;\">Tag ausgew\u00e4hlt<\/span><\/strong>&#8220; haben, zeigt Ihnen das Tool alle verf\u00fcgbaren &#8222;<strong><span style=\"color: #000080;\">Uhrzeiten<\/span><\/strong>&#8220; f\u00fcr Ihren Flug an. Klicken Sie auf Ihre favorisierte Uhrzeit.<\/p>\n<p>[\/et_pb_text][\/et_pb_column][\/et_pb_row][et_pb_row admin_label=&#8220;Zeile&#8220;][et_pb_column type=&#8220;1_2&#8243;][et_pb_image admin_label=&#8220;Bild&#8220; src=&#8220;https:\/\/primeaviator.com\/wp-content\/uploads\/2017\/11\/Groupon10.jpg&#8220; show_in_lightbox=&#8220;off&#8220; url_new_window=&#8220;off&#8220; use_overlay=&#8220;off&#8220; animation=&#8220;off&#8220; sticky=&#8220;off&#8220; align=&#8220;left&#8220; force_fullwidth=&#8220;off&#8220; always_center_on_mobile=&#8220;on&#8220; use_border_color=&#8220;off&#8220; border_color=&#8220;#ffffff&#8220; border_style=&#8220;solid&#8220; max_width=&#8220;300px&#8220;] [\/et_pb_image][\/et_pb_column][et_pb_column type=&#8220;1_2&#8243;][et_pb_text admin_label=&#8220;Text&#8220; background_layout=&#8220;light&#8220; text_orientation=&#8220;left&#8220; use_border_color=&#8220;off&#8220; border_color=&#8220;#ffffff&#8220; border_style=&#8220;solid&#8220;]<\/p>\n<h3>7. Terminverwaltung<\/h3>\n<p>&nbsp;<\/p>\n<p>In Ihrem Groupon Account k\u00f6nnen Sie den Termin auch weiterhin verwalten und eventuell anpassen. Bitte achten Sie darauf dass eine Termin\u00e4nderung bis max. 48 Stunden vor dem urspr\u00fcnglichen Termin m\u00f6glich ist<\/p>\n<p>[\/et_pb_text][\/et_pb_column][\/et_pb_row][et_pb_row admin_label=&#8220;Zeile&#8220;][et_pb_column type=&#8220;1_2&#8243;][et_pb_image admin_label=&#8220;Bild&#8220; src=&#8220;https:\/\/primeaviator.com\/wp-content\/uploads\/2017\/11\/Groupon11.jpg&#8220; show_in_lightbox=&#8220;off&#8220; url_new_window=&#8220;off&#8220; use_overlay=&#8220;off&#8220; animation=&#8220;off&#8220; sticky=&#8220;off&#8220; align=&#8220;left&#8220; force_fullwidth=&#8220;off&#8220; always_center_on_mobile=&#8220;on&#8220; use_border_color=&#8220;off&#8220; border_color=&#8220;#ffffff&#8220; border_style=&#8220;solid&#8220; max_width=&#8220;300px&#8220;] [\/et_pb_image][\/et_pb_column][et_pb_column type=&#8220;1_2&#8243;][et_pb_text admin_label=&#8220;Text&#8220; background_layout=&#8220;light&#8220; text_orientation=&#8220;left&#8220; use_border_color=&#8220;off&#8220; border_color=&#8220;#ffffff&#8220; border_style=&#8220;solid&#8220;]<\/p>\n<h3>8. Ausdrucken des Gutscheins<\/h3>\n<p>&nbsp;<\/p>\n<p>Die Buchungsbest\u00e4tigung die Ihnen per Mail zugesendet wird ist nicht der Gutschein. Eine Teilnahme ist nur mit dem eigentlichen Gutschein m\u00f6glich. Bitte klicken Sie auf den Button &#8222;<strong><span style=\"color: #000080;\">Gutschein ansehen<\/span><\/strong>&#8222;. Sie werden dann zum eigentlichen Gutschein weitergeleitet.<\/p>\n<p>[\/et_pb_text][\/et_pb_column][\/et_pb_row][\/et_pb_section][et_pb_section admin_label=&#8220;Sektion&#8220; fullwidth=&#8220;off&#8220; specialty=&#8220;on&#8220;][et_pb_column type=&#8220;1_2&#8243;][et_pb_image admin_label=&#8220;Bild&#8220; src=&#8220;https:\/\/primeaviator.com\/wp-content\/uploads\/2017\/11\/Groupon12-1.jpg&#8220; show_in_lightbox=&#8220;off&#8220; url_new_window=&#8220;off&#8220; use_overlay=&#8220;off&#8220; animation=&#8220;left&#8220; sticky=&#8220;off&#8220; align=&#8220;left&#8220; force_fullwidth=&#8220;off&#8220; always_center_on_mobile=&#8220;on&#8220; use_border_color=&#8220;off&#8220; border_color=&#8220;#ffffff&#8220; border_style=&#8220;solid&#8220;] [\/et_pb_image][\/et_pb_column][et_pb_column type=&#8220;1_2&#8243; specialty_columns=&#8220;2&#8243;][et_pb_row_inner admin_label=&#8220;Zeile&#8220;][et_pb_column_inner type=&#8220;4_4&#8243; saved_specialty_column_type=&#8220;1_2&#8243;][et_pb_text admin_label=&#8220;Text&#8220; background_layout=&#8220;light&#8220; text_orientation=&#8220;left&#8220; use_border_color=&#8220;off&#8220; border_color=&#8220;#ffffff&#8220; border_style=&#8220;solid&#8220;]<\/p>\n<h3>9. Ausdrucken und als PDF Speichern<\/h3>\n<p>&nbsp;<\/p>\n<p>Bitte drucken Sie Ihren Gutschein in DIN A4 aus. Das Beispielsbild auf der linken Seite zeigt den eigentlichen Gutschein. Sichern Sie den Gutschein auch offline als PDF f\u00fcr Ihre Akten. Sollte der\/die Beschenkte den Ausdruck verlieren k\u00f6nnen Sie so jederzeit einen neuen Ausdruck erstellen. Der QR Code muss deutlich zu erkennen sein. Bei R\u00fcckfragen geben Sie zusammen mit Ihrem Namen die SEC (Security Code) Ihres Gutscheins an.<\/p>\n<p>[\/et_pb_text][\/et_pb_column_inner][\/et_pb_row_inner][et_pb_row_inner admin_label=&#8220;Zeile&#8220;][et_pb_column_inner type=&#8220;1_2&#8243; saved_specialty_column_type=&#8220;1_2&#8243;][et_pb_text admin_label=&#8220;Text&#8220; background_layout=&#8220;light&#8220; text_orientation=&#8220;left&#8220; use_border_color=&#8220;off&#8220; border_color=&#8220;#ffffff&#8220; border_style=&#8220;solid&#8220;]<\/p>\n<h3>GROUPON<\/h3>\n<p>&nbsp;<\/p>\n<p>Wenn Sie Fragen oder Probleme mit Ihrem Kundenkonto bzw. Gutschein haben wenden Sie sich an die GROUPON.<\/p>\n<p>&nbsp;<\/p>\n<p>[\/et_pb_text][et_pb_button admin_label=&#8220;Taste&#8220; button_url=&#8220;https:\/\/www.groupon.de\/customer_support&#8220; url_new_window=&#8220;on&#8220; button_text=&#8220;Groupon Kundenservice&#8220; button_alignment=&#8220;center&#8220; background_layout=&#8220;light&#8220; custom_button=&#8220;off&#8220; button_letter_spacing=&#8220;0&#8243; button_use_icon=&#8220;default&#8220; button_icon_placement=&#8220;right&#8220; button_on_hover=&#8220;on&#8220; button_letter_spacing_hover=&#8220;0&#8243;] [\/et_pb_button][\/et_pb_column_inner][et_pb_column_inner type=&#8220;1_2&#8243; saved_specialty_column_type=&#8220;1_2&#8243;][et_pb_text admin_label=&#8220;Text&#8220; background_layout=&#8220;light&#8220; text_orientation=&#8220;left&#8220; use_border_color=&#8220;off&#8220; border_color=&#8220;#ffffff&#8220; border_style=&#8220;solid&#8220;]<\/p>\n<h3>PRIME AVIATOR<\/h3>\n<p>&nbsp;<\/p>\n<p>Wenn Sie Fragen zu einer Terminreservierung oder einem Event haben stehen wir Ihnen selbstverst\u00e4ndlich zur Verf\u00fcgung.<\/p>\n<p>&nbsp;<\/p>\n<p>[\/et_pb_text][et_pb_button admin_label=&#8220;Taste&#8220; button_url=&#8220;primeaviator.com\/kontakt&#8220; url_new_window=&#8220;on&#8220; button_text=&#8220;PRIME AVIATOR Team&#8220; button_alignment=&#8220;center&#8220; background_layout=&#8220;light&#8220; custom_button=&#8220;off&#8220; button_letter_spacing=&#8220;0&#8243; button_use_icon=&#8220;default&#8220; button_icon_placement=&#8220;right&#8220; button_on_hover=&#8220;on&#8220; button_letter_spacing_hover=&#8220;0&#8243;] [\/et_pb_button][\/et_pb_column_inner][\/et_pb_row_inner][\/et_pb_column][\/et_pb_section]<\/p>\n","protected":false},"excerpt":{"rendered":"<p>Informationen zur Terminreservierung mit einem Groupon Gutschein G\u00fcltigkeit &nbsp; Bitte achten Sie darauf, dass der Gutschein erst an dem Datum als eingel\u00f6st gilt, an dem der Flug stattfindet oder eine Absage zu sp\u00e4t erfolgt. Das Datum der Reservierung ist nicht das Datum der Einl\u00f6sung. Bitte pr\u00fcfen Sie die G\u00fcltigkeit des Gutscheins entsprechend. Kontaktdaten &nbsp; Geben [&hellip;]<\/p>\n","protected":false},"author":1,"featured_media":0,"parent":0,"menu_order":0,"comment_status":"closed","ping_status":"closed","template":"","meta":{"_et_pb_use_builder":"on","_et_pb_old_content":"","_et_gb_content_width":"","jetpack_post_was_ever_published":false,"footnotes":""},"class_list":["post-2474","page","type-page","status-publish","hentry"],"jetpack_shortlink":"https:\/\/wp.me\/P9j95s-DU","jetpack_sharing_enabled":true,"_links":{"self":[{"href":"https:\/\/primeaviator.com\/shopping\/wp-json\/wp\/v2\/pages\/2474","targetHints":{"allow":["GET"]}}],"collection":[{"href":"https:\/\/primeaviator.com\/shopping\/wp-json\/wp\/v2\/pages"}],"about":[{"href":"https:\/\/primeaviator.com\/shopping\/wp-json\/wp\/v2\/types\/page"}],"author":[{"embeddable":true,"href":"https:\/\/primeaviator.com\/shopping\/wp-json\/wp\/v2\/users\/1"}],"replies":[{"embeddable":true,"href":"https:\/\/primeaviator.com\/shopping\/wp-json\/wp\/v2\/comments?post=2474"}],"version-history":[{"count":17,"href":"https:\/\/primeaviator.com\/shopping\/wp-json\/wp\/v2\/pages\/2474\/revisions"}],"predecessor-version":[{"id":2509,"href":"https:\/\/primeaviator.com\/shopping\/wp-json\/wp\/v2\/pages\/2474\/revisions\/2509"}],"wp:attachment":[{"href":"https:\/\/primeaviator.com\/shopping\/wp-json\/wp\/v2\/media?parent=2474"}],"curies":[{"name":"wp","href":"https:\/\/api.w.org\/{rel}","templated":true}]}}