{"id":2425,"date":"2017-10-27T20:58:39","date_gmt":"2017-10-27T20:58:39","guid":{"rendered":"https:\/\/primeaviator.com\/?page_id=2425"},"modified":"2017-11-12T11:17:11","modified_gmt":"2017-11-12T11:17:11","slug":"avionik","status":"publish","type":"page","link":"https:\/\/primeaviator.com\/shopping\/avionik\/","title":{"rendered":"Avionik"},"content":{"rendered":"<p>[et_pb_section admin_label=&#8220;section&#8220;][et_pb_row admin_label=&#8220;row&#8220;][et_pb_column type=&#8220;4_4&#8243;][et_pb_text admin_label=&#8220;Text&#8220; background_layout=&#8220;light&#8220; text_orientation=&#8220;center&#8220; use_border_color=&#8220;off&#8220; border_color=&#8220;#ffffff&#8220; border_style=&#8220;solid&#8220;]<\/p>\n<h1>Avionikintegration und Systeme<\/h1>\n<p>[\/et_pb_text][\/et_pb_column][\/et_pb_row][et_pb_row admin_label=&#8220;Zeile&#8220;][et_pb_column type=&#8220;1_4&#8243;][et_pb_text admin_label=&#8220;Text&#8220; background_layout=&#8220;light&#8220; text_orientation=&#8220;left&#8220; use_border_color=&#8220;off&#8220; border_color=&#8220;#ffffff&#8220; border_style=&#8220;solid&#8220;]<\/p>\n<h1>SkyView 10&#8243; Touch*<\/h1>\n<p>&nbsp;<\/p>\n<p>Durch seine hohe Betriebssicherheit und seine unkomplizierte Erweiterbarkeit setzten wir auf das Skyview System der Firma Dynon Avioncs*. Das 10 Zoll System bietet f\u00fcr unser Cockpit Panel eine optimale Raumausnutzung. Das System l\u00e4sst sich flexibel an die Vorlieben des jeweiligen Piloten anpassen und informiert sowohl visuell, als auch akustisch \u00fcber alle relevanten Vorg\u00e4nge im Cockpit<\/p>\n<p>*Trademark owned by Dynon Avionics<\/p>\n<p>[\/et_pb_text][\/et_pb_column][et_pb_column type=&#8220;1_2&#8243;][et_pb_image admin_label=&#8220;Bild&#8220; src=&#8220;https:\/\/primeaviator.com\/wp-content\/uploads\/2017\/10\/SkyView-Touch-EFIS-with-six-pack_PFD_web.jpg&#8220; show_in_lightbox=&#8220;off&#8220; url_new_window=&#8220;off&#8220; use_overlay=&#8220;off&#8220; animation=&#8220;left&#8220; sticky=&#8220;off&#8220; align=&#8220;left&#8220; force_fullwidth=&#8220;off&#8220; always_center_on_mobile=&#8220;on&#8220; use_border_color=&#8220;off&#8220; border_color=&#8220;#ffffff&#8220; border_style=&#8220;solid&#8220;] [\/et_pb_image][\/et_pb_column][et_pb_column type=&#8220;1_4&#8243;][et_pb_text admin_label=&#8220;Text&#8220; background_layout=&#8220;light&#8220; text_orientation=&#8220;left&#8220; use_border_color=&#8220;off&#8220; border_color=&#8220;#ffffff&#8220; border_style=&#8220;solid&#8220;]<\/p>\n<h1>FLARM** und <b>TIS<\/b><\/h1>\n<p>&nbsp;<\/p>\n<p>Durch den Einbau des FLARM Moduls ist unser Flugger\u00e4t in der Lage die meisten Luftfahrzeuge (Segelflugzeuge, Motorflugzeuge, Helikopter, etc.) auf dem Dynon SkyView* Display anzuzeigen und vor eventuellen Kollisionen zu warnen. Die Integrationstiefe mit visuellen und akustischen Warnungen erh\u00f6ht die &#8222;situational Awereness&#8220; und unterst\u00fctzt die Entscheidungsfindung.<\/p>\n<p>[\/et_pb_text][\/et_pb_column][\/et_pb_row][et_pb_row admin_label=&#8220;Zeile&#8220;][et_pb_column type=&#8220;1_4&#8243;][et_pb_image admin_label=&#8220;Bild&#8220; src=&#8220;https:\/\/primeaviator.com\/wp-content\/uploads\/2017\/10\/SV-AP_PANEL_Front-ISO_web_trans.jpg&#8220; show_in_lightbox=&#8220;off&#8220; url_new_window=&#8220;off&#8220; use_overlay=&#8220;off&#8220; animation=&#8220;left&#8220; sticky=&#8220;off&#8220; align=&#8220;left&#8220; force_fullwidth=&#8220;off&#8220; always_center_on_mobile=&#8220;on&#8220; use_border_color=&#8220;off&#8220; border_color=&#8220;#ffffff&#8220; border_style=&#8220;solid&#8220;] [\/et_pb_image][\/et_pb_column][et_pb_column type=&#8220;1_4&#8243;][et_pb_text admin_label=&#8220;Text&#8220; background_layout=&#8220;light&#8220; text_orientation=&#8220;left&#8220; use_border_color=&#8220;off&#8220; border_color=&#8220;#ffffff&#8220; border_style=&#8220;solid&#8220;]<\/p>\n<h3>Autopilot<\/h3>\n<p>&nbsp;<\/p>\n<p>Dank des Autopiloten-Systems von Dynon Avionics* und des AP-Panels l\u00e4sst sich der Workload des Piloten bei \u00dcberlandfl\u00fcgen wesentlich reduzieren. Durch die gute graphische Integration von Autopilot und Flight Director ist das System intuitiv zu bedienen. Der Autopilot kann sowohl externe Radionavigationsquellen nutzen als auch \u00fcber GPS Routen abfliegen.<\/p>\n<p>&nbsp;<\/p>\n<p>[\/et_pb_text][\/et_pb_column][et_pb_column type=&#8220;1_4&#8243;][et_pb_image admin_label=&#8220;Bild&#8220; src=&#8220;https:\/\/primeaviator.com\/wp-content\/uploads\/2017\/10\/SV-KNOB_PANEL_Front-ISO_web_trans.jpg&#8220; show_in_lightbox=&#8220;off&#8220; url_new_window=&#8220;off&#8220; use_overlay=&#8220;off&#8220; animation=&#8220;left&#8220; sticky=&#8220;off&#8220; align=&#8220;left&#8220; force_fullwidth=&#8220;off&#8220; always_center_on_mobile=&#8220;on&#8220; use_border_color=&#8220;off&#8220; border_color=&#8220;#ffffff&#8220; border_style=&#8220;solid&#8220;] [\/et_pb_image][\/et_pb_column][et_pb_column type=&#8220;1_4&#8243;][et_pb_text admin_label=&#8220;Text&#8220; background_layout=&#8220;light&#8220; text_orientation=&#8220;left&#8220; use_border_color=&#8220;off&#8220; border_color=&#8220;#ffffff&#8220; border_style=&#8220;solid&#8220;]<\/p>\n<h3>Schnellzugriff<\/h3>\n<p>&nbsp;<\/p>\n<p>Obwohl die Touch Oberfl\u00e4che des SkyView D1000 sehr nutzerfreundlich ist, gibt es Werte wie Druckeinstellungen, Headings, Tracks und H\u00f6heneinstellungen des Autopiloten die oft ver\u00e4ndert werden. Das Knob Panel* stellt dem Piloten den direkten Zugriff auf diese Einstellungen zur Verf\u00fcgung. Dies spart wertvolle Zeit und vereinfacht den Alltag.<\/p>\n<p>&nbsp;<\/p>\n<p>[\/et_pb_text][\/et_pb_column][\/et_pb_row][et_pb_row admin_label=&#8220;Zeile&#8220;][et_pb_column type=&#8220;1_4&#8243;][et_pb_image admin_label=&#8220;Bild&#8220; src=&#8220;https:\/\/primeaviator.com\/wp-content\/uploads\/2017\/10\/SV-COM-PANEL_Vertical.jpg&#8220; show_in_lightbox=&#8220;off&#8220; url_new_window=&#8220;off&#8220; use_overlay=&#8220;off&#8220; animation=&#8220;left&#8220; sticky=&#8220;off&#8220; align=&#8220;left&#8220; force_fullwidth=&#8220;off&#8220; always_center_on_mobile=&#8220;on&#8220; use_border_color=&#8220;off&#8220; border_color=&#8220;#ffffff&#8220; border_style=&#8220;solid&#8220;] [\/et_pb_image][\/et_pb_column][et_pb_column type=&#8220;1_4&#8243;][et_pb_text admin_label=&#8220;Text&#8220; background_layout=&#8220;light&#8220; text_orientation=&#8220;left&#8220; use_border_color=&#8220;off&#8220; border_color=&#8220;#ffffff&#8220; border_style=&#8220;solid&#8220;]<\/p>\n<h3>SV-COM-C25<\/h3>\n<p>&nbsp;<\/p>\n<p>Das Funkger\u00e4t SV-COM-C25* sorgt durch seine integrierte Datenbank f\u00fcr die Identifikation der jeweiligen Funkstellen und zeigt diese im Display an. Dies sorgt daf\u00fcr, dass Funkstationen durch die Piloten schneller identifiziert werden und eventuelle Fehlrastungen vermieden werden k\u00f6nnen. Frequenzen aus dem SkyView D1000* lassen sich ebenfalls direkt an das Funkger\u00e4t senden.<\/p>\n<p>&nbsp;<\/p>\n<p>[\/et_pb_text][\/et_pb_column][et_pb_column type=&#8220;1_4&#8243;][et_pb_text admin_label=&#8220;Text&#8220; background_layout=&#8220;light&#8220; text_orientation=&#8220;left&#8220; use_border_color=&#8220;off&#8220; border_color=&#8220;#ffffff&#8220; border_style=&#8220;solid&#8220;]<\/p>\n<h3>Dynon Avionics<\/h3>\n<p>&nbsp;<\/p>\n<p>Die Firma Dynon Avionics aus den USA beliefert den Markt seit 2000 mit hochwertigen Komponenten. Das Angebot umfasst mittlerweile zertifizierte und nicht zertifizierte Systeme mit einer gro\u00dfen Integrationstiefe. Selbst im Space-Ship One sind Komponenten zur Fluglageermittlung von Dynon Avionics verbaut. Die Firma ist eine der innovativsten Technikschmieden dieser Branche.<\/p>\n<p>[\/et_pb_text][\/et_pb_column][et_pb_column type=&#8220;1_4&#8243;][et_pb_text admin_label=&#8220;Text&#8220; background_layout=&#8220;light&#8220; text_orientation=&#8220;left&#8220; use_border_color=&#8220;off&#8220; border_color=&#8220;#ffffff&#8220; border_style=&#8220;solid&#8220;]<\/p>\n<h3>Vertrieb<\/h3>\n<p>&nbsp;<\/p>\n<p>Der Vertrieb und die technische Betreuung von Dynon Produkten \u00fcbernimmt in Deutschland die Firma UL GmbH<a href=\"http:\/\/www.ul-gmbh.de\">\u00a0www.ul-gmbh.de\u00a0<\/a>. Der Internetauftritt ist direkt \u00fcber\u00a0<a href=\"http:\/\/www.dynonavionics.de\">www.dynonavionics.de<\/a>\u00a0zu erreichen. Dort finden Sie weitere Produkte und umfangreiche Informationen zu allen Ger\u00e4ten die derzeit auf dem Markt erh\u00e4ltlich sind.<\/p>\n<p>[\/et_pb_text][\/et_pb_column][\/et_pb_row][\/et_pb_section][et_pb_section admin_label=&#8220;Sektion&#8220; fullwidth=&#8220;off&#8220; specialty=&#8220;off&#8220; transparent_background=&#8220;off&#8220; background_color=&#8220;#000000&#8243; allow_player_pause=&#8220;off&#8220; inner_shadow=&#8220;off&#8220; parallax=&#8220;off&#8220; parallax_method=&#8220;off&#8220; padding_mobile=&#8220;off&#8220; make_fullwidth=&#8220;off&#8220; use_custom_width=&#8220;off&#8220; width_unit=&#8220;on&#8220; make_equal=&#8220;off&#8220; use_custom_gutter=&#8220;off&#8220;][et_pb_row admin_label=&#8220;Zeile&#8220; make_fullwidth=&#8220;off&#8220; use_custom_width=&#8220;off&#8220; width_unit=&#8220;on&#8220; use_custom_gutter=&#8220;off&#8220; padding_mobile=&#8220;off&#8220; allow_player_pause=&#8220;off&#8220; parallax=&#8220;off&#8220; parallax_method=&#8220;off&#8220; make_equal=&#8220;on&#8220; parallax_1=&#8220;off&#8220; parallax_method_1=&#8220;off&#8220; column_padding_mobile=&#8220;on&#8220;][et_pb_column type=&#8220;4_4&#8243;][et_pb_text admin_label=&#8220;Text&#8220; background_layout=&#8220;dark&#8220; text_orientation=&#8220;left&#8220; background_color=&#8220;#000000&#8243; use_border_color=&#8220;off&#8220; border_color=&#8220;#ffffff&#8220; border_style=&#8220;solid&#8220; text_font_size=&#8220;6&#8243; text_font_size_last_edited=&#8220;on|phone&#8220;]<\/p>\n<p>*Alle Rechte an der Marke sowie die Bilder als auch weitere Inhalte geh\u00f6ren der Firma Dynon Avioncs. Es handelt sich um eine gesch\u00fctzte Marke.<\/p>\n<p>**Alle Rechte an der Marke sowie die Bilder als auch weitere Inhalte geh\u00f6ren der FLARM Technology AG. Es handelt sich um eine gesch\u00fctzte Marke.<\/p>\n<p>[\/et_pb_text][\/et_pb_column][\/et_pb_row][\/et_pb_section]<\/p>\n","protected":false},"excerpt":{"rendered":"<p>Avionikintegration und Systeme SkyView 10&#8243; Touch* &nbsp; Durch seine hohe Betriebssicherheit und seine unkomplizierte Erweiterbarkeit setzten wir auf das Skyview System der Firma Dynon Avioncs*. Das 10 Zoll System bietet f\u00fcr unser Cockpit Panel eine optimale Raumausnutzung. Das System l\u00e4sst sich flexibel an die Vorlieben des jeweiligen Piloten anpassen und informiert sowohl visuell, als auch [&hellip;]<\/p>\n","protected":false},"author":1,"featured_media":0,"parent":0,"menu_order":0,"comment_status":"closed","ping_status":"closed","template":"","meta":{"_et_pb_use_builder":"on","_et_pb_old_content":"","_et_gb_content_width":"","jetpack_post_was_ever_published":false,"footnotes":""},"class_list":["post-2425","page","type-page","status-publish","hentry"],"jetpack_shortlink":"https:\/\/wp.me\/P9j95s-D7","jetpack_sharing_enabled":true,"_links":{"self":[{"href":"https:\/\/primeaviator.com\/shopping\/wp-json\/wp\/v2\/pages\/2425","targetHints":{"allow":["GET"]}}],"collection":[{"href":"https:\/\/primeaviator.com\/shopping\/wp-json\/wp\/v2\/pages"}],"about":[{"href":"https:\/\/primeaviator.com\/shopping\/wp-json\/wp\/v2\/types\/page"}],"author":[{"embeddable":true,"href":"https:\/\/primeaviator.com\/shopping\/wp-json\/wp\/v2\/users\/1"}],"replies":[{"embeddable":true,"href":"https:\/\/primeaviator.com\/shopping\/wp-json\/wp\/v2\/comments?post=2425"}],"version-history":[{"count":22,"href":"https:\/\/primeaviator.com\/shopping\/wp-json\/wp\/v2\/pages\/2425\/revisions"}],"predecessor-version":[{"id":2461,"href":"https:\/\/primeaviator.com\/shopping\/wp-json\/wp\/v2\/pages\/2425\/revisions\/2461"}],"wp:attachment":[{"href":"https:\/\/primeaviator.com\/shopping\/wp-json\/wp\/v2\/media?parent=2425"}],"curies":[{"name":"wp","href":"https:\/\/api.w.org\/{rel}","templated":true}]}}