{"id":2295,"date":"2017-10-24T18:28:55","date_gmt":"2017-10-24T18:28:55","guid":{"rendered":"https:\/\/primeaviator.com\/bezahlmoeglichkeiten\/"},"modified":"2017-10-25T08:38:15","modified_gmt":"2017-10-25T08:38:15","slug":"bezahlmoeglichkeiten","status":"publish","type":"page","link":"https:\/\/primeaviator.com\/shopping\/bezahlmoeglichkeiten\/","title":{"rendered":"Zahlungsarten"},"content":{"rendered":"<p>[et_pb_section admin_label=&#8220;section&#8220;][et_pb_row admin_label=&#8220;Zeile&#8220;][et_pb_column type=&#8220;4_4&#8243;][et_pb_text admin_label=&#8220;Text&#8220; background_layout=&#8220;light&#8220; text_orientation=&#8220;center&#8220; use_border_color=&#8220;off&#8220; border_color=&#8220;#ffffff&#8220; border_style=&#8220;solid&#8220;]<\/p>\n<h1>Zahlungsarten<\/h1>\n<p>[\/et_pb_text][\/et_pb_column][\/et_pb_row][et_pb_row admin_label=&#8220;Zeile&#8220;][et_pb_column type=&#8220;1_3&#8243;][et_pb_text admin_label=&#8220;Text&#8220; background_layout=&#8220;light&#8220; text_orientation=&#8220;left&#8220; use_border_color=&#8220;off&#8220; border_color=&#8220;#ffffff&#8220; border_style=&#8220;solid&#8220;]<\/p>\n<h3><\/h3>\n<h3 style=\"text-align: center;\">Bank\u00fcberweisung<\/h3>\n<p>&nbsp;<\/p>\n<p>Wenn Sie beim Kauf die Option &#8222;Bank\u00fcberweisung&#8220; als Zahlungsart ausw\u00e4hlen erhalten Sie nach dem Kauf unsere Bankdetails. Sie k\u00f6nnen dann binnen 14 Tagen den Rechnungsbetrag \u00fcberweisen. Der Gutschein wird nach dem Geldeingang mit der von Ihnen gew\u00e4hlten Versandart versendet.<\/p>\n<p>[\/et_pb_text][\/et_pb_column][et_pb_column type=&#8220;1_3&#8243;][et_pb_text admin_label=&#8220;Text&#8220; background_layout=&#8220;light&#8220; text_orientation=&#8220;left&#8220; use_border_color=&#8220;off&#8220; border_color=&#8220;#ffffff&#8220; border_style=&#8220;solid&#8220;]<\/p>\n<h3 style=\"text-align: center;\">PayPal Zahlung<\/h3>\n<p>&nbsp;<\/p>\n<p>Wenn Sie beim Kauf die Option &#8222;PayPal&#8220; als Zahlungsart ausw\u00e4hlen werden Sie nach dem Kauf auf das Paypal Portal weitergeleitet. Dort k\u00f6nnen Sie die Transaktion schnell, sicher und unkompliziert abwickeln. Der Gutschein wird nach der erfolgreichen Transaktion bis 17:00 Uhr am n\u00e4chsten Werktag versendet.<\/p>\n<p>[\/et_pb_text][\/et_pb_column][et_pb_column type=&#8220;1_3&#8243;][et_pb_text admin_label=&#8220;Text&#8220; background_layout=&#8220;light&#8220; text_orientation=&#8220;left&#8220; use_border_color=&#8220;off&#8220; border_color=&#8220;#ffffff&#8220; border_style=&#8220;solid&#8220;]<\/p>\n<h3 style=\"text-align: center;\">Auf Rechnung bestellen<\/h3>\n<p>&nbsp;<\/p>\n<p>Wenn Sie beim Kauf die Option &#8222;Auf Rechnung&#8220; als Zahlungsart ausw\u00e4hlen erhalten Sie nach dem Kauf die Rechnung sowohl per Mail als auch per Post zusammen mit dem Gutschein. Der Gutschein erh\u00e4lt seine G\u00fcltigkeit erst mit Eingang der Zahlung auf unserem Bankkonto. Die Kontodetails k\u00f6nnen Sie der jeweiligen Rechnung entnehmen.<\/p>\n<p>[\/et_pb_text][\/et_pb_column][\/et_pb_row][et_pb_row admin_label=&#8220;Zeile&#8220;][et_pb_column type=&#8220;1_3&#8243;][et_pb_button admin_label=&#8220;Taste&#8220; button_url=&#8220;https:\/\/primeaviator.com\/kontakt\/&#8220; url_new_window=&#8220;off&#8220; button_text=&#8220;Fragen zur Zahlart kl\u00e4ren&#8220; button_alignment=&#8220;center&#8220; background_layout=&#8220;light&#8220; custom_button=&#8220;on&#8220; button_letter_spacing=&#8220;0&#8243; button_use_icon=&#8220;default&#8220; button_icon_placement=&#8220;right&#8220; button_on_hover=&#8220;on&#8220; button_letter_spacing_hover=&#8220;0&#8243; button_text_size=&#8220;11&#8243; button_border_width=&#8220;1&#8243;] [\/et_pb_button][\/et_pb_column][et_pb_column type=&#8220;1_3&#8243;][et_pb_button admin_label=&#8220;Taste&#8220; button_url=&#8220;https:\/\/primeaviator.com\/kontakt\/&#8220; url_new_window=&#8220;off&#8220; button_text=&#8220;Fragen zur Zahlart kl\u00e4ren&#8220; button_alignment=&#8220;center&#8220; background_layout=&#8220;light&#8220; custom_button=&#8220;on&#8220; button_letter_spacing=&#8220;0&#8243; button_use_icon=&#8220;default&#8220; button_icon_placement=&#8220;right&#8220; button_on_hover=&#8220;on&#8220; button_letter_spacing_hover=&#8220;0&#8243; button_text_size=&#8220;11&#8243; button_border_width=&#8220;1&#8243;] [\/et_pb_button][\/et_pb_column][et_pb_column type=&#8220;1_3&#8243;][et_pb_button admin_label=&#8220;Taste&#8220; button_url=&#8220;https:\/\/primeaviator.com\/kontakt\/&#8220; url_new_window=&#8220;off&#8220; button_text=&#8220;Fragen zur Zahlart kl\u00e4ren&#8220; button_alignment=&#8220;center&#8220; background_layout=&#8220;light&#8220; custom_button=&#8220;on&#8220; button_letter_spacing=&#8220;0&#8243; button_use_icon=&#8220;default&#8220; button_icon_placement=&#8220;right&#8220; button_on_hover=&#8220;on&#8220; button_letter_spacing_hover=&#8220;0&#8243; button_text_size=&#8220;11&#8243; button_border_width=&#8220;1&#8243;] [\/et_pb_button][\/et_pb_column][\/et_pb_row][et_pb_row admin_label=&#8220;Zeile&#8220;][et_pb_column type=&#8220;4_4&#8243;][et_pb_divider admin_label=&#8220;Teiler&#8220; color=&#8220;rgba(0,0,0,0.33)&#8220; show_divider=&#8220;on&#8220; height=&#8220;15&#8243; divider_style=&#8220;solid&#8220; divider_position=&#8220;top&#8220; hide_on_mobile=&#8220;on&#8220;] [\/et_pb_divider][et_pb_text admin_label=&#8220;Text&#8220; background_layout=&#8220;light&#8220; text_orientation=&#8220;center&#8220; use_border_color=&#8220;off&#8220; border_color=&#8220;#ffffff&#8220; border_style=&#8220;solid&#8220;]<\/p>\n<h1>R\u00fcckabwicklungen<\/h1>\n<p>[\/et_pb_text][\/et_pb_column][\/et_pb_row][et_pb_row admin_label=&#8220;Zeile&#8220;][et_pb_column type=&#8220;1_3&#8243;][et_pb_text admin_label=&#8220;Text&#8220; background_layout=&#8220;light&#8220; text_orientation=&#8220;left&#8220; use_border_color=&#8220;off&#8220; border_color=&#8220;#ffffff&#8220; border_style=&#8220;solid&#8220;]<\/p>\n<h3><\/h3>\n<h3 style=\"text-align: center;\">Bank\u00fcberweisung<\/h3>\n<p>&nbsp;<\/p>\n<p>Wenn Sie beim Kauf die Option &#8222;Bank\u00fcberweisung&#8220; als Zahlungsart ausw\u00e4hlt haben und innerhalb der Fristen eine R\u00fcckerstattung w\u00fcnschen, werden wir Ihnen den Betrag auf Ihr Konto (innenhalb von 3 Werktagen) zur\u00fcck \u00fcberweisen von dem aus der Rechnungsbetrag \u00fcberweisen wurde. Eine \u00dcberweisung des Rechnungsbetrags auf ein anderes Konto ist nicht m\u00f6glich.<\/p>\n<p>&nbsp;<\/p>\n<p>[\/et_pb_text][\/et_pb_column][et_pb_column type=&#8220;1_3&#8243;][et_pb_text admin_label=&#8220;Text&#8220; background_layout=&#8220;light&#8220; text_orientation=&#8220;left&#8220; use_border_color=&#8220;off&#8220; border_color=&#8220;#ffffff&#8220; border_style=&#8220;solid&#8220;]<\/p>\n<h3 style=\"text-align: center;\">PayPal Zahlung<\/h3>\n<p>&nbsp;<\/p>\n<p>Wenn Sie beim Kauf die Option &#8222;PayPal&#8220; als Zahlungsart ausw\u00e4hlt haben und innerhalb der Fristen eine R\u00fcckerstattung w\u00fcnschen, werden wir Ihnen den Betrag auf Ihr Paypal Konto innerhalb von 48h (werktags) zur\u00fcck \u00fcberweisen. Eine \u00dcberweisung des Rechnungsbetrags auf ein anderes Konto ist nicht m\u00f6glich. Es fallen keine R\u00fcckerstattungsgeb\u00fchren an.<\/p>\n<p>[\/et_pb_text][\/et_pb_column][et_pb_column type=&#8220;1_3&#8243;][et_pb_text admin_label=&#8220;Text&#8220; background_layout=&#8220;light&#8220; text_orientation=&#8220;center&#8220; use_border_color=&#8220;off&#8220; border_color=&#8220;#ffffff&#8220; border_style=&#8220;solid&#8220;]<\/p>\n<h3>Auf Rechnung bestellen<\/h3>\n<p>&nbsp;<\/p>\n<p>Wenn Sie beim Kauf die Option &#8222;Auf Rechnung&#8220; als Zahlungsart ausw\u00e4hlt haben und innerhalb der Fristen eine R\u00fcckerstattung w\u00fcnschen, werden wir Ihnen den Betrag auf Ihr Konto (innenhalb von 4 Werktagen) zur\u00fcck \u00fcberweisen von dem aus der Rechnungsbetrag \u00fcberweisen wurde. Eine \u00dcberweisung des Rechnungsbetrags auf ein anderes Konto ist nicht m\u00f6glich.<\/p>\n<p>[\/et_pb_text][\/et_pb_column][\/et_pb_row][et_pb_row admin_label=&#8220;Zeile&#8220;][et_pb_column type=&#8220;1_3&#8243;][et_pb_button admin_label=&#8220;Taste&#8220; button_url=&#8220;https:\/\/primeaviator.com\/kontakt\/&#8220; url_new_window=&#8220;off&#8220; button_text=&#8220;Fragen zur R\u00fcckabwicklung kl\u00e4ren&#8220; button_alignment=&#8220;center&#8220; background_layout=&#8220;light&#8220; custom_button=&#8220;on&#8220; button_letter_spacing=&#8220;0&#8243; button_use_icon=&#8220;default&#8220; button_icon_placement=&#8220;right&#8220; button_on_hover=&#8220;on&#8220; button_letter_spacing_hover=&#8220;0&#8243; button_text_size=&#8220;11&#8243; button_border_width=&#8220;1&#8243;] [\/et_pb_button][\/et_pb_column][et_pb_column type=&#8220;1_3&#8243;][et_pb_button admin_label=&#8220;Taste&#8220; button_url=&#8220;https:\/\/primeaviator.com\/kontakt\/&#8220; url_new_window=&#8220;off&#8220; button_text=&#8220;Fragen zur R\u00fcckabwicklung kl\u00e4ren&#8220; button_alignment=&#8220;center&#8220; background_layout=&#8220;light&#8220; custom_button=&#8220;on&#8220; button_letter_spacing=&#8220;0&#8243; button_use_icon=&#8220;default&#8220; button_icon_placement=&#8220;right&#8220; button_on_hover=&#8220;on&#8220; button_letter_spacing_hover=&#8220;0&#8243; button_text_size=&#8220;11&#8243; button_border_width=&#8220;1&#8243;] [\/et_pb_button][\/et_pb_column][et_pb_column type=&#8220;1_3&#8243;][et_pb_button admin_label=&#8220;Taste&#8220; button_url=&#8220;https:\/\/primeaviator.com\/kontakt\/&#8220; url_new_window=&#8220;off&#8220; button_text=&#8220;Fragen zur R\u00fcckabwicklung kl\u00e4ren&#8220; button_alignment=&#8220;center&#8220; background_layout=&#8220;light&#8220; custom_button=&#8220;on&#8220; button_letter_spacing=&#8220;0&#8243; button_use_icon=&#8220;default&#8220; button_icon_placement=&#8220;right&#8220; button_on_hover=&#8220;on&#8220; button_letter_spacing_hover=&#8220;0&#8243; button_text_size=&#8220;11&#8243; button_border_width=&#8220;1&#8243;] [\/et_pb_button][\/et_pb_column][\/et_pb_row][et_pb_row admin_label=&#8220;Zeile&#8220;][et_pb_column type=&#8220;4_4&#8243;][et_pb_divider admin_label=&#8220;Teiler&#8220; color=&#8220;rgba(0,0,0,0.33)&#8220; show_divider=&#8220;on&#8220; height=&#8220;15&#8243; divider_style=&#8220;solid&#8220; divider_position=&#8220;top&#8220; hide_on_mobile=&#8220;on&#8220;] [\/et_pb_divider][et_pb_text admin_label=&#8220;Text&#8220; background_layout=&#8220;light&#8220; text_orientation=&#8220;center&#8220; use_border_color=&#8220;off&#8220; border_color=&#8220;#ffffff&#8220; border_style=&#8220;solid&#8220;]<\/p>\n<h1 style=\"text-align: center;\">Hinweise<\/h1>\n<p>[\/et_pb_text][\/et_pb_column][\/et_pb_row][et_pb_row admin_label=&#8220;Zeile&#8220;][et_pb_column type=&#8220;1_3&#8243;][et_pb_text admin_label=&#8220;Text&#8220; background_layout=&#8220;light&#8220; text_orientation=&#8220;center&#8220; use_border_color=&#8220;off&#8220; border_color=&#8220;#ffffff&#8220; border_style=&#8220;solid&#8220;]<\/p>\n<h3><\/h3>\n<h3>Identit\u00e4tsnachweis<\/h3>\n<p>&nbsp;<\/p>\n<p>Bitte nutzen Sie immer die Mail-Adresse zur Kommunikation mit uns mit der Sie sich beim Bestellprozess verbunden haben. Aus Gr\u00fcnden der Identit\u00e4tsfestlegung k\u00f6nnen wir R\u00fcckabwicklungen und sonstige Anfangen nicht ber\u00fccksichtigen wenn eine andere Mail-Adresse verwendet wird.<\/p>\n<p>&nbsp;<\/p>\n<p>[\/et_pb_text][\/et_pb_column][et_pb_column type=&#8220;1_3&#8243;][et_pb_text admin_label=&#8220;Text&#8220; background_layout=&#8220;light&#8220; text_orientation=&#8220;center&#8220; use_border_color=&#8220;off&#8220; border_color=&#8220;#ffffff&#8220; border_style=&#8220;solid&#8220;]<\/p>\n<h3><\/h3>\n<h3>Bearbeitungszeit<\/h3>\n<p>&nbsp;<\/p>\n<p>Es kann in Einzelf\u00e4llen zu einer l\u00e4ngeren Bearbeitungszeit der R\u00fcckerstattung kommen wenn internationale Bankverbindungen genutzt werden. Bitte haben Sie Verst\u00e4ndnis daf\u00fcr dass wir uns in Einzelf\u00e4llen zur Koordinierung der R\u00fcckabwicklung mit R\u00fcckfragen an Sie wenden werden.<\/p>\n<p>&nbsp;<\/p>\n<p>[\/et_pb_text][\/et_pb_column][et_pb_column type=&#8220;1_3&#8243;][et_pb_text admin_label=&#8220;Text&#8220; background_layout=&#8220;light&#8220; text_orientation=&#8220;center&#8220; use_border_color=&#8220;off&#8220; border_color=&#8220;#ffffff&#8220; border_style=&#8220;solid&#8220;]<\/p>\n<h3><\/h3>\n<h3>Kommunikation<\/h3>\n<p>&nbsp;<\/p>\n<p>Alle R\u00fcckabwicklungen und Bestellungen erfordern eine schriftliche Fixierung. Aus diesem Grunde k\u00f6nnen Bestellungen und R\u00fcckabwicklungen nur mit einem g\u00fcltigen und funktionale Mail-Account durchgef\u00fchrt werden. Bitte stellen Sie sicher dass Sie f\u00fcr die G\u00fcltigkeit von Tickets und Gutscheinen immer auf den Account zugreifen k\u00f6nnen.<\/p>\n<p>&nbsp;<\/p>\n<p>[\/et_pb_text][\/et_pb_column][\/et_pb_row][et_pb_row admin_label=&#8220;Zeile&#8220;][et_pb_column type=&#8220;1_3&#8243;][et_pb_button admin_label=&#8220;Taste&#8220; button_url=&#8220;https:\/\/primeaviator.com\/kontakt\/&#8220; url_new_window=&#8220;off&#8220; button_text=&#8220;Fragen zur diesem Hinweis kl\u00e4ren&#8220; button_alignment=&#8220;center&#8220; background_layout=&#8220;light&#8220; custom_button=&#8220;on&#8220; button_letter_spacing=&#8220;0&#8243; button_use_icon=&#8220;default&#8220; button_icon_placement=&#8220;right&#8220; button_on_hover=&#8220;on&#8220; button_letter_spacing_hover=&#8220;0&#8243; button_text_size=&#8220;11&#8243; button_border_width=&#8220;1&#8243;] [\/et_pb_button][\/et_pb_column][et_pb_column type=&#8220;1_3&#8243;][et_pb_button admin_label=&#8220;Taste&#8220; button_url=&#8220;https:\/\/primeaviator.com\/kontakt\/&#8220; url_new_window=&#8220;off&#8220; button_text=&#8220;Fragen zur diesem Hinweis kl\u00e4ren&#8220; button_alignment=&#8220;center&#8220; background_layout=&#8220;light&#8220; custom_button=&#8220;on&#8220; button_letter_spacing=&#8220;0&#8243; button_use_icon=&#8220;default&#8220; button_icon_placement=&#8220;right&#8220; button_on_hover=&#8220;on&#8220; button_letter_spacing_hover=&#8220;0&#8243; button_text_size=&#8220;11&#8243; button_border_width=&#8220;1&#8243;] [\/et_pb_button][\/et_pb_column][et_pb_column type=&#8220;1_3&#8243;][et_pb_button admin_label=&#8220;Taste&#8220; button_url=&#8220;https:\/\/primeaviator.com\/kontakt\/&#8220; url_new_window=&#8220;off&#8220; button_text=&#8220;Fragen zur diesem Hinweis kl\u00e4ren&#8220; button_alignment=&#8220;center&#8220; background_layout=&#8220;light&#8220; custom_button=&#8220;on&#8220; button_letter_spacing=&#8220;0&#8243; button_use_icon=&#8220;default&#8220; button_icon_placement=&#8220;right&#8220; button_on_hover=&#8220;on&#8220; button_letter_spacing_hover=&#8220;0&#8243; button_text_size=&#8220;11&#8243; button_border_width=&#8220;1&#8243;] [\/et_pb_button][\/et_pb_column][\/et_pb_row][\/et_pb_section][et_pb_section admin_label=&#8220;Sektion&#8220; fullwidth=&#8220;off&#8220; specialty=&#8220;off&#8220; transparent_background=&#8220;off&#8220; background_color=&#8220;rgba(0,0,0,0.24)&#8220; allow_player_pause=&#8220;off&#8220; inner_shadow=&#8220;off&#8220; parallax=&#8220;off&#8220; parallax_method=&#8220;off&#8220; padding_mobile=&#8220;off&#8220; make_fullwidth=&#8220;off&#8220; use_custom_width=&#8220;off&#8220; width_unit=&#8220;on&#8220; make_equal=&#8220;off&#8220; use_custom_gutter=&#8220;off&#8220;][et_pb_row admin_label=&#8220;Zeile&#8220;][et_pb_column type=&#8220;4_4&#8243;][et_pb_text admin_label=&#8220;Text&#8220;] <div class=\"woocommerce woocommerce-gzd\">\n\t<ul class=\"payment_methods methods\">\n\t\t\t\t\t<li class=\"payment_method_woocommerce_payments\">\n\t\t\t\t<label>Karte<img decoding=\"async\" src=\"https:\/\/primeaviator.com\/wp-content\/plugins\/woocommerce-payments\/assets\/images\/payment-methods\/generic-card.svg\" alt=\"Karte\" \/><\/label>\n\t\t\t\t\t\t\t\t\t<div class=\"payment_box payment_method_woocommerce_payments\">\n\t\t\t\t\t\t<p><\/p>\n\t\t\t\t\t<\/div>\n\t\t\t\t\t\t\t<\/li>\n\t\t\t\t\t<li class=\"payment_method_woocommerce_payments_klarna\">\n\t\t\t\t<label>Klarna<img decoding=\"async\" src=\"https:\/\/primeaviator.com\/wp-content\/plugins\/woocommerce-payments\/assets\/images\/payment-methods\/klarna-pill.svg\" alt=\"Klarna\" \/><\/label>\n\t\t\t\t\t\t\t\t\t<div class=\"payment_box payment_method_woocommerce_payments_klarna\">\n\t\t\t\t\t\t<p><\/p>\n\t\t\t\t\t<\/div>\n\t\t\t\t\t\t\t<\/li>\n\t\t\t\t\t<li class=\"payment_method_woocommerce_payments_apple_pay\">\n\t\t\t\t<label>Apple Pay<img decoding=\"async\" src=\"https:\/\/primeaviator.com\/wp-content\/plugins\/woocommerce-payments\/assets\/images\/cards\/apple-pay.svg\" alt=\"Apple Pay\" \/><\/label>\n\t\t\t\t\t\t\t\t\t<div class=\"payment_box payment_method_woocommerce_payments_apple_pay\">\n\t\t\t\t\t\t<p><\/p>\n\t\t\t\t\t<\/div>\n\t\t\t\t\t\t\t<\/li>\n\t\t\t\t\t<li class=\"payment_method_woocommerce_payments_google_pay\">\n\t\t\t\t<label>Google Pay<img decoding=\"async\" src=\"https:\/\/primeaviator.com\/wp-content\/plugins\/woocommerce-payments\/assets\/images\/cards\/google-pay.svg\" alt=\"Google Pay\" \/><\/label>\n\t\t\t\t\t\t\t\t\t<div class=\"payment_box payment_method_woocommerce_payments_google_pay\">\n\t\t\t\t\t\t<p><\/p>\n\t\t\t\t\t<\/div>\n\t\t\t\t\t\t\t<\/li>\n\t\t\t\t\t<li class=\"payment_method_bacs\">\n\t\t\t\t<label>Bank\u00fcberweisung<\/label>\n\t\t\t\t\t\t\t\t\t<div class=\"payment_box payment_method_bacs\">\n\t\t\t\t\t\t<p>\u00dcberweise direkt an unsere Bankverbindung. Bitte nutze die Bestellnummer als Verwendungszweck.<\/p>\n\t\t\t\t\t<\/div>\n\t\t\t\t\t\t\t<\/li>\n\t\t\t\t\t<li class=\"payment_method_invoice\">\n\t\t\t\t<label>Rechnung<\/label>\n\t\t\t\t\t\t\t\t\t<div class=\"payment_box payment_method_invoice\">\n\t\t\t\t\t\t<p>Du erh\u00e4ltst nach der Bestellung eine Rechnung von uns. Bitte \u00fcberweise den Gesamtbetrag innerhalb von 14 Tagen auf das dort angegebene Konto.<\/p>\n\t\t\t\t\t<\/div>\n\t\t\t\t\t\t\t<\/li>\n\t\t\t\t\t<li class=\"payment_method_ppcp-gateway\">\n\t\t\t\t<label>PayPal<\/label>\n\t\t\t\t\t\t\t\t\t<div class=\"payment_box payment_method_ppcp-gateway\">\n\t\t\t\t\t\t<p>Mit PayPal zahlen.<\/p>\n\t\t\t\t\t<\/div>\n\t\t\t\t\t\t\t<\/li>\n\t\t\t\t\t<li class=\"payment_method_ppcp-credit-card-gateway\">\n\t\t\t\t<label>Kreditkarten<\/label>\n\t\t\t\t\t\t\t\t\t<div class=\"payment_box payment_method_ppcp-credit-card-gateway\">\n\t\t\t\t\t\t<p>Bezahle mit deiner Kreditkarte.<\/p>\n\t\t\t\t\t<\/div>\n\t\t\t\t\t\t\t<\/li>\n\t\t\t<\/ul>\n<\/div> [\/et_pb_text][\/et_pb_column][\/et_pb_row][\/et_pb_section]<\/p>\n","protected":false},"excerpt":{"rendered":"<p>Zahlungsarten Bank\u00fcberweisung &nbsp; Wenn Sie beim Kauf die Option &#8222;Bank\u00fcberweisung&#8220; als Zahlungsart ausw\u00e4hlen erhalten Sie nach dem Kauf unsere Bankdetails. Sie k\u00f6nnen dann binnen 14 Tagen den Rechnungsbetrag \u00fcberweisen. Der Gutschein wird nach dem Geldeingang mit der von Ihnen gew\u00e4hlten Versandart versendet. PayPal Zahlung &nbsp; Wenn Sie beim Kauf die Option &#8222;PayPal&#8220; als Zahlungsart ausw\u00e4hlen [&hellip;]<\/p>\n","protected":false},"author":1,"featured_media":0,"parent":0,"menu_order":0,"comment_status":"closed","ping_status":"closed","template":"","meta":{"_et_pb_use_builder":"on","_et_pb_old_content":"<p>[payment_methods_info]<\/p>","_et_gb_content_width":"","jetpack_post_was_ever_published":false,"footnotes":""},"class_list":["post-2295","page","type-page","status-publish","hentry"],"jetpack_shortlink":"https:\/\/wp.me\/P9j95s-B1","jetpack_sharing_enabled":true,"_links":{"self":[{"href":"https:\/\/primeaviator.com\/shopping\/wp-json\/wp\/v2\/pages\/2295","targetHints":{"allow":["GET"]}}],"collection":[{"href":"https:\/\/primeaviator.com\/shopping\/wp-json\/wp\/v2\/pages"}],"about":[{"href":"https:\/\/primeaviator.com\/shopping\/wp-json\/wp\/v2\/types\/page"}],"author":[{"embeddable":true,"href":"https:\/\/primeaviator.com\/shopping\/wp-json\/wp\/v2\/users\/1"}],"replies":[{"embeddable":true,"href":"https:\/\/primeaviator.com\/shopping\/wp-json\/wp\/v2\/comments?post=2295"}],"version-history":[{"count":32,"href":"https:\/\/primeaviator.com\/shopping\/wp-json\/wp\/v2\/pages\/2295\/revisions"}],"predecessor-version":[{"id":2368,"href":"https:\/\/primeaviator.com\/shopping\/wp-json\/wp\/v2\/pages\/2295\/revisions\/2368"}],"wp:attachment":[{"href":"https:\/\/primeaviator.com\/shopping\/wp-json\/wp\/v2\/media?parent=2295"}],"curies":[{"name":"wp","href":"https:\/\/api.w.org\/{rel}","templated":true}]}}