{"id":1205,"date":"2016-09-27T14:42:49","date_gmt":"2016-09-27T14:42:49","guid":{"rendered":"https:\/\/primeaviator.com\/?page_id=1205"},"modified":"2017-11-12T22:33:30","modified_gmt":"2017-11-12T22:33:30","slug":"blackshape-prime","status":"publish","type":"page","link":"https:\/\/primeaviator.com\/shopping\/blackshape-prime\/","title":{"rendered":"BLACKSHAPE PRIME"},"content":{"rendered":"<p>[et_pb_section admin_label=&#8220;Sektion&#8220; fullwidth=&#8220;off&#8220; specialty=&#8220;off&#8220;][et_pb_row admin_label=&#8220;Zeile&#8220;][et_pb_column type=&#8220;4_4&#8243;][et_pb_image admin_label=&#8220;Bild&#8220; src=&#8220;https:\/\/primeaviator.com\/wp-content\/uploads\/2017\/02\/anitaph-e1510525953341.jpg&#8220; show_in_lightbox=&#8220;off&#8220; url_new_window=&#8220;off&#8220; use_overlay=&#8220;off&#8220; animation=&#8220;left&#8220; sticky=&#8220;off&#8220; align=&#8220;center&#8220; max_width=&#8220;650px&#8220; force_fullwidth=&#8220;off&#8220; always_center_on_mobile=&#8220;on&#8220; use_border_color=&#8220;off&#8220; border_color=&#8220;#ffffff&#8220; border_style=&#8220;solid&#8220; url=&#8220;http:\/\/www.blackshapeaircraft.info&#8220;] [\/et_pb_image][\/et_pb_column][\/et_pb_row][\/et_pb_section][et_pb_section admin_label=&#8220;section&#8220; transparent_background=&#8220;off&#8220; background_color=&#8220;#0E335F&#8220; allow_player_pause=&#8220;off&#8220; inner_shadow=&#8220;off&#8220; parallax=&#8220;off&#8220; parallax_method=&#8220;off&#8220; padding_mobile=&#8220;off&#8220; make_fullwidth=&#8220;off&#8220; use_custom_width=&#8220;off&#8220; width_unit=&#8220;on&#8220; make_equal=&#8220;off&#8220; use_custom_gutter=&#8220;off&#8220;][et_pb_row admin_label=&#8220;Zeile&#8220;][et_pb_column type=&#8220;1_4&#8243;][et_pb_blurb admin_label=&#8220;Informationstext&#8220; title=&#8220;Geschwindigkeit&#8220; url=&#8220;http:\/\/www.blackshapeaircraft.info\/prime\/&#8220; url_new_window=&#8220;on&#8220; use_icon=&#8220;on&#8220; font_icon=&#8220;%%138%%&#8220; icon_color=&#8220;#ffffff&#8220; use_circle=&#8220;off&#8220; circle_color=&#8220;#7EBEC5&#8243; use_circle_border=&#8220;off&#8220; circle_border_color=&#8220;#7EBEC5&#8243; icon_placement=&#8220;top&#8220; animation=&#8220;top&#8220; background_layout=&#8220;dark&#8220; text_orientation=&#8220;center&#8220; use_icon_font_size=&#8220;off&#8220; use_border_color=&#8220;off&#8220; border_color=&#8220;#ffffff&#8220; border_style=&#8220;solid&#8220; body_font_size=&#8220;27&#8243; header_line_height=&#8220;1.3em&#8220;]<\/p>\n<p>305 km\/h<\/p>\n<p>[\/et_pb_blurb][\/et_pb_column][et_pb_column type=&#8220;1_4&#8243;][et_pb_blurb admin_label=&#8220;Informationstext&#8220; title=&#8220;Reichweite&#8220; url=&#8220;http:\/\/www.blackshapeaircraft.info\/prime\/&#8220; url_new_window=&#8220;on&#8220; use_icon=&#8220;on&#8220; font_icon=&#8220;%%16%%&#8220; icon_color=&#8220;#ffffff&#8220; use_circle=&#8220;off&#8220; circle_color=&#8220;#7EBEC5&#8243; use_circle_border=&#8220;off&#8220; circle_border_color=&#8220;#7EBEC5&#8243; icon_placement=&#8220;top&#8220; animation=&#8220;top&#8220; background_layout=&#8220;dark&#8220; text_orientation=&#8220;center&#8220; use_icon_font_size=&#8220;off&#8220; use_border_color=&#8220;off&#8220; border_color=&#8220;#ffffff&#8220; border_style=&#8220;solid&#8220; body_font_size=&#8220;27&#8243; header_line_height=&#8220;1.3em&#8220;]<\/p>\n<p>1100 km<\/p>\n<p>[\/et_pb_blurb][\/et_pb_column][et_pb_column type=&#8220;1_4&#8243;][et_pb_blurb admin_label=&#8220;Informationstext&#8220; title=&#8220;Max G-Loads&#8220; url=&#8220;http:\/\/www.blackshapeaircraft.info\/prime\/&#8220; url_new_window=&#8220;on&#8220; use_icon=&#8220;on&#8220; font_icon=&#8220;%%371%%&#8220; icon_color=&#8220;#ffffff&#8220; use_circle=&#8220;off&#8220; circle_color=&#8220;#7EBEC5&#8243; use_circle_border=&#8220;off&#8220; circle_border_color=&#8220;#7EBEC5&#8243; icon_placement=&#8220;top&#8220; animation=&#8220;top&#8220; background_layout=&#8220;dark&#8220; text_orientation=&#8220;center&#8220; use_icon_font_size=&#8220;off&#8220; use_border_color=&#8220;off&#8220; border_color=&#8220;#ffffff&#8220; border_style=&#8220;solid&#8220; body_font_size=&#8220;27&#8243; header_line_height=&#8220;1.3em&#8220;]<\/p>\n<p>+4 \/ -2 G<\/p>\n<p>[\/et_pb_blurb][\/et_pb_column][et_pb_column type=&#8220;1_4&#8243;][et_pb_blurb admin_label=&#8220;Informationstext&#8220; title=&#8220;Endurance&#8220; url=&#8220;http:\/\/www.blackshapeaircraft.info\/prime\/&#8220; url_new_window=&#8220;on&#8220; use_icon=&#8220;on&#8220; font_icon=&#8220;%%92%%&#8220; icon_color=&#8220;#ffffff&#8220; use_circle=&#8220;off&#8220; circle_color=&#8220;#7EBEC5&#8243; use_circle_border=&#8220;off&#8220; circle_border_color=&#8220;#7EBEC5&#8243; icon_placement=&#8220;top&#8220; animation=&#8220;top&#8220; background_layout=&#8220;dark&#8220; text_orientation=&#8220;center&#8220; use_icon_font_size=&#8220;off&#8220; use_border_color=&#8220;off&#8220; border_color=&#8220;#ffffff&#8220; border_style=&#8220;solid&#8220; body_font_size=&#8220;27&#8243; header_line_height=&#8220;1.3em&#8220;]<\/p>\n<p>4,5\u00a0Stunden<\/p>\n<p>[\/et_pb_blurb][\/et_pb_column][\/et_pb_row][\/et_pb_section][et_pb_section admin_label=&#8220;Sektion&#8220; fullwidth=&#8220;off&#8220; specialty=&#8220;on&#8220;][et_pb_column type=&#8220;1_2&#8243;][et_pb_divider admin_label=&#8220;Teiler&#8220; color=&#8220;#ffffff&#8220; show_divider=&#8220;off&#8220; height=&#8220;70&#8243; divider_style=&#8220;solid&#8220; divider_position=&#8220;top&#8220; hide_on_mobile=&#8220;on&#8220;] [\/et_pb_divider][et_pb_image admin_label=&#8220;Bild&#8220; src=&#8220;https:\/\/primeaviator.com\/wp-content\/uploads\/2016\/09\/hangar_ph_1.jpg&#8220; show_in_lightbox=&#8220;off&#8220; url_new_window=&#8220;off&#8220; use_overlay=&#8220;off&#8220; animation=&#8220;left&#8220; sticky=&#8220;off&#8220; align=&#8220;left&#8220; force_fullwidth=&#8220;off&#8220; always_center_on_mobile=&#8220;on&#8220; use_border_color=&#8220;off&#8220; border_color=&#8220;#ffffff&#8220; border_style=&#8220;solid&#8220;] [\/et_pb_image][et_pb_image admin_label=&#8220;Bild&#8220; src=&#8220;https:\/\/primeaviator.com\/wp-content\/uploads\/2016\/09\/website_ph_3.jpg&#8220; show_in_lightbox=&#8220;off&#8220; url_new_window=&#8220;off&#8220; use_overlay=&#8220;off&#8220; animation=&#8220;left&#8220; sticky=&#8220;off&#8220; align=&#8220;left&#8220; force_fullwidth=&#8220;off&#8220; always_center_on_mobile=&#8220;on&#8220; use_border_color=&#8220;off&#8220; border_color=&#8220;#ffffff&#8220; border_style=&#8220;solid&#8220;] [\/et_pb_image][\/et_pb_column][et_pb_column type=&#8220;1_2&#8243; specialty_columns=&#8220;2&#8243;][et_pb_row_inner admin_label=&#8220;Zeile&#8220;][et_pb_column_inner type=&#8220;4_4&#8243; saved_specialty_column_type=&#8220;1_2&#8243;][et_pb_text admin_label=&#8220;Text&#8220; background_layout=&#8220;light&#8220; text_orientation=&#8220;left&#8220; use_border_color=&#8220;off&#8220; border_color=&#8220;#ffffff&#8220; border_style=&#8220;solid&#8220; header_line_height=&#8220;1.3em&#8220;]<\/p>\n<h1>Unsere Entscheidung f\u00fcr die Blackshape PRIME<\/h1>\n<p>Unser Anspruch ist es das beste Flugzeug f\u00fcr professionelles Flugtraining und schnelles sowie flexibles Reisen zu nutzen. Zu diesem Zweck wurde eine Peergroup mit vier Flugzeugen aus ganz Europa gebildet. Nach vielen Flugstunden und diversen Werksbesichtigungen fiel die klare Entscheidung zu Gunsten der\u00a0Blackshape PRIME.<\/p>\n<p>Uns \u00fcberzeugen sowohl die\u00a0technischen Details\u00a0der BS100 als auch die Firma und das Team von Blackshape. Wir beurteilen ein Flugzeug nicht nur nach dem Ger\u00e4t an sich, sondern auch nach dem was vor, w\u00e4hrend und nach der Fertigstellung an Service geboten wird. Da wir eine langfristige Nutzung unseres Flugger\u00e4tes anstreben, waren weitere Faktoren wie Ersatzteilversorgung und technische Betreuung f\u00fcr uns besonders relevant.<\/p>\n<p>Die\u00a0Fertigungstechniken\u00a0vom Blackshape \u00fcberzeugen uns in jeder Hinsicht. In Bezug auf Verfahren und Prozessplanung werden Ma\u00dfst\u00e4be gesetzt. Die\u00a0Organisationsstruktur\u00a0und eine stabile und sichere Finanzsituation waren weitere entscheidende Kriterien, die zur finalen Wahl der PRIME als Flugger\u00e4t f\u00fcr uns beigetragen haben.<\/p>\n<p>&nbsp;<\/p>\n<h1>Probeflug und Besichtigung<\/h1>\n<p>Wenn Sie Interesse an einer Blackshape Prime haben, empfehlen wir Ihnen eine Werksbesichtigung vor Ort. Bitte wenden Sie sich dazu vertrauensvoll an\u00a0<a href=\"http:\/\/www.blackshapeaircraft.info\/\">Blackshape<\/a>.<\/p>\n<p>[\/et_pb_text][\/et_pb_column_inner][\/et_pb_row_inner][\/et_pb_column][\/et_pb_section]<\/p>\n","protected":false},"excerpt":{"rendered":"<p>305 km\/h 1100 km +4 \/ -2 G 4,5\u00a0Stunden Unsere Entscheidung f\u00fcr die Blackshape PRIME Unser Anspruch ist es das beste Flugzeug f\u00fcr professionelles Flugtraining und schnelles sowie flexibles Reisen zu nutzen. Zu diesem Zweck wurde eine Peergroup mit vier Flugzeugen aus ganz Europa gebildet. Nach vielen Flugstunden und diversen Werksbesichtigungen fiel die klare Entscheidung [&hellip;]<\/p>\n","protected":false},"author":1,"featured_media":0,"parent":0,"menu_order":0,"comment_status":"closed","ping_status":"closed","template":"","meta":{"_et_pb_use_builder":"on","_et_pb_old_content":"","_et_gb_content_width":"","jetpack_post_was_ever_published":false,"footnotes":""},"class_list":["post-1205","page","type-page","status-publish","hentry"],"jetpack_shortlink":"https:\/\/wp.me\/P9j95s-jr","jetpack_sharing_enabled":true,"_links":{"self":[{"href":"https:\/\/primeaviator.com\/shopping\/wp-json\/wp\/v2\/pages\/1205","targetHints":{"allow":["GET"]}}],"collection":[{"href":"https:\/\/primeaviator.com\/shopping\/wp-json\/wp\/v2\/pages"}],"about":[{"href":"https:\/\/primeaviator.com\/shopping\/wp-json\/wp\/v2\/types\/page"}],"author":[{"embeddable":true,"href":"https:\/\/primeaviator.com\/shopping\/wp-json\/wp\/v2\/users\/1"}],"replies":[{"embeddable":true,"href":"https:\/\/primeaviator.com\/shopping\/wp-json\/wp\/v2\/comments?post=1205"}],"version-history":[{"count":72,"href":"https:\/\/primeaviator.com\/shopping\/wp-json\/wp\/v2\/pages\/1205\/revisions"}],"predecessor-version":[{"id":2522,"href":"https:\/\/primeaviator.com\/shopping\/wp-json\/wp\/v2\/pages\/1205\/revisions\/2522"}],"wp:attachment":[{"href":"https:\/\/primeaviator.com\/shopping\/wp-json\/wp\/v2\/media?parent=1205"}],"curies":[{"name":"wp","href":"https:\/\/api.w.org\/{rel}","templated":true}]}}